{"id":87879,"date":"2025-04-20T05:16:15","date_gmt":"2025-04-20T05:16:15","guid":{"rendered":"https:\/\/caalvise.com\/kontakty\/"},"modified":"2025-10-24T07:54:11","modified_gmt":"2025-10-24T07:54:11","slug":"kontakty","status":"publish","type":"page","link":"https:\/\/caalvise.com\/cs\/kontakty\/","title":{"rendered":"Kontakty"},"content":{"rendered":"<p>[et_pb_section fb_built=&#8220;1&#8243; custom_padding_last_edited=&#8220;on|phone&#8220; _builder_version=&#8220;4.27.4&#8243; _module_preset=&#8220;default&#8220; use_background_color_gradient=&#8220;on&#8220; background_color_gradient_stops=&#8220;rgba(0,0,0,0.31) 0%|rgba(0,0,0,0.28) 100%&#8220; background_color_gradient_overlays_image=&#8220;on&#8220; background_color_gradient_start=&#8220;rgba(0,0,0,0.31)&#8220; background_color_gradient_end=&#8220;rgba(0,0,0,0.28)&#8220; background_image=&#8220;https:\/\/caalvise.com\/wp-content\/uploads\/2025\/04\/hotel-ca-alvise-venezia-69.jpg&#8220; custom_padding=&#8220;31vh||31vh||true|false&#8220; custom_padding_tablet=&#8220;15vh||15vh||true|false&#8220; custom_padding_phone=&#8220;15vh||15vh||true|false&#8220; global_colors_info=&#8220;{}&#8220;][et_pb_row use_custom_gutter=&#8220;on&#8220; gutter_width=&#8220;2&#8243; make_equal=&#8220;on&#8220; _builder_version=&#8220;4.16&#8243; _module_preset=&#8220;default&#8220; width=&#8220;90%&#8220; width_tablet=&#8220;90%&#8220; width_phone=&#8220;90%&#8220; width_last_edited=&#8220;on|tablet&#8220; max_width=&#8220;1170px&#8220; max_width_tablet=&#8220;90%&#8220; max_width_phone=&#8220;90%&#8220; max_width_last_edited=&#8220;on|desktop&#8220; custom_padding=&#8220;0px||12px||false|false&#8220; animation_style=&#8220;slide&#8220; animation_duration=&#8220;1500ms&#8220; global_colors_info=&#8220;{}&#8220;][et_pb_column type=&#8220;4_4&#8243; _builder_version=&#8220;4.16&#8243; _module_preset=&#8220;default&#8220; global_colors_info=&#8220;{}&#8220;][et_pb_text _builder_version=&#8220;4.27.4&#8243; _module_preset=&#8220;default&#8220; header_font=&#8220;Playfair Display|||on|||||&#8220; header_text_align=&#8220;center&#8220; header_text_color=&#8220;#ffffff&#8220; header_font_size=&#8220;80px&#8220; header_letter_spacing=&#8220;1px&#8220; header_font_size_tablet=&#8220;&#8220; header_font_size_phone=&#8220;40px&#8220; header_font_size_last_edited=&#8220;on|phone&#8220; header_line_height_tablet=&#8220;&#8220; header_line_height_phone=&#8220;1.2em&#8220; header_line_height_last_edited=&#8220;on|phone&#8220; global_colors_info=&#8220;{}&#8220;]<\/p>\n<h1>Hotel Ca&#8216; Alvise<\/h1>\n<p>[\/et_pb_text][et_pb_text _builder_version=&#8220;4.27.4&#8243; _module_preset=&#8220;default&#8220; text_font=&#8220;Playfair Display|||on|||||&#8220; text_text_color=&#8220;#ffffff&#8220; text_font_size=&#8220;24px&#8220; text_letter_spacing=&#8220;5px&#8220; text_line_height=&#8220;1em&#8220; text_orientation=&#8220;center&#8220; custom_margin=&#8220;-5px||||false|false&#8220; custom_margin_tablet=&#8220;-15px||||false|false&#8220; custom_margin_phone=&#8220;-15px||||false|false&#8220; custom_margin_last_edited=&#8220;on|phone&#8220; text_font_size_tablet=&#8220;&#8220; text_font_size_phone=&#8220;20px&#8220; text_font_size_last_edited=&#8220;on|phone&#8220; text_line_height_tablet=&#8220;&#8220; text_line_height_phone=&#8220;1.2em&#8220; text_line_height_last_edited=&#8220;on|phone&#8220; global_colors_info=&#8220;{}&#8220;]<\/p>\n<p>\u010cty\u0159hv\u011bzdi\u010dkov\u00fd hotel v Ben\u00e1tk\u00e1ch<\/p>\n<p>[\/et_pb_text][et_pb_divider color=&#8220;#ffffff&#8220; _builder_version=&#8220;4.16&#8243; _module_preset=&#8220;default&#8220; max_width=&#8220;180px&#8220; module_alignment=&#8220;center&#8220; custom_margin=&#8220;25px||||false|false&#8220; global_colors_info=&#8220;{}&#8220;][\/et_pb_divider][et_pb_text _builder_version=&#8220;4.27.4&#8243; _module_preset=&#8220;default&#8220; text_font=&#8220;Be Vietnam||||||||&#8220; text_text_color=&#8220;#ffffff&#8220; text_font_size=&#8220;20px&#8220; text_line_height=&#8220;1.8em&#8220; text_orientation=&#8220;center&#8220; max_width=&#8220;753px&#8220; module_alignment=&#8220;center&#8220; custom_margin=&#8220;-5px||||false|false&#8220; text_font_size_tablet=&#8220;&#8220; text_font_size_phone=&#8220;16px&#8220; text_font_size_last_edited=&#8220;on|phone&#8220; global_colors_info=&#8220;{}&#8220;]<\/p>\n<p>Nach\u00e1z\u00ed se v centru Ben\u00e1tek<\/p>\n<p>[\/et_pb_text][et_pb_button button_url=&#8220;https:\/\/reservation.caalvise.com\/book\/home\/index?layout=13311&amp;lang=en\u00a4cy=EUR&amp;nsid=5d410b1e-73be-4ac0-9ba3-2d531770ca77&amp;_gl=1*1523r31*_ga*MTkyMjQwNDg3LjE3Mzc5Nzc3MTA.*_ga_N4T2YZDXYF*MTc0NjM0OTQ2MS4yMC4xLjE3NDYzNDk1ODUuMC4wLjA.&#8220; url_new_window=&#8220;on&#8220; button_text=&#8220;Rezervovat&#8220; button_alignment=&#8220;center&#8220; _builder_version=&#8220;4.27.4&#8243; _module_preset=&#8220;default&#8220; custom_button=&#8220;on&#8220; button_text_size=&#8220;16px&#8220; button_text_color=&#8220;#ffffff&#8220; button_bg_color=&#8220;#3165d9&#8243; button_border_width=&#8220;0px&#8220; button_border_color=&#8220;#3165d9&#8243; button_border_radius=&#8220;0px&#8220; button_letter_spacing=&#8220;1px&#8220; button_font=&#8220;Oswald||||||||&#8220; button_use_icon=&#8220;off&#8220; custom_margin=&#8220;40px||||false|false&#8220; custom_padding=&#8220;15px|50px|15px|50px|true|true&#8220; global_colors_info=&#8220;{}&#8220; button_text_color__hover_enabled=&#8220;on|hover&#8220; button_text_color__hover=&#8220;#000000&#8243; button_bg_color__hover_enabled=&#8220;on|hover&#8220; button_bg_color__hover=&#8220;#ffffff&#8220; button_bg_enable_color__hover=&#8220;on&#8220; button_border_color__hover_enabled=&#8220;on|hover&#8220; button_border_color__hover=&#8220;#ffffff&#8220; button_letter_spacing__hover_enabled=&#8220;on|desktop&#8220; button_letter_spacing__hover=&#8220;1px&#8220;][\/et_pb_button][\/et_pb_column][\/et_pb_row][\/et_pb_section][et_pb_section fb_built=&#8220;1&#8243; _builder_version=&#8220;4.16&#8243; _module_preset=&#8220;default&#8220; custom_padding=&#8220;180px||0px||false|false&#8220; global_colors_info=&#8220;{}&#8220;][et_pb_row use_custom_gutter=&#8220;on&#8220; gutter_width=&#8220;2&#8243; make_equal=&#8220;on&#8220; _builder_version=&#8220;4.16&#8243; _module_preset=&#8220;default&#8220; width=&#8220;90%&#8220; width_tablet=&#8220;90%&#8220; width_phone=&#8220;90%&#8220; width_last_edited=&#8220;on|tablet&#8220; max_width=&#8220;1170px&#8220; max_width_tablet=&#8220;90%&#8220; max_width_phone=&#8220;90%&#8220; max_width_last_edited=&#8220;on|desktop&#8220; custom_padding=&#8220;0px||0px||true|&#8220; animation_style=&#8220;fade&#8220; animation_delay=&#8220;500ms&#8220; global_colors_info=&#8220;{}&#8220;][et_pb_column type=&#8220;4_4&#8243; _builder_version=&#8220;4.16&#8243; _module_preset=&#8220;default&#8220; global_colors_info=&#8220;{}&#8220;][et_pb_text _builder_version=&#8220;4.27.4&#8243; _module_preset=&#8220;default&#8220; header_3_font=&#8220;Playfair Display||||||||&#8220; header_3_text_align=&#8220;center&#8220; header_3_text_color=&#8220;#191919&#8243; header_3_font_size=&#8220;50px&#8220; header_3_line_height=&#8220;1.3em&#8220; max_width=&#8220;900px&#8220; module_alignment=&#8220;center&#8220; custom_margin_tablet=&#8220;-10px||||false|false&#8220; custom_margin_phone=&#8220;-10px||||false|false&#8220; custom_margin_last_edited=&#8220;on|phone&#8220; header_3_font_size_tablet=&#8220;&#8220; header_3_font_size_phone=&#8220;35px&#8220; header_3_font_size_last_edited=&#8220;on|phone&#8220; global_colors_info=&#8220;{}&#8220;]<\/p>\n<h3>Hotel Ca&#8216; Alvise \u2013 Centr\u00e1ln\u00ed poloha v Ben\u00e1tk\u00e1ch<\/h3>\n<p>[\/et_pb_text][et_pb_text _builder_version=&#8220;4.27.4&#8243; _module_preset=&#8220;default&#8220; text_font=&#8220;|300|||||||&#8220; text_text_color=&#8220;#666666&#8243; text_orientation=&#8220;center&#8220; max_width=&#8220;1000px&#8220; module_alignment=&#8220;center&#8220; custom_margin=&#8220;-5px||||false|false&#8220; custom_margin_tablet=&#8220;-15px||||false|false&#8220; custom_margin_phone=&#8220;-15px||||false|false&#8220; custom_margin_last_edited=&#8220;on|phone&#8220; global_colors_info=&#8220;{}&#8220;]<\/p>\n<h1>Kontaktujte hotel Ca&#8216; Alvise<\/h1>\n<p style=\"text-align: left;\"><strong>Hotel Ca\u2019 Alvise <\/strong>se nach\u00e1z\u00ed v samotn\u00e9m srdci Ben\u00e1tek, pouh\u00fdch 20 metr\u016f od slavn\u00e9ho <a href=\"https:\/\/en.wikipedia.org\/wiki\/Teatro_La_Fenice\" target=\"_blank\" rel=\"noopener\"><strong>divadla La Fenice<\/strong><\/a> a jen 200 metr\u016f od <a href=\"https:\/\/www.hotelsinvenice.com\/san-marco\/?lang=en\" target=\"_blank\" rel=\"noopener\"><strong>n\u00e1m\u011bst\u00ed svat\u00e9ho Marka<\/strong><\/a>. Kr\u00e1tk\u00e1 proch\u00e1zka okouzluj\u00edc\u00edmi ben\u00e1tsk\u00fdmi uli\u010dkami v\u00e1s zavede k n\u00e1dhern\u00e9mu <a href=\"https:\/\/www.venetianquest.com\/grand-canal-venice\/\" target=\"_blank\" rel=\"noopener\"><strong>Canalu Grande<\/strong><\/a>. Mnoh\u00e9 vodn\u00ed autobusy (vaporetto), kter\u00e9 jezd\u00ed pod\u00e9l kan\u00e1lu, umo\u017e\u0148uj\u00ed snadn\u00fd p\u0159\u00edstup na vlakov\u00e9 n\u00e1dra\u017e\u00ed, do dal\u0161\u00edch \u010d\u00e1st\u00ed Ben\u00e1tek i na okoln\u00ed ostrovy.  <\/p>\n<p style=\"text-align: left;\">Just steps from <a href=\"https:\/\/www.hotelsinvenice.com\/san-marco\/?lang=en\" target=\"_blank\" rel=\"noopener\"><strong>St. Mark\u2019s Square<\/strong><\/a> and 50 meters from <a href=\"https:\/\/en.wikipedia.org\/wiki\/Teatro_La_Fenice\" target=\"_blank\" rel=\"noopener\"><strong>Teatro La Fenice<\/strong><\/a>, Hotel Ca\u2019 Alvise ensures a peaceful and relaxing stay in a delightful area of Venice. Experience the city\u2019s historic ambiance while surrounded by traditional inns and typical Venetian restaurants. Exploring Venice from this central location will allow you to discover its secrets and hidden corners.  <\/p>\n<p style=\"text-align: left;\">Jen p\u00e1r krok\u016f po nejzn\u00e1m\u011bj\u0161\u00ed ben\u00e1tsk\u00e9 promen\u00e1d\u011b v\u00e1s zavede k ikonick\u00fdm pam\u00e1tk\u00e1m, jako jsou <a href=\"https:\/\/www.basilicasanmarco.it\/?lang=en\" target=\"_blank\" rel=\"noopener\"><strong>bazilika svat\u00e9ho Marka<\/strong><\/a>, <a href=\"https:\/\/www.hotelsinvenice.com\/san-marco\/?lang=en\" target=\"_blank\" rel=\"noopener\"><strong>D\u00f3\u017eec\u00ed pal\u00e1c<\/strong><\/a>, <a href=\"https:\/\/www.hotelsinvenice.com\/san-marco\/\" target=\"_blank\" rel=\"noopener\"><strong>most Rialto<\/strong><\/a>, mistrovsk\u00e1 d\u00edla v <a href=\"https:\/\/www.chiesasanzaccaria.org\/\" target=\"_blank\" rel=\"noopener\"><strong>kostele San Zaccaria<\/strong><\/a> nebo slavn\u00e1 galerie <a href=\"https:\/\/www.gallerieaccademia.it\/en\" target=\"_blank\" rel=\"noopener\"><strong>Gallerie dell\u2019Accademia.<\/strong><\/a><\/p>\n<h2 style=\"text-align: left;\">Jak se k n\u00e1m dostat<\/h2>\n<h3 style=\"text-align: left;\">Letecky:<\/h3>\n<p style=\"text-align: left;\"><strong>Z leti\u0161t\u011b Ben\u00e1tky \u201eMarco Polo\u201c (13 km):<\/strong><\/p>\n<ul style=\"text-align: left;\">\n<li><strong>Po vod\u011b<\/strong>: Vezm\u011bte leti\u0161tn\u00ed kyvadlov\u00fd autobus k molu, odkud m\u016f\u017eete nastoupit na soukrom\u00e9 <a href=\"https:\/\/www.hotelsinvenice.com\/venice\/?lang=en\" target=\"_blank\" rel=\"noopener\"><strong>vodn\u00ed taxi<\/strong><\/a> p\u0159\u00edmo k hotelu (cca 40 minut), nebo na lo\u010f Alilaguna sm\u011brem na San Marco.<\/li>\n<li><strong>Po zemi<\/strong>: Vezm\u011bte kyvadlov\u00fd autobus ATVO do Ben\u00e1tek \u2013 Piazzale Roma, pot\u00e9 pokra\u010dujte soukrom\u00fdm vodn\u00edm taxi, kter\u00e9 v\u00e1s za 15 minut doprav\u00ed p\u0159\u00edmo k hotelu, nebo vyu\u017eijte ve\u0159ejn\u00e9 vodn\u00ed autobusy linek 1 a 2, kter\u00e9 doraz\u00ed na San Marco za 15 minut. Odtud je to p\u0159ibli\u017en\u011b 15 minut p\u011b\u0161ky k hotelu. <\/li>\n<\/ul>\n<p style=\"text-align: left;\"><strong>Z leti\u0161t\u011b Treviso \u201eAntonio Canova\u201c (30 km):<\/strong><\/p>\n<ul style=\"text-align: left;\">\n<li>Vezm\u011bte kyvadlov\u00fd autobus ATVO Eurobus do Ben\u00e1tek \u2013 Piazzale Roma, pot\u00e9 pokra\u010dujte soukrom\u00fdm <a href=\"https:\/\/www.hotelsinvenice.com\/venice\/?lang=en\" target=\"_blank\" rel=\"noopener\"><strong>vodn\u00edm taxi<\/strong><\/a>, kter\u00e9 v\u00e1s za 15 minut doveze p\u0159\u00edmo k hotelu, nebo ve\u0159ejn\u00fdmi vodn\u00edmi autobusy (linky 1 a 2), kter\u00e9 za 15 minut doraz\u00ed na zast\u00e1vku San Marco Calle Vallaresso. Odtud je to p\u0159ibli\u017en\u011b 15 minut p\u011b\u0161ky k hotelu. <\/li>\n<\/ul>\n<h3 style=\"text-align: left;\">Vlakem:<\/h3>\n<ul style=\"text-align: left;\">\n<li>Z n\u00e1b\u0159e\u017e\u00ed p\u0159ed vlakov\u00fdm n\u00e1dra\u017e\u00edm <a href=\"https:\/\/www.trenitalia.com\/en.html\" target=\"_blank\" rel=\"noopener\"><strong>Venezia Santa Lucia<\/strong><\/a> jsou k dispozici jak soukrom\u00e1 <a href=\"https:\/\/www.hotelsinvenice.com\/venice\/?lang=en\" target=\"_blank\" rel=\"noopener\"><strong>vodn\u00ed taxi<\/strong><\/a>, kter\u00e1 doraz\u00ed p\u0159\u00edmo p\u0159ed hotel Ca\u2019 Alvise za 15 minut, tak ve\u0159ejn\u00e9 vodn\u00ed autobusy linek 1 a 2, kter\u00e9 za 15 minut dojedou na zast\u00e1vku San Marco Calle Vallaresso. Odtud je to p\u0159ibli\u017en\u011b 15 minut p\u011b\u0161ky k hotelu. <\/li>\n<\/ul>\n<h3 style=\"text-align: left;\">Autem:<\/h3>\n<ul style=\"text-align: left;\">\n<li>Sledujte ukazatele sm\u011brem na Ben\u00e1tky. Zaparkujte sv\u00e9 auto na parkovi\u0161ti Tronchetto (vpravo po p\u0159ejezdu dlouh\u00e9ho mostu spojuj\u00edc\u00edho Ben\u00e1tky s pevninou) nebo na Piazzale Roma, co\u017e je kone\u010dn\u00e1 stanice pro automobily. Pot\u00e9 m\u016f\u017eete vyu\u017e\u00edt soukrom\u00e9 <g id=\"gid_0\">vodn\u00ed taxi,<\/g> kter\u00e9 v\u00e1s za p\u0159ibli\u017en\u011b 20 minut doveze p\u0159\u00edmo k hotelu, nebo pou\u017e\u00edt ve\u0159ejn\u00e9 vodn\u00ed autobusy linek 1 a 2 sm\u011br San Marco Calle Vallaresso. Vystupte po 15\u201320 minut\u00e1ch na zast\u00e1vce San Marco Calle Vallaresso a pot\u00e9 pokra\u010dujte p\u011b\u0161ky asi 10 minut a\u017e k hotelu.   <\/li>\n<\/ul>\n<h3 style=\"text-align: left;\">Dopl\u0148uj\u00edc\u00ed informace<\/h3>\n<p style=\"text-align: left;\">Nach\u00e1z\u00edme se v centru Ben\u00e1tek, pouh\u00fdch 200 metr\u016f od <strong>n\u00e1m\u011bst\u00ed svat\u00e9ho Marka<\/strong>. Taxi v\u00e1s m\u016f\u017ee dopravit p\u0159\u00edmo k hotelu. Pro va\u0161e pohodl\u00ed je k dispozici <a href=\"https:\/\/www.hotelsinvenice.com\/san-marco\/?lang=en\" target=\"_blank\" rel=\"noopener\"><strong>bezplatn\u00e1 \u00faschovna zavazadel<\/strong><\/a>.  <\/p>\n<p>&nbsp;<\/p>\n<p>[\/et_pb_text][\/et_pb_column][\/et_pb_row][\/et_pb_section][et_pb_section fb_built=&#8220;1&#8243; fullwidth=&#8220;on&#8220; _builder_version=&#8220;4.27.4&#8243; _module_preset=&#8220;default&#8220; global_colors_info=&#8220;{}&#8220;][et_pb_fullwidth_map address=&#8220;Calle de la Verona, 3673, 30124 Venezia VE, Italia&#8220; address_lat=&#8220;45.4344997&#8243; address_lng=&#8220;12.3334278&#8243; _builder_version=&#8220;4.27.4&#8243; _module_preset=&#8220;default&#8220; global_colors_info=&#8220;{}&#8220;][et_pb_map_pin _builder_version=&#8220;4.27.4&#8243; _module_preset=&#8220;default&#8220; global_colors_info=&#8220;{}&#8220;][\/et_pb_map_pin][et_pb_map_pin pin_address=&#8220;Calle de la Verona, 3673, 30124 Venezia VE, Italia&#8220; pin_address_lat=&#8220;45.4344282&#8243; pin_address_lng=&#8220;12.3334455&#8243; _builder_version=&#8220;4.27.4&#8243; _module_preset=&#8220;default&#8220; global_colors_info=&#8220;{}&#8220;][\/et_pb_map_pin][\/et_pb_fullwidth_map][\/et_pb_section][et_pb_section fb_built=&#8220;1&#8243; _builder_version=&#8220;4.16&#8243; _module_preset=&#8220;default&#8220; background_color=&#8220;#191919&#8243; custom_padding=&#8220;60px||60px||true|false&#8220; animation_style=&#8220;slide&#8220; animation_direction=&#8220;bottom&#8220; animation_duration=&#8220;1500ms&#8220; animation_delay=&#8220;500ms&#8220; global_colors_info=&#8220;{}&#8220;][et_pb_row column_structure=&#8220;2_3,1_3&#8243; use_custom_gutter=&#8220;on&#8220; gutter_width=&#8220;2&#8243; make_equal=&#8220;on&#8220; _builder_version=&#8220;4.16&#8243; _module_preset=&#8220;default&#8220; width=&#8220;90%&#8220; width_tablet=&#8220;90%&#8220; width_phone=&#8220;90%&#8220; width_last_edited=&#8220;on|tablet&#8220; max_width=&#8220;1170px&#8220; max_width_tablet=&#8220;90%&#8220; max_width_phone=&#8220;90%&#8220; max_width_last_edited=&#8220;on|desktop&#8220; custom_padding=&#8220;0px||3px||false|false&#8220; global_colors_info=&#8220;{}&#8220;][et_pb_column type=&#8220;2_3&#8243; _builder_version=&#8220;4.16&#8243; _module_preset=&#8220;default&#8220; global_colors_info=&#8220;{}&#8220;][et_pb_text _builder_version=&#8220;4.27.4&#8243; _module_preset=&#8220;default&#8220; text_font=&#8220;Playfair Display||||||||&#8220; text_text_color=&#8220;#ffffff&#8220; text_font_size=&#8220;35px&#8220; text_line_height=&#8220;1.4em&#8220; max_width=&#8220;482px&#8220; module_alignment=&#8220;left&#8220; link_option_url=&#8220;https:\/\/reservation.caalvise.com\/book\/home\/index?layout=13311&amp;lang=en\u00a4cy=EUR&amp;nsid=5d410b1e-73be-4ac0-9ba3-2d531770ca77&#8243; link_option_url_new_window=&#8220;on&#8220; global_colors_info=&#8220;{}&#8220;]<\/p>\n<p>Hotel Ca&#8216; Alvise<\/p>\n<p>[\/et_pb_text][\/et_pb_column][et_pb_column type=&#8220;1_3&#8243; _builder_version=&#8220;4.16&#8243; _module_preset=&#8220;default&#8220; global_colors_info=&#8220;{}&#8220;][et_pb_button button_text=&#8220;Rezervovat&#8220; button_alignment=&#8220;right&#8220; _builder_version=&#8220;4.27.4&#8243; _module_preset=&#8220;default&#8220; custom_button=&#8220;on&#8220; button_text_size=&#8220;16px&#8220; button_text_color=&#8220;#ffffff&#8220; button_bg_color=&#8220;rgba(0,0,0,0)&#8220; button_border_width=&#8220;2px&#8220; button_border_color=&#8220;#ffffff&#8220; button_border_radius=&#8220;0px&#8220; button_letter_spacing=&#8220;1px&#8220; button_font=&#8220;Oswald||||||||&#8220; button_use_icon=&#8220;off&#8220; custom_margin=&#8220;20px||||false|false&#8220; custom_padding=&#8220;15px|50px|15px|50px|true|true&#8220; global_colors_info=&#8220;{}&#8220; button_text_color__hover_enabled=&#8220;on|hover&#8220; button_text_color__hover=&#8220;#ffffff&#8220; button_bg_color__hover_enabled=&#8220;on|desktop&#8220; button_bg_color__hover=&#8220;#3165d9&#8243; button_bg_enable_color__hover=&#8220;on&#8220; button_border_color__hover_enabled=&#8220;on|desktop&#8220; button_border_color__hover=&#8220;#3165d9&#8243; button_letter_spacing__hover_enabled=&#8220;on|hover&#8220; button_letter_spacing__hover=&#8220;1px&#8220;][\/et_pb_button][\/et_pb_column][\/et_pb_row][\/et_pb_section]<\/p>\n","protected":false},"excerpt":{"rendered":"<p>Hotel Ca&#8216; Alvise\u010cty\u0159hv\u011bzdi\u010dkov\u00fd hotel v Ben\u00e1tk\u00e1chNach\u00e1z\u00ed se v centru Ben\u00e1tekHotel Ca&#8216; Alvise \u2013 Centr\u00e1ln\u00ed poloha v Ben\u00e1tk\u00e1chKontaktujte hotel Ca&#8216; Alvise Hotel Ca\u2019 Alvise se nach\u00e1z\u00ed v samotn\u00e9m srdci Ben\u00e1tek, pouh\u00fdch 20 metr\u016f od slavn\u00e9ho divadla La Fenice a jen 200 metr\u016f od n\u00e1m\u011bst\u00ed svat\u00e9ho Marka. Kr\u00e1tk\u00e1 proch\u00e1zka okouzluj\u00edc\u00edmi ben\u00e1tsk\u00fdmi uli\u010dkami v\u00e1s zavede k n\u00e1dhern\u00e9mu Canalu [&hellip;]<\/p>\n","protected":false},"author":1,"featured_media":0,"parent":0,"menu_order":0,"comment_status":"closed","ping_status":"closed","template":"","meta":{"_et_pb_use_builder":"on","_et_pb_old_content":"","_et_gb_content_width":"","footnotes":""},"class_list":["post-87879","page","type-page","status-publish","hentry"],"_links":{"self":[{"href":"https:\/\/caalvise.com\/cs\/wp-json\/wp\/v2\/pages\/87879","targetHints":{"allow":["GET"]}}],"collection":[{"href":"https:\/\/caalvise.com\/cs\/wp-json\/wp\/v2\/pages"}],"about":[{"href":"https:\/\/caalvise.com\/cs\/wp-json\/wp\/v2\/types\/page"}],"author":[{"embeddable":true,"href":"https:\/\/caalvise.com\/cs\/wp-json\/wp\/v2\/users\/1"}],"replies":[{"embeddable":true,"href":"https:\/\/caalvise.com\/cs\/wp-json\/wp\/v2\/comments?post=87879"}],"version-history":[{"count":11,"href":"https:\/\/caalvise.com\/cs\/wp-json\/wp\/v2\/pages\/87879\/revisions"}],"predecessor-version":[{"id":88564,"href":"https:\/\/caalvise.com\/cs\/wp-json\/wp\/v2\/pages\/87879\/revisions\/88564"}],"wp:attachment":[{"href":"https:\/\/caalvise.com\/cs\/wp-json\/wp\/v2\/media?parent=87879"}],"curies":[{"name":"wp","href":"https:\/\/api.w.org\/{rel}","templated":true}]}}