{"id":87840,"date":"2025-04-20T05:16:15","date_gmt":"2025-04-20T05:16:15","guid":{"rendered":"https:\/\/caalvise.com\/kontakte\/"},"modified":"2025-10-24T07:58:42","modified_gmt":"2025-10-24T07:58:42","slug":"kontakte","status":"publish","type":"page","link":"https:\/\/caalvise.com\/de\/kontakte\/","title":{"rendered":"Kontakte"},"content":{"rendered":"<p>[et_pb_section fb_built=&#8220;1&#8243; custom_padding_last_edited=&#8220;on|phone&#8220; _builder_version=&#8220;4.27.4&#8243; _module_preset=&#8220;default&#8220; use_background_color_gradient=&#8220;on&#8220; background_color_gradient_stops=&#8220;rgba(0,0,0,0.31) 0%|rgba(0,0,0,0.28) 100%&#8220; background_color_gradient_overlays_image=&#8220;on&#8220; background_color_gradient_start=&#8220;rgba(0,0,0,0.31)&#8220; background_color_gradient_end=&#8220;rgba(0,0,0,0.28)&#8220; background_image=&#8220;https:\/\/caalvise.com\/wp-content\/uploads\/2025\/04\/hotel-ca-alvise-venezia-69.jpg&#8220; custom_padding=&#8220;31vh||31vh||true|false&#8220; custom_padding_tablet=&#8220;15vh||15vh||true|false&#8220; custom_padding_phone=&#8220;15vh||15vh||true|false&#8220; global_colors_info=&#8220;{}&#8220;][et_pb_row use_custom_gutter=&#8220;on&#8220; gutter_width=&#8220;2&#8243; make_equal=&#8220;on&#8220; _builder_version=&#8220;4.16&#8243; _module_preset=&#8220;default&#8220; width=&#8220;90%&#8220; width_tablet=&#8220;90%&#8220; width_phone=&#8220;90%&#8220; width_last_edited=&#8220;on|tablet&#8220; max_width=&#8220;1170px&#8220; max_width_tablet=&#8220;90%&#8220; max_width_phone=&#8220;90%&#8220; max_width_last_edited=&#8220;on|desktop&#8220; custom_padding=&#8220;0px||12px||false|false&#8220; animation_style=&#8220;slide&#8220; animation_duration=&#8220;1500ms&#8220; global_colors_info=&#8220;{}&#8220;][et_pb_column type=&#8220;4_4&#8243; _builder_version=&#8220;4.16&#8243; _module_preset=&#8220;default&#8220; global_colors_info=&#8220;{}&#8220;][et_pb_text _builder_version=&#8220;4.27.4&#8243; _module_preset=&#8220;default&#8220; header_font=&#8220;Playfair Display|||on|||||&#8220; header_text_align=&#8220;center&#8220; header_text_color=&#8220;#ffffff&#8220; header_font_size=&#8220;80px&#8220; header_letter_spacing=&#8220;1px&#8220; header_font_size_tablet=&#8220;&#8220; header_font_size_phone=&#8220;40px&#8220; header_font_size_last_edited=&#8220;on|phone&#8220; header_line_height_tablet=&#8220;&#8220; header_line_height_phone=&#8220;1.2em&#8220; header_line_height_last_edited=&#8220;on|phone&#8220; global_colors_info=&#8220;{}&#8220;]<\/p>\n<h1>Hotel Ca&#8216; Alvise<\/h1>\n<p>[\/et_pb_text][et_pb_text _builder_version=&#8220;4.27.4&#8243; _module_preset=&#8220;default&#8220; text_font=&#8220;Playfair Display|||on|||||&#8220; text_text_color=&#8220;#ffffff&#8220; text_font_size=&#8220;24px&#8220; text_letter_spacing=&#8220;5px&#8220; text_line_height=&#8220;1em&#8220; text_orientation=&#8220;center&#8220; custom_margin=&#8220;-5px||||false|false&#8220; custom_margin_tablet=&#8220;-15px||||false|false&#8220; custom_margin_phone=&#8220;-15px||||false|false&#8220; custom_margin_last_edited=&#8220;on|phone&#8220; text_font_size_tablet=&#8220;&#8220; text_font_size_phone=&#8220;20px&#8220; text_font_size_last_edited=&#8220;on|phone&#8220; text_line_height_tablet=&#8220;&#8220; text_line_height_phone=&#8220;1.2em&#8220; text_line_height_last_edited=&#8220;on|phone&#8220; global_colors_info=&#8220;{}&#8220;]<\/p>\n<p>4-Sterne-Hotel in Venedig<\/p>\n<p>[\/et_pb_text][et_pb_divider color=&#8220;#ffffff&#8220; _builder_version=&#8220;4.16&#8243; _module_preset=&#8220;default&#8220; max_width=&#8220;180px&#8220; module_alignment=&#8220;center&#8220; custom_margin=&#8220;25px||||false|false&#8220; global_colors_info=&#8220;{}&#8220;][\/et_pb_divider][et_pb_text _builder_version=&#8220;4.27.4&#8243; _module_preset=&#8220;default&#8220; text_font=&#8220;Be Vietnam||||||||&#8220; text_text_color=&#8220;#ffffff&#8220; text_font_size=&#8220;20px&#8220; text_line_height=&#8220;1.8em&#8220; text_orientation=&#8220;center&#8220; max_width=&#8220;753px&#8220; module_alignment=&#8220;center&#8220; custom_margin=&#8220;-5px||||false|false&#8220; text_font_size_tablet=&#8220;&#8220; text_font_size_phone=&#8220;16px&#8220; text_font_size_last_edited=&#8220;on|phone&#8220; global_colors_info=&#8220;{}&#8220;]<\/p>\n<p>Im Zentrum von Venedig gelegen<\/p>\n<p>[\/et_pb_text][et_pb_button button_url=&#8220;https:\/\/reservation.caalvise.com\/book\/home\/index?layout=13311&#038;lang=en\u00a4cy=EUR&#038;nsid=5d410b1e-73be-4ac0-9ba3-2d531770ca77&#038;_gl=1*1523r31*_ga*MTkyMjQwNDg3LjE3Mzc5Nzc3MTA.*_ga_N4T2YZDXYF*MTc0NjM0OTQ2MS4yMC4xLjE3NDYzNDk1ODUuMC4wLjA.&#8220; url_new_window=&#8220;on&#8220; button_text=&#8220;Booking&#8220; button_alignment=&#8220;center&#8220; _builder_version=&#8220;4.27.4&#8243; _module_preset=&#8220;default&#8220; custom_button=&#8220;on&#8220; button_text_size=&#8220;16px&#8220; button_text_color=&#8220;#ffffff&#8220; button_bg_color=&#8220;#3165d9&#8243; button_border_width=&#8220;0px&#8220; button_border_color=&#8220;#3165d9&#8243; button_border_radius=&#8220;0px&#8220; button_letter_spacing=&#8220;1px&#8220; button_font=&#8220;Oswald||||||||&#8220; button_use_icon=&#8220;off&#8220; custom_margin=&#8220;40px||||false|false&#8220; custom_padding=&#8220;15px|50px|15px|50px|true|true&#8220; global_colors_info=&#8220;{}&#8220; button_text_color__hover_enabled=&#8220;on|hover&#8220; button_text_color__hover=&#8220;#000000&#8243; button_bg_color__hover_enabled=&#8220;on|hover&#8220; button_bg_color__hover=&#8220;#ffffff&#8220; button_bg_enable_color__hover=&#8220;on&#8220; button_border_color__hover_enabled=&#8220;on|hover&#8220; button_border_color__hover=&#8220;#ffffff&#8220; button_letter_spacing__hover_enabled=&#8220;on|desktop&#8220; button_letter_spacing__hover=&#8220;1px&#8220;][\/et_pb_button][\/et_pb_column][\/et_pb_row][\/et_pb_section][et_pb_section fb_built=&#8220;1&#8243; _builder_version=&#8220;4.16&#8243; _module_preset=&#8220;default&#8220; custom_padding=&#8220;180px||0px||false|false&#8220; global_colors_info=&#8220;{}&#8220;][et_pb_row use_custom_gutter=&#8220;on&#8220; gutter_width=&#8220;2&#8243; make_equal=&#8220;on&#8220; _builder_version=&#8220;4.16&#8243; _module_preset=&#8220;default&#8220; width=&#8220;90%&#8220; width_tablet=&#8220;90%&#8220; width_phone=&#8220;90%&#8220; width_last_edited=&#8220;on|tablet&#8220; max_width=&#8220;1170px&#8220; max_width_tablet=&#8220;90%&#8220; max_width_phone=&#8220;90%&#8220; max_width_last_edited=&#8220;on|desktop&#8220; custom_padding=&#8220;0px||0px||true|&#8220; animation_style=&#8220;fade&#8220; animation_delay=&#8220;500ms&#8220; global_colors_info=&#8220;{}&#8220;][et_pb_column type=&#8220;4_4&#8243; _builder_version=&#8220;4.16&#8243; _module_preset=&#8220;default&#8220; global_colors_info=&#8220;{}&#8220;][et_pb_text _builder_version=&#8220;4.27.4&#8243; _module_preset=&#8220;default&#8220; header_3_font=&#8220;Playfair Display||||||||&#8220; header_3_text_align=&#8220;center&#8220; header_3_text_color=&#8220;#191919&#8243; header_3_font_size=&#8220;50px&#8220; header_3_line_height=&#8220;1.3em&#8220; max_width=&#8220;900px&#8220; module_alignment=&#8220;center&#8220; custom_margin_tablet=&#8220;-10px||||false|false&#8220; custom_margin_phone=&#8220;-10px||||false|false&#8220; custom_margin_last_edited=&#8220;on|phone&#8220; header_3_font_size_tablet=&#8220;&#8220; header_3_font_size_phone=&#8220;35px&#8220; header_3_font_size_last_edited=&#8220;on|phone&#8220; global_colors_info=&#8220;{}&#8220;]<\/p>\n<h3>Hotel Ca&#8216; Alvise \u2013 Zentrale Lage in Venedig<\/h3>\n<p>[\/et_pb_text][et_pb_text _builder_version=&#8220;4.27.4&#8243; _module_preset=&#8220;default&#8220; text_font=&#8220;|300|||||||&#8220; text_text_color=&#8220;#666666&#8243; text_orientation=&#8220;center&#8220; max_width=&#8220;1000px&#8220; module_alignment=&#8220;center&#8220; custom_margin=&#8220;-5px||||false|false&#8220; custom_margin_tablet=&#8220;-15px||||false|false&#8220; custom_margin_phone=&#8220;-15px||||false|false&#8220; custom_margin_last_edited=&#8220;on|phone&#8220; global_colors_info=&#8220;{}&#8220;]<\/p>\n<h1>Kontaktieren Sie das Hotel Ca&#8216; Alvise<\/h1>\n<p style=\"text-align: left;\">Im Herzen Venedigs gelegen, nur 20 Meter vom ber\u00fchmten <a href=\"https:\/\/en.wikipedia.org\/wiki\/Teatro_La_Fenice\" target=\"_blank\" rel=\"noopener\"><strong>Teatro La Fenice<\/strong><\/a> entfernt, befindet sich das <strong>Hotel Ca\u2019 Alvise <\/strong>nur 200 Meter vom <a href=\"https:\/\/www.hotelsinvenice.com\/san-marco\/?lang=en\" target=\"_blank\" rel=\"noopener\"><strong>Markusplatz<\/strong><\/a>. Ein kurzer Spaziergang durch die malerischen Gassen Venedigs f\u00fchrt Sie zum wundersch\u00f6nen <a href=\"https:\/\/www.venetianquest.com\/grand-canal-venice\/\" target=\"_blank\" rel=\"noopener\"><strong>Canal Grande<\/strong><\/a>. Die zahlreichen Vaporetto-Haltestellen entlang des Kanals erm\u00f6glichen eine bequeme Verbindung zum Bahnhof, zu anderen Stadtteilen Venedigs sowie zu den umliegenden Inseln.  <\/p>\n<p style=\"text-align: left;\">Nur wenige Schritte vom <a href=\"https:\/\/www.hotelsinvenice.com\/san-marco\/?lang=en\" target=\"_blank\" rel=\"noopener\"><strong>Markusplatz<\/strong><\/a> und 50 Meter vom <a href=\"https:\/\/en.wikipedia.org\/wiki\/Teatro_La_Fenice\" target=\"_blank\" rel=\"noopener\"><strong>Teatro La Fenice<\/strong><\/a> entfernt, garantiert das Hotel Ca\u2019 Alvise einen ruhigen und erholsamen Aufenthalt in einem reizvollen Viertel von Venedig. Erleben Sie die historische Atmosph\u00e4re der Stadt, umgeben von traditionellen Gasth\u00e4usern und typischen venezianischen Restaurants. Von diesem zentralen Standort aus k\u00f6nnen Sie Venedig erkunden und seine Geheimnisse und verborgenen Winkel entdecken.  <\/p>\n<p style=\"text-align: left;\">Nur wenige Schritte entlang der ber\u00fchmtesten Promenade Venedigs f\u00fchren Sie zu ikonischen <a href=\"https:\/\/www.basilicasanmarco.it\/?lang=en\" target=\"_blank\" rel=\"noopener\"><strong>Sehensw\u00fcrdigkeiten wie dem Markusdom<\/strong><\/a>, dem <a href=\"https:\/\/www.hotelsinvenice.com\/san-marco\/?lang=en\" target=\"_blank\" rel=\"noopener\"><strong>Dogenpalast<\/strong><\/a>, der <a href=\"https:\/\/www.hotelsinvenice.com\/san-marco\/\" target=\"_blank\" rel=\"noopener\"><strong>Rialtobr\u00fccke<\/strong><\/a>, den Meisterwerken der <a href=\"https:\/\/www.chiesasanzaccaria.org\/\" target=\"_blank\" rel=\"noopener\"><strong>Kirche San Zaccaria<\/strong><\/a> oder den <a href=\"https:\/\/www.gallerieaccademia.it\/en\" target=\"_blank\" rel=\"noopener\"><strong>Gallerie dell\u2019Accademia.<\/strong><\/a><\/p>\n<h2 style=\"text-align: left;\">So erreichen Sie uns<\/h2>\n<h3 style=\"text-align: left;\">By Air: in German is:<br \/>Mit dem Flugzeug:<\/h3>\n<p style=\"text-align: left;\"><strong>Vom Flughafen Venedig \u201eMarco Polo\u201c (13 km):<\/strong><\/p>\n<ul style=\"text-align: left;\">\n<li>Mit dem <strong>Wasserfahrzeug<\/strong>: Nehmen Sie den Flughafenshuttle bis zum Anleger, wo Sie entweder ein privates <a href=\"https:\/\/www.hotelsinvenice.com\/venice\/?lang=en\" target=\"_blank\" rel=\"noopener\"><strong>Wassertaxi<\/strong><\/a> nehmen k\u00f6nnen, das Sie in etwa 40 Minuten direkt zum Hotel bringt, oder das Alilaguna-Boot bis San Marco.<\/li>\n<li><strong>Mit dem Landweg<\/strong>: Nehmen Sie den ATVO-Shuttlebus nach Venedig \u2013 Piazzale Roma, und fahren Sie von dort mit einem privaten Wassertaxi direkt zum Hotel (ca. 15 Minuten) oder nutzen Sie die \u00f6ffentlichen Wasserbusse der Linien 1 und 2, die San Marco in etwa 15 Minuten erreichen. Von dort sind es etwa 15 Minuten zu Fu\u00df bis zum Hotel. <\/li>\n<\/ul>\n<p style=\"text-align: left;\"><strong>Vom Flughafen Treviso \u201eAntonio Canova\u201c (30 km):<\/strong><\/p>\n<ul style=\"text-align: left;\">\n<li>Nehmen Sie den ATVO-Eurobus-Shuttle nach Venedig \u2013 Piazzale Roma und fahren Sie dann mit einem privaten <a href=\"https:\/\/www.hotelsinvenice.com\/venice\/?lang=en\" target=\"_blank\" rel=\"noopener\"><strong>Wassertaxi<\/strong><\/a>, das Sie in 15 Minuten direkt zum Hotel bringt, oder mit den \u00f6ffentlichen Wasserbussen (Linien 1 und 2), die in 15 Minuten an der Haltestelle San Marco Calle Vallaresso ankommen. Von dort sind es etwa 15 Minuten zu Fu\u00df bis zum Hotel. <\/li>\n<\/ul>\n<h3 style=\"text-align: left;\">Mit dem Zug:<\/h3>\n<ul style=\"text-align: left;\">\n<li>Vom Ufer vor dem <a href=\"https:\/\/www.trenitalia.com\/en.html\" target=\"_blank\" rel=\"noopener\"><strong>Bahnhof Venezia Santa Lucia<\/strong><\/a> stehen sowohl private <a href=\"https:\/\/www.hotelsinvenice.com\/venice\/?lang=en\" target=\"_blank\" rel=\"noopener\"><strong>Wassertaxis <\/strong><\/a>zur Verf\u00fcgung, die in 15 Minuten direkt vor dem Hotel Ca\u2019 Alvise ankommen, als auch \u00f6ffentliche Wasserbusse der Linien 1 und 2, die in 15 Minuten die Haltestelle San Marco Calle Vallaresso erreichen. Von dort sind es etwa 15 Minuten zu Fu\u00df bis zum Hotel. <\/li>\n<\/ul>\n<h3 style=\"text-align: left;\">Mit dem Auto:<\/h3>\n<ul style=\"text-align: left;\">\n<li>Folgen Sie den Schildern nach Venedig. Parken Sie Ihr Auto entweder auf dem Parkplatz Tronchetto (rechts nach der langen Br\u00fccke, die Venedig mit dem Festland verbindet) oder am Piazzale Roma, dem Autoterminal. Von dort k\u00f6nnen Sie ein privates <a href=\"https:\/\/www.hotelsinvenice.com\/venice\/?lang=en\" target=\"_blank\" rel=\"noopener\"><strong>Wassertaxi<\/strong><\/a> nehmen, das Sie in etwa 20 Minuten direkt zum Hotel bringt, oder die \u00f6ffentlichen Wasserbusse der Linien 1 und 2 nutzen, die Sie in 15\u201320 Minuten zur Haltestelle San Marco Calle Vallaresso bringen. Von dort sind es etwa 10 Minuten zu Fu\u00df bis zum Hotel.   <\/li>\n<\/ul>\n<h3 style=\"text-align: left;\">Weitere Informationen:<\/h3>\n<p style=\"text-align: left;\">Wir befinden uns im Zentrum von Venedig, nur 200 Meter vom <strong>Markusplatz entfernt<\/strong>. Ein Wassertaxi kann Sie direkt zum Hotel bringen. F\u00fcr Ihren Komfort steht Ihnen ein <a href=\"https:\/\/www.hotelsinvenice.com\/san-marco\/?lang=en\" target=\"_blank\" rel=\"noopener\"><strong>kostenloser<\/strong><\/a> Gep\u00e4ckaufbewahrungsservice zur Verf\u00fcgung.  <\/p>\n<p>&nbsp;<\/p>\n<p>[\/et_pb_text][\/et_pb_column][\/et_pb_row][\/et_pb_section][et_pb_section fb_built=&#8220;1&#8243; fullwidth=&#8220;on&#8220; _builder_version=&#8220;4.27.4&#8243; _module_preset=&#8220;default&#8220; global_colors_info=&#8220;{}&#8220;][et_pb_fullwidth_map address=&#8220;Calle de la Verona, 3673, 30124 Venezia VE, Italia&#8220; address_lat=&#8220;45.4344997&#8243; address_lng=&#8220;12.3334278&#8243; _builder_version=&#8220;4.27.4&#8243; _module_preset=&#8220;default&#8220; global_colors_info=&#8220;{}&#8220;][et_pb_map_pin _builder_version=&#8220;4.27.4&#8243; _module_preset=&#8220;default&#8220; global_colors_info=&#8220;{}&#8220;][\/et_pb_map_pin][et_pb_map_pin pin_address=&#8220;Calle de la Verona, 3673, 30124 Venezia VE, Italia&#8220; pin_address_lat=&#8220;45.4344282&#8243; pin_address_lng=&#8220;12.3334455&#8243; _builder_version=&#8220;4.27.4&#8243; _module_preset=&#8220;default&#8220; global_colors_info=&#8220;{}&#8220;][\/et_pb_map_pin][\/et_pb_fullwidth_map][\/et_pb_section][et_pb_section fb_built=&#8220;1&#8243; _builder_version=&#8220;4.16&#8243; _module_preset=&#8220;default&#8220; background_color=&#8220;#191919&#8243; custom_padding=&#8220;60px||60px||true|false&#8220; animation_style=&#8220;slide&#8220; animation_direction=&#8220;bottom&#8220; animation_duration=&#8220;1500ms&#8220; animation_delay=&#8220;500ms&#8220; global_colors_info=&#8220;{}&#8220;][et_pb_row column_structure=&#8220;2_3,1_3&#8243; use_custom_gutter=&#8220;on&#8220; gutter_width=&#8220;2&#8243; make_equal=&#8220;on&#8220; _builder_version=&#8220;4.16&#8243; _module_preset=&#8220;default&#8220; width=&#8220;90%&#8220; width_tablet=&#8220;90%&#8220; width_phone=&#8220;90%&#8220; width_last_edited=&#8220;on|tablet&#8220; max_width=&#8220;1170px&#8220; max_width_tablet=&#8220;90%&#8220; max_width_phone=&#8220;90%&#8220; max_width_last_edited=&#8220;on|desktop&#8220; custom_padding=&#8220;0px||3px||false|false&#8220; global_colors_info=&#8220;{}&#8220;][et_pb_column type=&#8220;2_3&#8243; _builder_version=&#8220;4.16&#8243; _module_preset=&#8220;default&#8220; global_colors_info=&#8220;{}&#8220;][et_pb_text _builder_version=&#8220;4.27.4&#8243; _module_preset=&#8220;default&#8220; text_font=&#8220;Playfair Display||||||||&#8220; text_text_color=&#8220;#ffffff&#8220; text_font_size=&#8220;35px&#8220; text_line_height=&#8220;1.4em&#8220; max_width=&#8220;482px&#8220; module_alignment=&#8220;left&#8220; link_option_url=&#8220;https:\/\/reservation.caalvise.com\/book\/home\/index?layout=13311&#038;lang=en&#038;currency=EUR&#038;nsid=5d410b1e-73be-4ac0-9ba3-2d531770ca77&#8243; link_option_url_new_window=&#8220;on&#8220; global_colors_info=&#8220;{}&#8220;]<\/p>\n<p>Hotel Ca&#8216; Alvise<\/p>\n<p>[\/et_pb_text][\/et_pb_column][et_pb_column type=&#8220;1_3&#8243; _builder_version=&#8220;4.16&#8243; _module_preset=&#8220;default&#8220; global_colors_info=&#8220;{}&#8220;][et_pb_button button_text=&#8220;Reserve&#8220; button_alignment=&#8220;right&#8220; _builder_version=&#8220;4.27.4&#8243; _module_preset=&#8220;default&#8220; custom_button=&#8220;on&#8220; button_text_size=&#8220;16px&#8220; button_text_color=&#8220;#ffffff&#8220; button_bg_color=&#8220;rgba(0,0,0,0)&#8220; button_border_width=&#8220;2px&#8220; button_border_color=&#8220;#ffffff&#8220; button_border_radius=&#8220;0px&#8220; button_letter_spacing=&#8220;1px&#8220; button_font=&#8220;Oswald||||||||&#8220; button_use_icon=&#8220;off&#8220; custom_margin=&#8220;20px||||false|false&#8220; custom_padding=&#8220;15px|50px|15px|50px|true|true&#8220; global_colors_info=&#8220;{}&#8220; button_text_color__hover_enabled=&#8220;on|hover&#8220; button_text_color__hover=&#8220;#ffffff&#8220; button_bg_color__hover_enabled=&#8220;on|desktop&#8220; button_bg_color__hover=&#8220;#3165d9&#8243; button_bg_enable_color__hover=&#8220;on&#8220; button_border_color__hover_enabled=&#8220;on|desktop&#8220; button_border_color__hover=&#8220;#3165d9&#8243; button_letter_spacing__hover_enabled=&#8220;on|hover&#8220; button_letter_spacing__hover=&#8220;1px&#8220;][\/et_pb_button][\/et_pb_column][\/et_pb_row][\/et_pb_section]<\/p>\n","protected":false},"excerpt":{"rendered":"<p>Hotel Ca&#8216; Alvise4-Sterne-Hotel in VenedigIm Zentrum von Venedig gelegenHotel Ca&#8216; Alvise \u2013 Zentrale Lage in VenedigKontaktieren Sie das Hotel Ca&#8216; Alvise Im Herzen Venedigs gelegen, nur 20 Meter vom ber\u00fchmten Teatro La Fenice entfernt, befindet sich das Hotel Ca\u2019 Alvise nur 200 Meter vom Markusplatz. Ein kurzer Spaziergang durch die malerischen Gassen Venedigs f\u00fchrt Sie [&hellip;]<\/p>\n","protected":false},"author":1,"featured_media":0,"parent":0,"menu_order":0,"comment_status":"closed","ping_status":"closed","template":"","meta":{"_et_pb_use_builder":"on","_et_pb_old_content":"","_et_gb_content_width":"","footnotes":""},"class_list":["post-87840","page","type-page","status-publish","hentry"],"_links":{"self":[{"href":"https:\/\/caalvise.com\/de\/wp-json\/wp\/v2\/pages\/87840","targetHints":{"allow":["GET"]}}],"collection":[{"href":"https:\/\/caalvise.com\/de\/wp-json\/wp\/v2\/pages"}],"about":[{"href":"https:\/\/caalvise.com\/de\/wp-json\/wp\/v2\/types\/page"}],"author":[{"embeddable":true,"href":"https:\/\/caalvise.com\/de\/wp-json\/wp\/v2\/users\/1"}],"replies":[{"embeddable":true,"href":"https:\/\/caalvise.com\/de\/wp-json\/wp\/v2\/comments?post=87840"}],"version-history":[{"count":9,"href":"https:\/\/caalvise.com\/de\/wp-json\/wp\/v2\/pages\/87840\/revisions"}],"predecessor-version":[{"id":88182,"href":"https:\/\/caalvise.com\/de\/wp-json\/wp\/v2\/pages\/87840\/revisions\/88182"}],"wp:attachment":[{"href":"https:\/\/caalvise.com\/de\/wp-json\/wp\/v2\/media?parent=87840"}],"curies":[{"name":"wp","href":"https:\/\/api.w.org\/{rel}","templated":true}]}}