{"id":87812,"date":"2025-04-20T05:16:15","date_gmt":"2025-04-20T05:16:15","guid":{"rendered":"https:\/\/caalvise.com\/contactos\/"},"modified":"2025-06-07T12:05:09","modified_gmt":"2025-06-07T12:05:09","slug":"contactos","status":"publish","type":"page","link":"https:\/\/caalvise.com\/es\/contactos\/","title":{"rendered":"Contactos"},"content":{"rendered":"<p>[et_pb_section fb_built=\u00bb1&#8243; custom_padding_last_edited=\u00bbon|phone\u00bb _builder_version=\u00bb4.27.4&#8243; _module_preset=\u00bbdefault\u00bb use_background_color_gradient=\u00bbon\u00bb background_color_gradient_stops=\u00bbrgba(0,0,0,0.31) 0%|rgba(0,0,0,0.28) 100%\u00bb background_color_gradient_overlays_image=\u00bbon\u00bb background_color_gradient_start=\u00bbrgba(0,0,0,0.31)\u00bb background_color_gradient_end=\u00bbrgba(0,0,0,0.28)\u00bb background_image=\u00bbhttps:\/\/caalvise.com\/wp-content\/uploads\/2025\/04\/hotel-ca-alvise-venezia-69.jpg\u00bb custom_padding=\u00bb31vh||31vh||true|false\u00bb custom_padding_tablet=\u00bb15vh||15vh||true|false\u00bb custom_padding_phone=\u00bb15vh||15vh||true|false\u00bb global_colors_info=\u00bb{}\u00bb][et_pb_row use_custom_gutter=\u00bbon\u00bb gutter_width=\u00bb2&#8243; make_equal=\u00bbon\u00bb _builder_version=\u00bb4.16&#8243; _module_preset=\u00bbdefault\u00bb width=\u00bb90%\u00bb width_tablet=\u00bb90%\u00bb width_phone=\u00bb90%\u00bb width_last_edited=\u00bbon|tablet\u00bb max_width=\u00bb1170px\u00bb max_width_tablet=\u00bb90%\u00bb max_width_phone=\u00bb90%\u00bb max_width_last_edited=\u00bbon|desktop\u00bb custom_padding=\u00bb0px||12px||false|false\u00bb animation_style=\u00bbslide\u00bb animation_duration=\u00bb1500ms\u00bb global_colors_info=\u00bb{}\u00bb][et_pb_column type=\u00bb4_4&#8243; _builder_version=\u00bb4.16&#8243; _module_preset=\u00bbdefault\u00bb global_colors_info=\u00bb{}\u00bb][et_pb_text _builder_version=\u00bb4.27.4&#8243; _module_preset=\u00bbdefault\u00bb header_font=\u00bbPlayfair Display|||on|||||\u00bb header_text_align=\u00bbcenter\u00bb header_text_color=\u00bb#ffffff\u00bb header_font_size=\u00bb80px\u00bb header_letter_spacing=\u00bb1px\u00bb header_font_size_tablet=\u00bb\u00bb header_font_size_phone=\u00bb40px\u00bb header_font_size_last_edited=\u00bbon|phone\u00bb header_line_height_tablet=\u00bb\u00bb header_line_height_phone=\u00bb1.2em\u00bb header_line_height_last_edited=\u00bbon|phone\u00bb global_colors_info=\u00bb{}\u00bb]<\/p>\n<h1>Hotel Ca&#8217; Alvise<\/h1>\n<p>[\/et_pb_text][et_pb_text _builder_version=\u00bb4.27.4&#8243; _module_preset=\u00bbdefault\u00bb text_font=\u00bbPlayfair Display|||on|||||\u00bb text_text_color=\u00bb#ffffff\u00bb text_font_size=\u00bb24px\u00bb text_letter_spacing=\u00bb5px\u00bb text_line_height=\u00bb1em\u00bb text_orientation=\u00bbcenter\u00bb custom_margin=\u00bb-5px||||false|false\u00bb custom_margin_tablet=\u00bb-15px||||false|false\u00bb custom_margin_phone=\u00bb-15px||||false|false\u00bb custom_margin_last_edited=\u00bbon|phone\u00bb text_font_size_tablet=\u00bb\u00bb text_font_size_phone=\u00bb20px\u00bb text_font_size_last_edited=\u00bbon|phone\u00bb text_line_height_tablet=\u00bb\u00bb text_line_height_phone=\u00bb1.2em\u00bb text_line_height_last_edited=\u00bbon|phone\u00bb global_colors_info=\u00bb{}\u00bb]<\/p>\n<p>Hotel de 4 estrellas en Venecia<\/p>\n<p>[\/et_pb_text][et_pb_divider color=\u00bb#ffffff\u00bb _builder_version=\u00bb4.16&#8243; _module_preset=\u00bbdefault\u00bb max_width=\u00bb180px\u00bb module_alignment=\u00bbcenter\u00bb custom_margin=\u00bb25px||||false|false\u00bb global_colors_info=\u00bb{}\u00bb][\/et_pb_divider][et_pb_text _builder_version=\u00bb4.27.4&#8243; _module_preset=\u00bbdefault\u00bb text_font=\u00bbBe Vietnam||||||||\u00bb text_text_color=\u00bb#ffffff\u00bb text_font_size=\u00bb20px\u00bb text_line_height=\u00bb1.8em\u00bb text_orientation=\u00bbcenter\u00bb max_width=\u00bb753px\u00bb module_alignment=\u00bbcenter\u00bb custom_margin=\u00bb-5px||||false|false\u00bb text_font_size_tablet=\u00bb\u00bb text_font_size_phone=\u00bb16px\u00bb text_font_size_last_edited=\u00bbon|phone\u00bb global_colors_info=\u00bb{}\u00bb]<\/p>\n<p>Situado en el centro de Venecia<\/p>\n<p>[\/et_pb_text][et_pb_button button_url=\u00bbhttps:\/\/reservation.caalvise.com\/book\/home\/index?layout=13311&#038;lang=en&#038;currency=EUR&#038;nsid=5d410b1e-73be-4ac0-9ba3-2d531770ca77&#038;_gl=1*1523r31*_ga*MTkyMjQwNDg3LjE3Mzc5Nzc3MTA.*_ga_N4T2YZDXYF*MTc0NjM0OTQ2MS4yMC4xLjE3NDYzNDk1ODUuMC4wLjA.\u00bb url_new_window=\u00bbon\u00bb button_text=\u00bbReserva\u00bb button_alignment=\u00bbcenter\u00bb _builder_version=\u00bb4.27.4&#8243; _module_preset=\u00bbdefault\u00bb custom_button=\u00bbon\u00bb button_text_size=\u00bb16px\u00bb button_text_color=\u00bb#ffffff\u00bb button_bg_color=\u00bb#3165d9&#8243; button_border_width=\u00bb0px\u00bb button_border_color=\u00bb#3165d9&#8243; button_border_radius=\u00bb0px\u00bb button_letter_spacing=\u00bb1px\u00bb button_font=\u00bbOswald||||||||\u00bb button_use_icon=\u00bboff\u00bb custom_margin=\u00bb40px||||false|false\u00bb custom_padding=\u00bb15px|50px|15px|50px|true|true\u00bb global_colors_info=\u00bb{}\u00bb button_text_color__hover_enabled=\u00bbon|hover\u00bb button_text_color__hover=\u00bb#000000&#8243; button_bg_color__hover_enabled=\u00bbon|hover\u00bb button_bg_color__hover=\u00bb#ffffff\u00bb button_bg_enable_color__hover=\u00bbon\u00bb button_border_color__hover_enabled=\u00bbon|hover\u00bb button_border_color__hover=\u00bb#ffffff\u00bb button_letter_spacing__hover_enabled=\u00bbon|desktop\u00bb button_letter_spacing__hover=\u00bb1px\u00bb][\/et_pb_button][\/et_pb_column][\/et_pb_row][\/et_pb_section][et_pb_section fb_built=\u00bb1&#8243; _builder_version=\u00bb4.16&#8243; _module_preset=\u00bbdefault\u00bb custom_padding=\u00bb180px||0px||false|false\u00bb global_colors_info=\u00bb{}\u00bb][et_pb_row use_custom_gutter=\u00bbon\u00bb gutter_width=\u00bb2&#8243; make_equal=\u00bbon\u00bb _builder_version=\u00bb4.16&#8243; _module_preset=\u00bbdefault\u00bb width=\u00bb90%\u00bb width_tablet=\u00bb90%\u00bb width_phone=\u00bb90%\u00bb width_last_edited=\u00bbon|tablet\u00bb max_width=\u00bb1170px\u00bb max_width_tablet=\u00bb90%\u00bb max_width_phone=\u00bb90%\u00bb max_width_last_edited=\u00bbon|desktop\u00bb custom_padding=\u00bb0px||0px||true|\u00bb animation_style=\u00bbfade\u00bb animation_delay=\u00bb500ms\u00bb global_colors_info=\u00bb{}\u00bb][et_pb_column type=\u00bb4_4&#8243; _builder_version=\u00bb4.16&#8243; _module_preset=\u00bbdefault\u00bb global_colors_info=\u00bb{}\u00bb][et_pb_text _builder_version=\u00bb4.27.4&#8243; _module_preset=\u00bbdefault\u00bb header_3_font=\u00bbPlayfair Display||||||||\u00bb header_3_text_align=\u00bbcenter\u00bb header_3_text_color=\u00bb#191919&#8243; header_3_font_size=\u00bb50px\u00bb header_3_line_height=\u00bb1.3em\u00bb max_width=\u00bb900px\u00bb module_alignment=\u00bbcenter\u00bb custom_margin_tablet=\u00bb-10px||||false|false\u00bb custom_margin_phone=\u00bb-10px||||false|false\u00bb custom_margin_last_edited=\u00bbon|phone\u00bb header_3_font_size_tablet=\u00bb\u00bb header_3_font_size_phone=\u00bb35px\u00bb header_3_font_size_last_edited=\u00bbon|phone\u00bb global_colors_info=\u00bb{}\u00bb]<\/p>\n<h3>Hotel Ca&#8217; Alvise &#8211; Ubicaci\u00f3n c\u00e9ntrica en Venecia<\/h3>\n<p>[\/et_pb_text][et_pb_text _builder_version=\u00bb4.27.4&#8243; _module_preset=\u00bbdefault\u00bb text_font=\u00bb|300|||||||\u00bb text_text_color=\u00bb#666666&#8243; text_orientation=\u00bbcenter\u00bb max_width=\u00bb1000px\u00bb module_alignment=\u00bbcenter\u00bb custom_margin=\u00bb-5px||||false|false\u00bb custom_margin_tablet=\u00bb-15px||||false|false\u00bb custom_margin_phone=\u00bb-15px||||false|false\u00bb custom_margin_last_edited=\u00bbon|phone\u00bb global_colors_info=\u00bb{}\u00bb]<\/p>\n<h1>Contacto Hotel Ca&#8217; Alvise<\/h1>\n<p style=\"text-align: left;\">Situado en el coraz\u00f3n de Venecia, a s\u00f3lo 20 metros del famoso <a href=\"https:\/\/en.wikipedia.org\/wiki\/Teatro_La_Fenice\" target=\"_blank\" rel=\"noopener\"><strong>Teatro La Fenice<\/strong><\/a>, <strong>el Hotel Ca&#8217; Alvise<\/strong> est\u00e1 a s\u00f3lo 200 metros de <a href=\"https:\/\/www.hotelsinvenice.com\/san-marco\/?lang=en\" target=\"_blank\" rel=\"noopener\"><strong>la Plaza de San Marcos<\/strong><\/a>. Un breve paseo por las encantadoras callejuelas de Venecia te llevar\u00e1 al hermoso <a href=\"https:\/\/www.venetianquest.com\/grand-canal-venice\/\" target=\"_blank\" rel=\"noopener\"><strong>Gran Canal<\/strong><\/a>. Los numerosos autobuses acu\u00e1ticos situados a lo largo del canal facilitan el acceso a la estaci\u00f3n de tren, a otras zonas de Venecia y a las islas circundantes.  <\/p>\n<p style=\"text-align: left;\">A pocos pasos de <a href=\"https:\/\/www.hotelsinvenice.com\/san-marco\/?lang=en\" target=\"_blank\" rel=\"noopener\"><strong>la Plaza de San Marcos<\/strong><\/a> y a 50 metros <a href=\"https:\/\/en.wikipedia.org\/wiki\/Teatro_La_Fenice\" target=\"_blank\" rel=\"noopener\"><strong>del Teatro La Fenice<\/strong><\/a>, el Hotel Ca&#8217; Alvise garantiza una estancia tranquila y relajante en una zona encantadora de Venecia. Experimenta el ambiente hist\u00f3rico de la ciudad rodeado de posadas tradicionales y restaurantes t\u00edpicos venecianos. Explorar Venecia desde esta c\u00e9ntrica ubicaci\u00f3n te permitir\u00e1 descubrir sus secretos y rincones ocultos.  <\/p>\n<p style=\"text-align: left;\">Unos pasos por el paseo mar\u00edtimo m\u00e1s famoso de Venecia te llevar\u00e1n a lugares emblem\u00e1ticos como <a href=\"https:\/\/www.basilicasanmarco.it\/?lang=en\" target=\"_blank\" rel=\"noopener\"><strong>la Bas\u00edlica de San Marcos<\/strong><\/a>, el <a href=\"https:\/\/www.hotelsinvenice.com\/san-marco\/?lang=en\" target=\"_blank\" rel=\"noopener\"><strong>Palacio Ducal<\/strong><\/a>, el <a href=\"https:\/\/www.hotelsinvenice.com\/san-marco\/\" target=\"_blank\" rel=\"noopener\"><strong>Puente de Rialto<\/strong><\/a>, las obras maestras de <a href=\"https:\/\/www.chiesasanzaccaria.org\/\" target=\"_blank\" rel=\"noopener\"><strong>la Iglesia de San Zaccaria<\/strong><\/a> o la <a href=\"https:\/\/www.gallerieaccademia.it\/en\" target=\"_blank\" rel=\"noopener\"><strong>Galer\u00eda de la Academia<\/strong><\/a>.<\/p>\n<h2 style=\"text-align: left;\">C\u00f3mo contactar con nosotros<\/h2>\n<h3 style=\"text-align: left;\">Por v\u00eda a\u00e9rea:<\/h3>\n<p style=\"text-align: left;\"><strong>Desde el aeropuerto \u00abMarco Polo\u00bb de Venecia (13 km):<\/strong><\/p>\n<ul style=\"text-align: left;\">\n<li><strong>Por agua<\/strong>: Toma la lanzadera del aeropuerto hasta el muelle, donde puedes embarcar en un <a href=\"https:\/\/www.hotelsinvenice.com\/venice\/?lang=en\" target=\"_blank\" rel=\"noopener\"><strong>taxi acu\u00e1tico<\/strong><\/a> privado directo al hotel en unos 40 minutos, o en un barco Alilaguna hasta San Marcos.<\/li>\n<li><strong>Por tierra<\/strong>: Coge la lanzadera ATVO a Venecia &#8211; Piazzale Roma, luego sigue con un taxi acu\u00e1tico privado que te lleva directamente al hotel en 15 minutos, o utiliza los autobuses acu\u00e1ticos p\u00fablicos de las l\u00edneas 1 y 2, que llegan a San Marcos en 15 minutos. Desde all\u00ed, hay 15 minutos a pie hasta el hotel. <\/li>\n<\/ul>\n<p style=\"text-align: left;\"><strong>Desde el aeropuerto \u00abAntonio Canova\u00bb de Treviso (30 km):<\/strong><\/p>\n<ul style=\"text-align: left;\">\n<li>Coge la lanzadera ATVO Eurobus a Venecia &#8211; Piazzale Roma, y luego sigue con un <a href=\"https:\/\/www.hotelsinvenice.com\/venice\/?lang=en\" target=\"_blank\" rel=\"noopener\"><strong>taxi acu\u00e1tico<\/strong><\/a> privado que te lleva directamente al hotel en 15 minutos, o con autobuses acu\u00e1ticos p\u00fablicos (l\u00edneas 1 y 2) que llegan a San Marco Calle Vallaresso en 15 minutos. Desde all\u00ed, hay 15 minutos a pie hasta el hotel. <\/li>\n<\/ul>\n<h3 style=\"text-align: left;\">En tren:<\/h3>\n<ul style=\"text-align: left;\">\n<li>Desde el paseo mar\u00edtimo, frente a <a href=\"https:\/\/www.trenitalia.com\/en.html\" target=\"_blank\" rel=\"noopener\"><strong>la estaci\u00f3n de tren de Venecia Santa Luc\u00eda<\/strong><\/a>, hay disponibles tanto <a href=\"https:\/\/www.hotelsinvenice.com\/venice\/?lang=en\" target=\"_blank\" rel=\"noopener\"><strong>taxis acu<\/strong><\/a>\u00e1ticos privados, que llegan frente al Hotel Ca&#8217; Alvise en 15 minutos, como autobuses acu\u00e1ticos p\u00fablicos de las l\u00edneas 1 y 2, que llegan a la calle San Marco Vallaresso en 15 minutos. Desde all\u00ed, hay 15 minutos a pie hasta el hotel. <\/li>\n<\/ul>\n<h3 style=\"text-align: left;\">En coche:<\/h3>\n<ul style=\"text-align: left;\">\n<li>Sigue las indicaciones hacia Venecia. Aparca el coche en el aparcamiento del Tronchetto (a la derecha despu\u00e9s del largo puente que une Venecia con tierra firme) o en Piazzale Roma, la terminal de coches. Luego coge un <a href=\"https:\/\/www.hotelsinvenice.com\/venice\/?lang=en\" target=\"_blank\" rel=\"noopener\"><strong>taxi<\/strong><\/a> acu\u00e1tico privado, que te llevar\u00e1 directamente al hotel en unos 20 minutos, o utiliza los autobuses acu\u00e1ticos p\u00fablicos de las l\u00edneas 1 y 2 hasta San Marco Calle Vallaresso. B\u00e1jate al cabo de 15-20 minutos en San Marco Calle Vallaresso, y camina 10 minutos para llegar al hotel.   <\/li>\n<\/ul>\n<h3 style=\"text-align: left;\">Informaci\u00f3n adicional<\/h3>\n<p style=\"text-align: left;\">Estamos en el centro de Venecia, a s\u00f3lo 200 metros de <a href=\"https:\/\/www.hotelsinvenice.com\/san-marco\/?lang=en\" target=\"_blank\" rel=\"noopener\"><strong>la Plaza de San Marcos<\/strong><\/a>. Un taxi puede llevarte directamente al hotel. Disponemos de un <strong>servicio gratuito de guardaequipajes<\/strong> para tu comodidad.  <\/p>\n<p>&nbsp;<\/p>\n<p>[\/et_pb_text][\/et_pb_column][\/et_pb_row][\/et_pb_section][et_pb_section fb_built=\u00bb1&#8243; fullwidth=\u00bbon\u00bb _builder_version=\u00bb4.27.4&#8243; _module_preset=\u00bbdefault\u00bb global_colors_info=\u00bb{}\u00bb][et_pb_fullwidth_map address=\u00bbCalle de la Verona, 3673, 30124 Venezia VE, Italia\u00bb address_lat=\u00bb45.4344997&#8243; address_lng=\u00bb12.3334278&#8243; _builder_version=\u00bb4.27.4&#8243; _module_preset=\u00bbdefault\u00bb global_colors_info=\u00bb{}\u00bb][et_pb_map_pin _builder_version=\u00bb4.27.4&#8243; _module_preset=\u00bbdefault\u00bb global_colors_info=\u00bb{}\u00bb][\/et_pb_map_pin][et_pb_map_pin pin_address=\u00bbCalle de la Verona, 3673, 30124 Venezia VE, Italia\u00bb pin_address_lat=\u00bb45.4344282&#8243; pin_address_lng=\u00bb12.3334455&#8243; _builder_version=\u00bb4.27.4&#8243; _module_preset=\u00bbdefault\u00bb global_colors_info=\u00bb{}\u00bb][\/et_pb_map_pin][\/et_pb_fullwidth_map][\/et_pb_section][et_pb_section fb_built=\u00bb1&#8243; _builder_version=\u00bb4.16&#8243; _module_preset=\u00bbdefault\u00bb background_color=\u00bb#191919&#8243; custom_padding=\u00bb60px||60px||true|false\u00bb animation_style=\u00bbslide\u00bb animation_direction=\u00bbbottom\u00bb animation_duration=\u00bb1500ms\u00bb animation_delay=\u00bb500ms\u00bb global_colors_info=\u00bb{}\u00bb][et_pb_row column_structure=\u00bb2_3,1_3&#8243; use_custom_gutter=\u00bbon\u00bb gutter_width=\u00bb2&#8243; make_equal=\u00bbon\u00bb _builder_version=\u00bb4.16&#8243; _module_preset=\u00bbdefault\u00bb width=\u00bb90%\u00bb width_tablet=\u00bb90%\u00bb width_phone=\u00bb90%\u00bb width_last_edited=\u00bbon|tablet\u00bb max_width=\u00bb1170px\u00bb max_width_tablet=\u00bb90%\u00bb max_width_phone=\u00bb90%\u00bb max_width_last_edited=\u00bbon|desktop\u00bb custom_padding=\u00bb0px||3px||false|false\u00bb global_colors_info=\u00bb{}\u00bb][et_pb_column type=\u00bb2_3&#8243; _builder_version=\u00bb4.16&#8243; _module_preset=\u00bbdefault\u00bb global_colors_info=\u00bb{}\u00bb][et_pb_text _builder_version=\u00bb4.27.4&#8243; _module_preset=\u00bbdefault\u00bb text_font=\u00bbPlayfair Display||||||||\u00bb text_text_color=\u00bb#ffffff\u00bb text_font_size=\u00bb35px\u00bb text_line_height=\u00bb1.4em\u00bb max_width=\u00bb482px\u00bb module_alignment=\u00bbleft\u00bb link_option_url=\u00bbhttps:\/\/reservation.caalvise.com\/book\/home\/index?layout=13311&#038;lang=en&#038;currency=EUR&#038;nsid=5d410b1e-73be-4ac0-9ba3-2d531770ca77&#8243; link_option_url_new_window=\u00bbon\u00bb global_colors_info=\u00bb{}\u00bb]<\/p>\n<p>Hotel Ca&#8217; Alvise<\/p>\n<p>[\/et_pb_text][\/et_pb_column][et_pb_column type=\u00bb1_3&#8243; _builder_version=\u00bb4.16&#8243; _module_preset=\u00bbdefault\u00bb global_colors_info=\u00bb{}\u00bb][et_pb_button button_text=\u00bbReserva\u00bb button_alignment=\u00bbright\u00bb _builder_version=\u00bb4.27.4&#8243; _module_preset=\u00bbdefault\u00bb custom_button=\u00bbon\u00bb button_text_size=\u00bb16px\u00bb button_text_color=\u00bb#ffffff\u00bb button_bg_color=\u00bbrgba(0,0,0,0)\u00bb button_border_width=\u00bb2px\u00bb button_border_color=\u00bb#ffffff\u00bb button_border_radius=\u00bb0px\u00bb button_letter_spacing=\u00bb1px\u00bb button_font=\u00bbOswald||||||||\u00bb button_use_icon=\u00bboff\u00bb custom_margin=\u00bb20px||||false|false\u00bb custom_padding=\u00bb15px|50px|15px|50px|true|true\u00bb global_colors_info=\u00bb{}\u00bb button_text_color__hover_enabled=\u00bbon|hover\u00bb button_text_color__hover=\u00bb#ffffff\u00bb button_bg_color__hover_enabled=\u00bbon|desktop\u00bb button_bg_color__hover=\u00bb#3165d9&#8243; button_bg_enable_color__hover=\u00bbon\u00bb button_border_color__hover_enabled=\u00bbon|desktop\u00bb button_border_color__hover=\u00bb#3165d9&#8243; button_letter_spacing__hover_enabled=\u00bbon|hover\u00bb button_letter_spacing__hover=\u00bb1px\u00bb][\/et_pb_button][\/et_pb_column][\/et_pb_row][\/et_pb_section]<\/p>\n","protected":false},"excerpt":{"rendered":"<p>Hotel Ca&#8217; AlviseHotel de 4 estrellas en VeneciaSituado en el centro de VeneciaHotel Ca&#8217; Alvise &#8211; Ubicaci\u00f3n c\u00e9ntrica en VeneciaContacto Hotel Ca&#8217; Alvise Situado en el coraz\u00f3n de Venecia, a s\u00f3lo 20 metros del famoso Teatro La Fenice, el Hotel Ca&#8217; Alvise est\u00e1 a s\u00f3lo 200 metros de la Plaza de San Marcos. Un breve [&hellip;]<\/p>\n","protected":false},"author":1,"featured_media":0,"parent":0,"menu_order":0,"comment_status":"closed","ping_status":"closed","template":"","meta":{"_et_pb_use_builder":"on","_et_pb_old_content":"","_et_gb_content_width":"","footnotes":""},"class_list":["post-87812","page","type-page","status-publish","hentry"],"_links":{"self":[{"href":"https:\/\/caalvise.com\/es\/wp-json\/wp\/v2\/pages\/87812","targetHints":{"allow":["GET"]}}],"collection":[{"href":"https:\/\/caalvise.com\/es\/wp-json\/wp\/v2\/pages"}],"about":[{"href":"https:\/\/caalvise.com\/es\/wp-json\/wp\/v2\/types\/page"}],"author":[{"embeddable":true,"href":"https:\/\/caalvise.com\/es\/wp-json\/wp\/v2\/users\/1"}],"replies":[{"embeddable":true,"href":"https:\/\/caalvise.com\/es\/wp-json\/wp\/v2\/comments?post=87812"}],"version-history":[{"count":7,"href":"https:\/\/caalvise.com\/es\/wp-json\/wp\/v2\/pages\/87812\/revisions"}],"predecessor-version":[{"id":88197,"href":"https:\/\/caalvise.com\/es\/wp-json\/wp\/v2\/pages\/87812\/revisions\/88197"}],"wp:attachment":[{"href":"https:\/\/caalvise.com\/es\/wp-json\/wp\/v2\/media?parent=87812"}],"curies":[{"name":"wp","href":"https:\/\/api.w.org\/{rel}","templated":true}]}}