{"id":87769,"date":"2025-04-20T05:16:15","date_gmt":"2025-04-20T05:16:15","guid":{"rendered":"https:\/\/caalvise.com\/contacts\/"},"modified":"2025-09-10T14:15:35","modified_gmt":"2025-09-10T14:15:35","slug":"contacts","status":"publish","type":"page","link":"https:\/\/caalvise.com\/fr\/contacts\/","title":{"rendered":"Contacts"},"content":{"rendered":"<p>[et_pb_section fb_built=\u00a0\u00bb1&Prime; custom_padding_last_edited=\u00a0\u00bbon|phone\u00a0\u00bb _builder_version=\u00a0\u00bb4.27.4&Prime; _module_preset=\u00a0\u00bbdefault\u00a0\u00bb use_background_color_gradient=\u00a0\u00bbon\u00a0\u00bb background_color_gradient_stops=\u00a0\u00bbrgba(0,0,0,0.31) 0%|rgba(0,0,0,0.28) 100%\u00a0\u00bb background_color_gradient_overlays_image=\u00a0\u00bbon\u00a0\u00bb background_color_gradient_start=\u00a0\u00bbrgba(0,0,0,0.31)\u00a0\u00bb background_color_gradient_end=\u00a0\u00bbrgba(0,0,0,0.28)\u00a0\u00bb background_image=\u00a0\u00bbhttps:\/\/caalvise.com\/wp-content\/uploads\/2025\/04\/hotel-ca-alvise-venezia-69.jpg\u00a0\u00bb custom_padding=\u00a0\u00bb31vh||31vh||true|false\u00a0\u00bb custom_padding_tablet=\u00a0\u00bb15vh||15vh||true|false\u00a0\u00bb custom_padding_phone=\u00a0\u00bb15vh||15vh||true|false\u00a0\u00bb global_colors_info=\u00a0\u00bb{}\u00a0\u00bb][et_pb_row use_custom_gutter=\u00a0\u00bbon\u00a0\u00bb gutter_width=\u00a0\u00bb2&Prime; make_equal=\u00a0\u00bbon\u00a0\u00bb _builder_version=\u00a0\u00bb4.16&Prime; _module_preset=\u00a0\u00bbdefault\u00a0\u00bb width=\u00a0\u00bb90%\u00a0\u00bb width_tablet=\u00a0\u00bb90%\u00a0\u00bb width_phone=\u00a0\u00bb90%\u00a0\u00bb width_last_edited=\u00a0\u00bbon|tablet\u00a0\u00bb max_width=\u00a0\u00bb1170px\u00a0\u00bb max_width_tablet=\u00a0\u00bb90%\u00a0\u00bb max_width_phone=\u00a0\u00bb90%\u00a0\u00bb max_width_last_edited=\u00a0\u00bbon|desktop\u00a0\u00bb custom_padding=\u00a0\u00bb0px||12px||false|false\u00a0\u00bb animation_style=\u00a0\u00bbslide\u00a0\u00bb animation_duration=\u00a0\u00bb1500ms\u00a0\u00bb global_colors_info=\u00a0\u00bb{}\u00a0\u00bb][et_pb_column type=\u00a0\u00bb4_4&Prime; _builder_version=\u00a0\u00bb4.16&Prime; _module_preset=\u00a0\u00bbdefault\u00a0\u00bb global_colors_info=\u00a0\u00bb{}\u00a0\u00bb][et_pb_text _builder_version=\u00a0\u00bb4.27.4&Prime; _module_preset=\u00a0\u00bbdefault\u00a0\u00bb header_font=\u00a0\u00bbPlayfair Display|||on|||||\u00a0\u00bb header_text_align=\u00a0\u00bbcenter\u00a0\u00bb header_text_color=\u00a0\u00bb#ffffff\u00a0\u00bb header_font_size=\u00a0\u00bb80px\u00a0\u00bb header_letter_spacing=\u00a0\u00bb1px\u00a0\u00bb header_font_size_tablet=\u00a0\u00bb\u00a0\u00bb header_font_size_phone=\u00a0\u00bb40px\u00a0\u00bb header_font_size_last_edited=\u00a0\u00bbon|phone\u00a0\u00bb header_line_height_tablet=\u00a0\u00bb\u00a0\u00bb header_line_height_phone=\u00a0\u00bb1.2em\u00a0\u00bb header_line_height_last_edited=\u00a0\u00bbon|phone\u00a0\u00bb global_colors_info=\u00a0\u00bb{}\u00a0\u00bb]<\/p>\n<h1>Hotel Ca&rsquo; Alvise<\/h1>\n<p>[\/et_pb_text][et_pb_text _builder_version=\u00a0\u00bb4.27.4&Prime; _module_preset=\u00a0\u00bbdefault\u00a0\u00bb text_font=\u00a0\u00bbPlayfair Display|||on|||||\u00a0\u00bb text_text_color=\u00a0\u00bb#ffffff\u00a0\u00bb text_font_size=\u00a0\u00bb24px\u00a0\u00bb text_letter_spacing=\u00a0\u00bb5px\u00a0\u00bb text_line_height=\u00a0\u00bb1em\u00a0\u00bb text_orientation=\u00a0\u00bbcenter\u00a0\u00bb custom_margin=\u00a0\u00bb-5px||||false|false\u00a0\u00bb custom_margin_tablet=\u00a0\u00bb-15px||||false|false\u00a0\u00bb custom_margin_phone=\u00a0\u00bb-15px||||false|false\u00a0\u00bb custom_margin_last_edited=\u00a0\u00bbon|phone\u00a0\u00bb text_font_size_tablet=\u00a0\u00bb\u00a0\u00bb text_font_size_phone=\u00a0\u00bb20px\u00a0\u00bb text_font_size_last_edited=\u00a0\u00bbon|phone\u00a0\u00bb text_line_height_tablet=\u00a0\u00bb\u00a0\u00bb text_line_height_phone=\u00a0\u00bb1.2em\u00a0\u00bb text_line_height_last_edited=\u00a0\u00bbon|phone\u00a0\u00bb global_colors_info=\u00a0\u00bb{}\u00a0\u00bb]<\/p>\n<p>H\u00f4tel 4 \u00e9toiles \u00e0 Venise<\/p>\n<p>[\/et_pb_text][et_pb_divider color=\u00a0\u00bb#ffffff\u00a0\u00bb _builder_version=\u00a0\u00bb4.16&Prime; _module_preset=\u00a0\u00bbdefault\u00a0\u00bb max_width=\u00a0\u00bb180px\u00a0\u00bb module_alignment=\u00a0\u00bbcenter\u00a0\u00bb custom_margin=\u00a0\u00bb25px||||false|false\u00a0\u00bb global_colors_info=\u00a0\u00bb{}\u00a0\u00bb][\/et_pb_divider][et_pb_text _builder_version=\u00a0\u00bb4.27.4&Prime; _module_preset=\u00a0\u00bbdefault\u00a0\u00bb text_font=\u00a0\u00bbBe Vietnam||||||||\u00a0\u00bb text_text_color=\u00a0\u00bb#ffffff\u00a0\u00bb text_font_size=\u00a0\u00bb20px\u00a0\u00bb text_line_height=\u00a0\u00bb1.8em\u00a0\u00bb text_orientation=\u00a0\u00bbcenter\u00a0\u00bb max_width=\u00a0\u00bb753px\u00a0\u00bb module_alignment=\u00a0\u00bbcenter\u00a0\u00bb custom_margin=\u00a0\u00bb-5px||||false|false\u00a0\u00bb text_font_size_tablet=\u00a0\u00bb\u00a0\u00bb text_font_size_phone=\u00a0\u00bb16px\u00a0\u00bb text_font_size_last_edited=\u00a0\u00bbon|phone\u00a0\u00bb global_colors_info=\u00a0\u00bb{}\u00a0\u00bb]<\/p>\n<p>Situ\u00e9 dans le centre de Venise<\/p>\n<p>[\/et_pb_text][et_pb_button button_url=\u00a0\u00bbhttps:\/\/reservation.caalvise.com\/book\/home\/index?layout=13311&amp;lang=en\u00a4cy=EUR&amp;nsid=5d410b1e-73be-4ac0-9ba3-2d531770ca77&amp;_gl=1*1523r31*_ga*MTkyMjQwNDg3LjE3Mzc5Nzc3MTA.*_ga_N4T2YZDXYF*MTc0NjM0OTQ2MS4yMC4xLjE3NDYzNDk1ODUuMC4wLjA.\u00a0\u00bb url_new_window=\u00a0\u00bbon\u00a0\u00bb button_text=\u00a0\u00bbBooking\u00a0\u00bb button_alignment=\u00a0\u00bbcenter\u00a0\u00bb _builder_version=\u00a0\u00bb4.27.4&Prime; _module_preset=\u00a0\u00bbdefault\u00a0\u00bb custom_button=\u00a0\u00bbon\u00a0\u00bb button_text_size=\u00a0\u00bb16px\u00a0\u00bb button_text_color=\u00a0\u00bb#ffffff\u00a0\u00bb button_bg_color=\u00a0\u00bb#3165d9&Prime; button_border_width=\u00a0\u00bb0px\u00a0\u00bb button_border_color=\u00a0\u00bb#3165d9&Prime; button_border_radius=\u00a0\u00bb0px\u00a0\u00bb button_letter_spacing=\u00a0\u00bb1px\u00a0\u00bb button_font=\u00a0\u00bbOswald||||||||\u00a0\u00bb button_use_icon=\u00a0\u00bboff\u00a0\u00bb custom_margin=\u00a0\u00bb40px||||false|false\u00a0\u00bb custom_padding=\u00a0\u00bb15px|50px|15px|50px|true|true\u00a0\u00bb global_colors_info=\u00a0\u00bb{}\u00a0\u00bb button_text_color__hover_enabled=\u00a0\u00bbon|hover\u00a0\u00bb button_text_color__hover=\u00a0\u00bb#000000&Prime; button_bg_color__hover_enabled=\u00a0\u00bbon|hover\u00a0\u00bb button_bg_color__hover=\u00a0\u00bb#ffffff\u00a0\u00bb button_bg_enable_color__hover=\u00a0\u00bbon\u00a0\u00bb button_border_color__hover_enabled=\u00a0\u00bbon|hover\u00a0\u00bb button_border_color__hover=\u00a0\u00bb#ffffff\u00a0\u00bb button_letter_spacing__hover_enabled=\u00a0\u00bbon|desktop\u00a0\u00bb button_letter_spacing__hover=\u00a0\u00bb1px\u00a0\u00bb][\/et_pb_button][\/et_pb_column][\/et_pb_row][\/et_pb_section][et_pb_section fb_built=\u00a0\u00bb1&Prime; _builder_version=\u00a0\u00bb4.16&Prime; _module_preset=\u00a0\u00bbdefault\u00a0\u00bb custom_padding=\u00a0\u00bb180px||0px||false|false\u00a0\u00bb global_colors_info=\u00a0\u00bb{}\u00a0\u00bb][et_pb_row use_custom_gutter=\u00a0\u00bbon\u00a0\u00bb gutter_width=\u00a0\u00bb2&Prime; make_equal=\u00a0\u00bbon\u00a0\u00bb _builder_version=\u00a0\u00bb4.16&Prime; _module_preset=\u00a0\u00bbdefault\u00a0\u00bb width=\u00a0\u00bb90%\u00a0\u00bb width_tablet=\u00a0\u00bb90%\u00a0\u00bb width_phone=\u00a0\u00bb90%\u00a0\u00bb width_last_edited=\u00a0\u00bbon|tablet\u00a0\u00bb max_width=\u00a0\u00bb1170px\u00a0\u00bb max_width_tablet=\u00a0\u00bb90%\u00a0\u00bb max_width_phone=\u00a0\u00bb90%\u00a0\u00bb max_width_last_edited=\u00a0\u00bbon|desktop\u00a0\u00bb custom_padding=\u00a0\u00bb0px||0px||true|\u00a0\u00bb animation_style=\u00a0\u00bbfade\u00a0\u00bb animation_delay=\u00a0\u00bb500ms\u00a0\u00bb global_colors_info=\u00a0\u00bb{}\u00a0\u00bb][et_pb_column type=\u00a0\u00bb4_4&Prime; _builder_version=\u00a0\u00bb4.16&Prime; _module_preset=\u00a0\u00bbdefault\u00a0\u00bb global_colors_info=\u00a0\u00bb{}\u00a0\u00bb][et_pb_text _builder_version=\u00a0\u00bb4.27.4&Prime; _module_preset=\u00a0\u00bbdefault\u00a0\u00bb header_3_font=\u00a0\u00bbPlayfair Display||||||||\u00a0\u00bb header_3_text_align=\u00a0\u00bbcenter\u00a0\u00bb header_3_text_color=\u00a0\u00bb#191919&Prime; header_3_font_size=\u00a0\u00bb50px\u00a0\u00bb header_3_line_height=\u00a0\u00bb1.3em\u00a0\u00bb max_width=\u00a0\u00bb900px\u00a0\u00bb module_alignment=\u00a0\u00bbcenter\u00a0\u00bb custom_margin_tablet=\u00a0\u00bb-10px||||false|false\u00a0\u00bb custom_margin_phone=\u00a0\u00bb-10px||||false|false\u00a0\u00bb custom_margin_last_edited=\u00a0\u00bbon|phone\u00a0\u00bb header_3_font_size_tablet=\u00a0\u00bb\u00a0\u00bb header_3_font_size_phone=\u00a0\u00bb35px\u00a0\u00bb header_3_font_size_last_edited=\u00a0\u00bbon|phone\u00a0\u00bb global_colors_info=\u00a0\u00bb{}\u00a0\u00bb]<\/p>\n<h3>H\u00f4tel Ca&rsquo; Alvise \u2013 Emplacement Central \u00e0 Venise<\/h3>\n<p>[\/et_pb_text][et_pb_text _builder_version=\u00a0\u00bb4.27.4&Prime; _module_preset=\u00a0\u00bbdefault\u00a0\u00bb text_font=\u00a0\u00bb|300|||||||\u00a0\u00bb text_text_color=\u00a0\u00bb#666666&Prime; text_orientation=\u00a0\u00bbcenter\u00a0\u00bb max_width=\u00a0\u00bb1000px\u00a0\u00bb module_alignment=\u00a0\u00bbcenter\u00a0\u00bb custom_margin=\u00a0\u00bb-5px||||false|false\u00a0\u00bb custom_margin_tablet=\u00a0\u00bb-15px||||false|false\u00a0\u00bb custom_margin_phone=\u00a0\u00bb-15px||||false|false\u00a0\u00bb custom_margin_last_edited=\u00a0\u00bbon|phone\u00a0\u00bb global_colors_info=\u00a0\u00bb{}\u00a0\u00bb]<\/p>\n<h1>Contactez l&rsquo;H\u00f4tel Ca&rsquo; Alvise<\/h1>\n<p style=\"text-align: left;\">Situ\u00e9 au c\u0153ur de Venise, \u00e0 seulement 20 m\u00e8tres du c\u00e9l\u00e8bre <strong>Teatro La Fenice<\/strong>, <a href=\"https:\/\/en.wikipedia.org\/wiki\/Teatro_La_Fenice\" target=\"_blank\" rel=\"noopener\"><strong>l&rsquo;H\u00f4tel Ca&rsquo; Alvise<\/strong><\/a> se trouve \u00e0 seulement 200 m\u00e8tres de la <a href=\"https:\/\/www.hotelsinvenice.com\/san-marco\/?lang=en\" target=\"_blank\" rel=\"noopener\"><strong>place Saint-Marc<\/strong><\/a>. Une courte promenade \u00e0 travers les charmantes ruelles de Venise vous m\u00e8nera au magnifique <a href=\"https:\/\/www.venetianquest.com\/grand-canal-venice\/\" target=\"_blank\" rel=\"noopener\"><strong>Grand Canal.<\/strong><\/a> Les nombreux bateaux-bus situ\u00e9s le long du canal facilitent l&rsquo;acc\u00e8s \u00e0 la gare, aux autres quartiers de Venise et aux \u00eeles environnantes.  <\/p>\n<p style=\"text-align: left;\">\u00c0 quelques pas de la place <a href=\"https:\/\/www.hotelsinvenice.com\/san-marco\/?lang=en\" target=\"_blank\" rel=\"noopener\"><strong>Saint-Marc et \u00e0 50<\/strong><\/a> m\u00e8tres du <a href=\"https:\/\/en.wikipedia.org\/wiki\/Teatro_La_Fenice\" target=\"_blank\" rel=\"noopener\"><strong>Teatro La Fenice<\/strong><\/a>, l&rsquo;H\u00f4tel Ca&rsquo; Alvise vous garantit un s\u00e9jour paisible et relaxant dans un quartier charmant de Venise. Vivez l&rsquo;ambiance historique de la ville en \u00e9tant entour\u00e9 d&rsquo;auberges traditionnelles et de restaurants typiquement v\u00e9nitiens. Explorer Venise depuis cet emplacement central vous permettra de d\u00e9couvrir ses secrets et ses recoins cach\u00e9s.  <\/p>\n<p style=\"text-align: left;\">Quelques pas le long de la promenade la plus c\u00e9l\u00e8bre de Venise vous m\u00e8neront vers des sites embl\u00e9matiques tels que la <a href=\"https:\/\/www.basilicasanmarco.it\/?lang=en\" target=\"_blank\" rel=\"noopener\"><strong>basilique Saint-Marc,<\/strong><\/a> le <a href=\"https:\/\/www.hotelsinvenice.com\/san-marco\/?lang=en\" target=\"_blank\" rel=\"noopener\"><strong>Palais des Doges<\/strong><\/a>, le <a href=\"https:\/\/www.hotelsinvenice.com\/san-marco\/\" target=\"_blank\" rel=\"noopener\"><strong>Pont du Rialto<\/strong><\/a>, les chefs-d&rsquo;\u0153uvre de l&rsquo;<a href=\"https:\/\/www.chiesasanzaccaria.org\/\" target=\"_blank\" rel=\"noopener\"><strong>\u00e9glise San Zaccaria<\/strong><\/a> ou les <a href=\"https:\/\/www.gallerieaccademia.it\/en\" target=\"_blank\" rel=\"noopener\"><strong>Gallerie dell&rsquo;Accademia.<\/strong><\/a><\/p>\n<h2 style=\"text-align: left;\">Comment Nous Rejoindre<\/h2>\n<h3 style=\"text-align: left;\">Par Avion :<\/h3>\n<p style=\"text-align: left;\"><strong>Depuis l&rsquo;a\u00e9roport de Venise \u00ab\u00a0Marco Polo\u00a0\u00bb (13 km) :<\/strong><\/p>\n<ul style=\"text-align: left;\">\n<li><strong>Par Voie d&rsquo;Eau<\/strong> : Prenez la navette de l&rsquo;a\u00e9roport jusqu&rsquo;au quai, o\u00f9 vous pouvez embarquer sur un t<a href=\"https:\/\/www.hotelsinvenice.com\/venice\/?lang=en\" target=\"_blank\" rel=\"noopener\"><strong>axi nautique<\/strong><\/a> priv\u00e9 pour rejoindre directement l&rsquo;h\u00f4tel en environ 40 minutes, ou prendre un bateau Alilaguna jusqu&rsquo;\u00e0 San Marco.<\/li>\n<li><strong>Par Voie Terrestre <\/strong>: Prenez la navette ATVO jusqu&rsquo;\u00e0 Venise \u2013 Piazzale Roma, puis continuez avec un taxi nautique priv\u00e9 qui vous am\u00e8ne directement \u00e0 l&rsquo;h\u00f4tel en 15 minutes, ou utilisez les bateaux-bus publics des lignes 1 et 2, qui arrivent \u00e0 San Marco en 15 minutes. De l\u00e0, une marche de 15 minutes vous conduira \u00e0 l&rsquo;h\u00f4tel. <\/li>\n<\/ul>\n<p style=\"text-align: left;\"><strong>From Treviso \u201cAntonio Canova\u201d Airport (30 km):<\/strong><\/p>\n<ul style=\"text-align: left;\">\n<li>Prenez la navette ATVO Eurobus jusqu&rsquo;\u00e0 Venise \u2013 Piazzale Roma, puis poursuivez avec un <a href=\"https:\/\/www.hotelsinvenice.com\/venice\/?lang=en\" target=\"_blank\" rel=\"noopener\"><strong>taxi nautique<\/strong><\/a> priv\u00e9 qui vous am\u00e8ne directement \u00e0 l&rsquo;h\u00f4tel en 15 minutes, ou utilisez les bateaux-bus publics (lignes 1 et 2) qui arrivent \u00e0 San Marco Calle Vallaresso en 15 minutes. De l\u00e0, une marche de 15 minutes vous conduira \u00e0 l&rsquo;h\u00f4tel. <\/li>\n<\/ul>\n<h3 style=\"text-align: left;\">Par Train :<\/h3>\n<ul style=\"text-align: left;\">\n<li>Depuis le quai situ\u00e9 devant la gare de <a href=\"https:\/\/www.trenitalia.com\/en.html\" target=\"_blank\" rel=\"noopener\"><strong>Venise Santa Lucia<\/strong><\/a>, vous pouvez prendre soit un <a href=\"https:\/\/www.hotelsinvenice.com\/venice\/?lang=en\" target=\"_blank\" rel=\"noopener\"><strong>taxi nautique<\/strong><\/a> priv\u00e9, qui arrive devant l&rsquo;H\u00f4tel Ca&rsquo; Alvise en 15 minutes, soit les bateaux-bus publics des lignes 1 et 2, qui atteignent San Marco Calle Vallaresso en 15 minutes. De l\u00e0, une marche de 15 minutes vous conduira \u00e0 l&rsquo;h\u00f4tel. <\/li>\n<\/ul>\n<h3 style=\"text-align: left;\">En Voiture :<\/h3>\n<ul style=\"text-align: left;\">\n<li>Suivez les panneaux en direction de Venise. Garez votre voiture au parking Tronchetto (\u00e0 droite apr\u00e8s le long pont reliant Venise au continent) ou \u00e0 Piazzale Roma, le terminal des voitures. Ensuite, prenez un <a href=\"https:\/\/www.hotelsinvenice.com\/venice\/?lang=en\" target=\"_blank\" rel=\"noopener\"><strong>taxi nautique<\/strong><\/a> priv\u00e9 qui vous am\u00e8nera directement \u00e0 l&rsquo;h\u00f4tel en environ 20 minutes, ou utilisez les bateaux-bus publics des lignes 1 et 2 jusqu&rsquo;\u00e0 San Marco Calle Vallaresso. Descendez apr\u00e8s 15-20 minutes \u00e0 San Marco Calle Vallaresso et marchez pendant 10 minutes pour rejoindre l&rsquo;h\u00f4tel.   <\/li>\n<\/ul>\n<h3 style=\"text-align: left;\">Informations Suppl\u00e9mentaires<\/h3>\n<p style=\"text-align: left;\">We are located in the center of Venice, only 200 meters from <a href=\"https:\/\/www.hotelsinvenice.com\/san-marco\/?lang=en\" target=\"_blank\" rel=\"noopener\"><strong>St. Mark\u2019s Square<\/strong><\/a>. A taxi can take you directly to the hotel. A <strong>free luggage storage service<\/strong> is available for your convenience.  <\/p>\n<p>&nbsp;<\/p>\n<p>[\/et_pb_text][\/et_pb_column][\/et_pb_row][\/et_pb_section][et_pb_section fb_built=\u00a0\u00bb1&Prime; fullwidth=\u00a0\u00bbon\u00a0\u00bb _builder_version=\u00a0\u00bb4.27.4&Prime; _module_preset=\u00a0\u00bbdefault\u00a0\u00bb global_colors_info=\u00a0\u00bb{}\u00a0\u00bb][et_pb_fullwidth_map address=\u00a0\u00bbCalle de la Verona, 3673, 30124 Venezia VE, Italia\u00a0\u00bb address_lat=\u00a0\u00bb45.4344997&Prime; address_lng=\u00a0\u00bb12.3334278&Prime; _builder_version=\u00a0\u00bb4.27.4&Prime; _module_preset=\u00a0\u00bbdefault\u00a0\u00bb hover_enabled=\u00a0\u00bb0&Prime; global_colors_info=\u00a0\u00bb{}\u00a0\u00bb sticky_enabled=\u00a0\u00bb0&Prime;][et_pb_map_pin _builder_version=\u00a0\u00bb4.27.4&Prime; _module_preset=\u00a0\u00bbdefault\u00a0\u00bb hover_enabled=\u00a0\u00bb0&Prime; sticky_enabled=\u00a0\u00bb0&Prime;][\/et_pb_map_pin][et_pb_map_pin _builder_version=\u00a0\u00bb4.27.4&Prime; _module_preset=\u00a0\u00bbdefault\u00a0\u00bb pin_address=\u00a0\u00bbCalle de la Verona, 3673, 30124 Venezia VE, Italia\u00a0\u00bb pin_address_lat=\u00a0\u00bb45.4344282&Prime; pin_address_lng=\u00a0\u00bb12.3334455&Prime; hover_enabled=\u00a0\u00bb0&Prime; sticky_enabled=\u00a0\u00bb0&Prime;][\/et_pb_map_pin][\/et_pb_fullwidth_map][\/et_pb_section][et_pb_section fb_built=\u00a0\u00bb1&Prime; _builder_version=\u00a0\u00bb4.16&Prime; _module_preset=\u00a0\u00bbdefault\u00a0\u00bb background_color=\u00a0\u00bb#191919&Prime; custom_padding=\u00a0\u00bb60px||60px||true|false\u00a0\u00bb animation_style=\u00a0\u00bbslide\u00a0\u00bb animation_direction=\u00a0\u00bbbottom\u00a0\u00bb animation_duration=\u00a0\u00bb1500ms\u00a0\u00bb animation_delay=\u00a0\u00bb500ms\u00a0\u00bb global_colors_info=\u00a0\u00bb{}\u00a0\u00bb][et_pb_row column_structure=\u00a0\u00bb2_3,1_3&Prime; use_custom_gutter=\u00a0\u00bbon\u00a0\u00bb gutter_width=\u00a0\u00bb2&Prime; make_equal=\u00a0\u00bbon\u00a0\u00bb _builder_version=\u00a0\u00bb4.16&Prime; _module_preset=\u00a0\u00bbdefault\u00a0\u00bb width=\u00a0\u00bb90%\u00a0\u00bb width_tablet=\u00a0\u00bb90%\u00a0\u00bb width_phone=\u00a0\u00bb90%\u00a0\u00bb width_last_edited=\u00a0\u00bbon|tablet\u00a0\u00bb max_width=\u00a0\u00bb1170px\u00a0\u00bb max_width_tablet=\u00a0\u00bb90%\u00a0\u00bb max_width_phone=\u00a0\u00bb90%\u00a0\u00bb max_width_last_edited=\u00a0\u00bbon|desktop\u00a0\u00bb custom_padding=\u00a0\u00bb0px||3px||false|false\u00a0\u00bb global_colors_info=\u00a0\u00bb{}\u00a0\u00bb][et_pb_column type=\u00a0\u00bb2_3&Prime; _builder_version=\u00a0\u00bb4.16&Prime; _module_preset=\u00a0\u00bbdefault\u00a0\u00bb global_colors_info=\u00a0\u00bb{}\u00a0\u00bb][et_pb_text _builder_version=\u00a0\u00bb4.27.4&Prime; _module_preset=\u00a0\u00bbdefault\u00a0\u00bb text_font=\u00a0\u00bbPlayfair Display||||||||\u00a0\u00bb text_text_color=\u00a0\u00bb#ffffff\u00a0\u00bb text_font_size=\u00a0\u00bb35px\u00a0\u00bb text_line_height=\u00a0\u00bb1.4em\u00a0\u00bb max_width=\u00a0\u00bb482px\u00a0\u00bb module_alignment=\u00a0\u00bbleft\u00a0\u00bb link_option_url=\u00a0\u00bbhttps:\/\/reservation.caalvise.com\/book\/home\/index?layout=13311&amp;lang=en&amp;currency=EUR&amp;nsid=5d410b1e-73be-4ac0-9ba3-2d531770ca77&Prime; link_option_url_new_window=\u00a0\u00bbon\u00a0\u00bb global_colors_info=\u00a0\u00bb{}\u00a0\u00bb]<\/p>\n<p>Hotel Ca&rsquo; Alvise<\/p>\n<p>[\/et_pb_text][\/et_pb_column][et_pb_column type=\u00a0\u00bb1_3&Prime; _builder_version=\u00a0\u00bb4.16&Prime; _module_preset=\u00a0\u00bbdefault\u00a0\u00bb global_colors_info=\u00a0\u00bb{}\u00a0\u00bb][et_pb_button button_text=\u00a0\u00bbR\u00e9servation\u00a0\u00bb button_alignment=\u00a0\u00bbright\u00a0\u00bb _builder_version=\u00a0\u00bb4.27.4&Prime; _module_preset=\u00a0\u00bbdefault\u00a0\u00bb custom_button=\u00a0\u00bbon\u00a0\u00bb button_text_size=\u00a0\u00bb16px\u00a0\u00bb button_text_color=\u00a0\u00bb#ffffff\u00a0\u00bb button_bg_color=\u00a0\u00bbrgba(0,0,0,0)\u00a0\u00bb button_border_width=\u00a0\u00bb2px\u00a0\u00bb button_border_color=\u00a0\u00bb#ffffff\u00a0\u00bb button_border_radius=\u00a0\u00bb0px\u00a0\u00bb button_letter_spacing=\u00a0\u00bb1px\u00a0\u00bb button_font=\u00a0\u00bbOswald||||||||\u00a0\u00bb button_use_icon=\u00a0\u00bboff\u00a0\u00bb custom_margin=\u00a0\u00bb20px||||false|false\u00a0\u00bb custom_padding=\u00a0\u00bb15px|50px|15px|50px|true|true\u00a0\u00bb global_colors_info=\u00a0\u00bb{}\u00a0\u00bb button_text_color__hover_enabled=\u00a0\u00bbon|hover\u00a0\u00bb button_text_color__hover=\u00a0\u00bb#ffffff\u00a0\u00bb button_bg_color__hover_enabled=\u00a0\u00bbon|desktop\u00a0\u00bb button_bg_color__hover=\u00a0\u00bb#3165d9&Prime; button_bg_enable_color__hover=\u00a0\u00bbon\u00a0\u00bb button_border_color__hover_enabled=\u00a0\u00bbon|desktop\u00a0\u00bb button_border_color__hover=\u00a0\u00bb#3165d9&Prime; button_letter_spacing__hover_enabled=\u00a0\u00bbon|hover\u00a0\u00bb button_letter_spacing__hover=\u00a0\u00bb1px\u00a0\u00bb][\/et_pb_button][\/et_pb_column][\/et_pb_row][\/et_pb_section]<\/p>\n","protected":false},"excerpt":{"rendered":"<p>Hotel Ca&rsquo; AlviseH\u00f4tel 4 \u00e9toiles \u00e0 VeniseSitu\u00e9 dans le centre de VeniseH\u00f4tel Ca&rsquo; Alvise \u2013 Emplacement Central \u00e0 VeniseContactez l&rsquo;H\u00f4tel Ca&rsquo; Alvise Situ\u00e9 au c\u0153ur de Venise, \u00e0 seulement 20 m\u00e8tres du c\u00e9l\u00e8bre Teatro La Fenice, l&rsquo;H\u00f4tel Ca&rsquo; Alvise se trouve \u00e0 seulement 200 m\u00e8tres de la place Saint-Marc. Une courte promenade \u00e0 travers les [&hellip;]<\/p>\n","protected":false},"author":1,"featured_media":0,"parent":0,"menu_order":0,"comment_status":"closed","ping_status":"closed","template":"","meta":{"_et_pb_use_builder":"on","_et_pb_old_content":"","_et_gb_content_width":"","footnotes":""},"class_list":["post-87769","page","type-page","status-publish","hentry"],"_links":{"self":[{"href":"https:\/\/caalvise.com\/fr\/wp-json\/wp\/v2\/pages\/87769","targetHints":{"allow":["GET"]}}],"collection":[{"href":"https:\/\/caalvise.com\/fr\/wp-json\/wp\/v2\/pages"}],"about":[{"href":"https:\/\/caalvise.com\/fr\/wp-json\/wp\/v2\/types\/page"}],"author":[{"embeddable":true,"href":"https:\/\/caalvise.com\/fr\/wp-json\/wp\/v2\/users\/1"}],"replies":[{"embeddable":true,"href":"https:\/\/caalvise.com\/fr\/wp-json\/wp\/v2\/comments?post=87769"}],"version-history":[{"count":12,"href":"https:\/\/caalvise.com\/fr\/wp-json\/wp\/v2\/pages\/87769\/revisions"}],"predecessor-version":[{"id":88548,"href":"https:\/\/caalvise.com\/fr\/wp-json\/wp\/v2\/pages\/87769\/revisions\/88548"}],"wp:attachment":[{"href":"https:\/\/caalvise.com\/fr\/wp-json\/wp\/v2\/media?parent=87769"}],"curies":[{"name":"wp","href":"https:\/\/api.w.org\/{rel}","templated":true}]}}