{"id":87702,"date":"2025-04-20T05:16:15","date_gmt":"2025-04-20T05:16:15","guid":{"rendered":"https:\/\/caalvise.com\/contatti\/"},"modified":"2026-02-25T12:59:33","modified_gmt":"2026-02-25T12:59:33","slug":"contatti","status":"publish","type":"page","link":"https:\/\/caalvise.com\/it\/contatti\/","title":{"rendered":"Contatti"},"content":{"rendered":"<p>[et_pb_section fb_built=&#8221;1&#8243; custom_padding_last_edited=&#8221;on|phone&#8221; _builder_version=&#8221;4.27.4&#8243; _module_preset=&#8221;default&#8221; use_background_color_gradient=&#8221;on&#8221; background_color_gradient_stops=&#8221;rgba(0,0,0,0.31) 0%|rgba(0,0,0,0.28) 100%&#8221; background_color_gradient_overlays_image=&#8221;on&#8221; background_color_gradient_start=&#8221;rgba(0,0,0,0.31)&#8221; background_color_gradient_end=&#8221;rgba(0,0,0,0.28)&#8221; background_image=&#8221;http:\/\/caalvise.com\/wp-content\/uploads\/2025\/04\/hotel-ca-alvise-venezia-69.jpg&#8221; custom_padding=&#8221;31vh||31vh||true|false&#8221; custom_padding_tablet=&#8221;15vh||15vh||true|false&#8221; custom_padding_phone=&#8221;15vh||15vh||true|false&#8221; global_colors_info=&#8221;{}&#8221;][et_pb_row use_custom_gutter=&#8221;on&#8221; gutter_width=&#8221;2&#8243; make_equal=&#8221;on&#8221; _builder_version=&#8221;4.16&#8243; _module_preset=&#8221;default&#8221; width=&#8221;90%&#8221; width_tablet=&#8221;90%&#8221; width_phone=&#8221;90%&#8221; width_last_edited=&#8221;on|tablet&#8221; max_width=&#8221;1170px&#8221; max_width_tablet=&#8221;90%&#8221; max_width_phone=&#8221;90%&#8221; max_width_last_edited=&#8221;on|desktop&#8221; custom_padding=&#8221;0px||12px||false|false&#8221; animation_style=&#8221;slide&#8221; animation_duration=&#8221;1500ms&#8221; global_colors_info=&#8221;{}&#8221;][et_pb_column type=&#8221;4_4&#8243; _builder_version=&#8221;4.16&#8243; _module_preset=&#8221;default&#8221; global_colors_info=&#8221;{}&#8221;][et_pb_text _builder_version=&#8221;4.27.4&#8243; _module_preset=&#8221;default&#8221; header_font=&#8221;Playfair Display|||on|||||&#8221; header_text_align=&#8221;center&#8221; header_text_color=&#8221;#ffffff&#8221; header_font_size=&#8221;80px&#8221; header_letter_spacing=&#8221;1px&#8221; header_font_size_tablet=&#8221;&#8221; header_font_size_phone=&#8221;40px&#8221; header_font_size_last_edited=&#8221;on|phone&#8221; header_line_height_tablet=&#8221;&#8221; header_line_height_phone=&#8221;1.2em&#8221; header_line_height_last_edited=&#8221;on|phone&#8221; global_colors_info=&#8221;{}&#8221;]<\/p>\n<h1>Hotel Ca&#8217; alvise<\/h1>\n<p>[\/et_pb_text][et_pb_text _builder_version=&#8221;4.27.4&#8243; _module_preset=&#8221;default&#8221; text_font=&#8221;Playfair Display|||on|||||&#8221; text_text_color=&#8221;#ffffff&#8221; text_font_size=&#8221;24px&#8221; text_letter_spacing=&#8221;5px&#8221; text_line_height=&#8221;1em&#8221; text_orientation=&#8221;center&#8221; custom_margin=&#8221;-5px||||false|false&#8221; custom_margin_tablet=&#8221;-15px||||false|false&#8221; custom_margin_phone=&#8221;-15px||||false|false&#8221; custom_margin_last_edited=&#8221;on|phone&#8221; text_font_size_tablet=&#8221;&#8221; text_font_size_phone=&#8221;20px&#8221; text_font_size_last_edited=&#8221;on|phone&#8221; text_line_height_tablet=&#8221;&#8221; text_line_height_phone=&#8221;1.2em&#8221; text_line_height_last_edited=&#8221;on|phone&#8221; global_colors_info=&#8221;{}&#8221;]<\/p>\n<p>Hotel 4 stelle a Venezia<\/p>\n<p>[\/et_pb_text][et_pb_divider color=&#8221;#ffffff&#8221; _builder_version=&#8221;4.16&#8243; _module_preset=&#8221;default&#8221; max_width=&#8221;180px&#8221; module_alignment=&#8221;center&#8221; custom_margin=&#8221;25px||||false|false&#8221; global_colors_info=&#8221;{}&#8221;][\/et_pb_divider][et_pb_text _builder_version=&#8221;4.27.4&#8243; _module_preset=&#8221;default&#8221; text_font=&#8221;Be Vietnam||||||||&#8221; text_text_color=&#8221;#ffffff&#8221; text_font_size=&#8221;20px&#8221; text_line_height=&#8221;1.8em&#8221; text_orientation=&#8221;center&#8221; max_width=&#8221;753px&#8221; module_alignment=&#8221;center&#8221; custom_margin=&#8221;-5px||||false|false&#8221; text_font_size_tablet=&#8221;&#8221; text_font_size_phone=&#8221;16px&#8221; text_font_size_last_edited=&#8221;on|phone&#8221; global_colors_info=&#8221;{}&#8221;]<\/p>\n<p>Situato nel centro di Venezia<\/p>\n<p>[\/et_pb_text][et_pb_button button_url=&#8221;https:\/\/reservation.caalvise.com\/book\/home\/index?layout=13311&#038;lang=en&#038;currency=EUR&#038;nsid=5d410b1e-73be-4ac0-9ba3-2d531770ca77&#038;_gl=1*1523r31*_ga*MTkyMjQwNDg3LjE3Mzc5Nzc3MTA.*_ga_N4T2YZDXYF*MTc0NjM0OTQ2MS4yMC4xLjE3NDYzNDk1ODUuMC4wLjA.&#8221; url_new_window=&#8221;on&#8221; button_text=&#8221;Prenotazione&#8221; button_alignment=&#8221;center&#8221; _builder_version=&#8221;4.27.4&#8243; _module_preset=&#8221;default&#8221; custom_button=&#8221;on&#8221; button_text_size=&#8221;16px&#8221; button_text_color=&#8221;#ffffff&#8221; button_bg_color=&#8221;#3165d9&#8243; button_border_width=&#8221;0px&#8221; button_border_color=&#8221;#3165d9&#8243; button_border_radius=&#8221;0px&#8221; button_letter_spacing=&#8221;1px&#8221; button_font=&#8221;Oswald||||||||&#8221; button_use_icon=&#8221;off&#8221; custom_margin=&#8221;40px||||false|false&#8221; custom_padding=&#8221;15px|50px|15px|50px|true|true&#8221; global_colors_info=&#8221;{}&#8221; button_text_color__hover_enabled=&#8221;on|hover&#8221; button_text_color__hover=&#8221;#000000&#8243; button_bg_color__hover_enabled=&#8221;on|hover&#8221; button_bg_color__hover=&#8221;#ffffff&#8221; button_bg_enable_color__hover=&#8221;on&#8221; button_border_color__hover_enabled=&#8221;on|hover&#8221; button_border_color__hover=&#8221;#ffffff&#8221; button_letter_spacing__hover_enabled=&#8221;on|desktop&#8221; button_letter_spacing__hover=&#8221;1px&#8221;][\/et_pb_button][\/et_pb_column][\/et_pb_row][\/et_pb_section][et_pb_section fb_built=&#8221;1&#8243; _builder_version=&#8221;4.16&#8243; _module_preset=&#8221;default&#8221; custom_padding=&#8221;180px||0px||false|false&#8221; global_colors_info=&#8221;{}&#8221;][et_pb_row use_custom_gutter=&#8221;on&#8221; gutter_width=&#8221;2&#8243; make_equal=&#8221;on&#8221; _builder_version=&#8221;4.16&#8243; _module_preset=&#8221;default&#8221; width=&#8221;90%&#8221; width_tablet=&#8221;90%&#8221; width_phone=&#8221;90%&#8221; width_last_edited=&#8221;on|tablet&#8221; max_width=&#8221;1170px&#8221; max_width_tablet=&#8221;90%&#8221; max_width_phone=&#8221;90%&#8221; max_width_last_edited=&#8221;on|desktop&#8221; custom_padding=&#8221;0px||0px||true|&#8221; animation_style=&#8221;fade&#8221; animation_delay=&#8221;500ms&#8221; global_colors_info=&#8221;{}&#8221;][et_pb_column type=&#8221;4_4&#8243; _builder_version=&#8221;4.16&#8243; _module_preset=&#8221;default&#8221; global_colors_info=&#8221;{}&#8221;][et_pb_text _builder_version=&#8221;4.27.5&#8243; _module_preset=&#8221;default&#8221; header_3_font=&#8221;Playfair Display||||||||&#8221; header_3_text_align=&#8221;center&#8221; header_3_text_color=&#8221;#191919&#8243; header_3_font_size=&#8221;50px&#8221; header_3_line_height=&#8221;1.3em&#8221; max_width=&#8221;900px&#8221; module_alignment=&#8221;center&#8221; custom_margin_tablet=&#8221;-10px||||false|false&#8221; custom_margin_phone=&#8221;-10px||||false|false&#8221; custom_margin_last_edited=&#8221;on|phone&#8221; header_3_font_size_tablet=&#8221;&#8221; header_3_font_size_phone=&#8221;35px&#8221; header_3_font_size_last_edited=&#8221;on|phone&#8221; global_colors_info=&#8221;{}&#8221;]<\/p>\n<section id=\"position-detail\">\n<h3 style=\"text-align: center;\">Hotel Ca&#8217; Alvise &#8211; Posizione centrale a Venezia<\/h3>\n<p style=\"text-align: center;\">Soggiornare all&#8217;<strong>Hotel Ca&#8217; Alvise<\/strong> significa trovarsi nel vero baricentro della cultura veneziana. La nostra posizione privilegiata nel sestiere di San Marco vi permette di raggiungere in soli 5 minuti a piedi la maestosa <strong>Piazza San Marco<\/strong> e il celebre <strong>Ponte di Rialto<\/strong>. Situato a pochi passi dal prestigioso <strong>Teatro La Fenice<\/strong>, il nostro hotel \u00e8 la base ideale per chi desidera esplorare la citt\u00e0 senza rinunciare alla tranquillit\u00e0 di una calle riparata dal flusso turistico principale.<\/p>\n<div style=\"text-align: center; margin-top: 20px;\">\n<ul style=\"display: inline-block; text-align: left; list-style-type: none; padding: 0;\">\n<li>\ud83d\udccd <strong>Teatro La Fenice:<\/strong> 2 minuti a piedi<\/li>\n<li>\ud83d\udccd <strong>Piazza San Marco:<\/strong> 5 minuti a piedi<\/li>\n<li>\ud83d\udccd <strong>Ponte di Rialto:<\/strong> 7 minuti a piedi<\/li>\n<li>\ud83d\udccd <strong>Fermata Vaporetto (Sant&#8217;Angelo):<\/strong> Collegamento diretto con l&#8217;Aeroporto e la Stazione<\/li>\n<\/ul>\n<\/div>\n<\/section>\n<p>[\/et_pb_text][et_pb_text _builder_version=&#8221;4.27.5&#8243; _module_preset=&#8221;default&#8221; text_font=&#8221;|300|||||||&#8221; text_text_color=&#8221;#666666&#8243; text_orientation=&#8221;center&#8221; max_width=&#8221;1000px&#8221; module_alignment=&#8221;center&#8221; custom_margin=&#8221;-5px||||false|false&#8221; custom_margin_tablet=&#8221;-15px||||false|false&#8221; custom_margin_phone=&#8221;-15px||||false|false&#8221; custom_margin_last_edited=&#8221;on|phone&#8221; global_colors_info=&#8221;{}&#8221;]<\/p>\n<section id=\"contatti-posizione\">\n<h1 style=\"text-align: left;\">Contatti e Posizione \u2013 Hotel Ca&#8217; Alvise<\/h1>\n<p style=\"text-align: left;\">Situato nel cuore pulsante di Venezia, a soli 20 metri dal leggendario <a href=\"https:\/\/en.wikipedia.org\/wiki\/Teatro_La_Fenice\" target=\"_blank\" rel=\"noopener\"><strong>Teatro La Fenice<\/strong><\/a> e a meno di 200 metri da <a href=\"https:\/\/www.hotelsinvenice.com\/san-marco\/\" target=\"_blank\" rel=\"noopener\"><strong>Piazza San Marco<\/strong><\/a>, l&#8217;<strong>Hotel Ca&#8217; Alvise<\/strong> vanta una posizione invidiabile. Una breve passeggiata tra le calli pi\u00f9 eleganti vi condurr\u00e0 al <strong>Canal Grande<\/strong>, dove i vaporetti vi permetteranno di raggiungere facilmente la stazione ferroviaria, le isole della laguna e ogni angolo della citt\u00e0.<\/p>\n<p style=\"text-align: left;\">Scegliere l&#8217;Hotel Ca&#8217; Alvise significa garantirsi un soggiorno tranquillo in una zona ricca di storia, circondati da botteghe artigiane, locande tradizionali e i monumenti pi\u00f9 iconici della Serenissima: dalla <a href=\"https:\/\/www.basilicasanmarco.it\/\" target=\"_blank\" rel=\"noopener\"><strong>Basilica di San Marco<\/strong><\/a> al <a href=\"https:\/\/www.hotelsinvenice.com\/san-marco\/\" target=\"_blank\" rel=\"noopener\"><strong>Ponte di Rialto<\/strong><\/a>, fino alle prestigiose <a href=\"https:\/\/www.gallerieaccademia.it\/\" target=\"_blank\" rel=\"noopener\"><strong>Gallerie dell&#8217;Accademia<\/strong><\/a>.<\/p>\n<h2 style=\"text-align: left;\">Come Raggiungerci<\/h2>\n<h3 style=\"text-align: left;\">\u2708\ufe0f In aereo<\/h3>\n<p style=\"text-align: left;\"><strong>Dall&#8217;aeroporto di Venezia &#8220;Marco Polo&#8221; (VCE):<\/strong><\/p>\n<ul style=\"text-align: left;\">\n<li><strong>Via acqua:<\/strong> \u00c8 possibile imbarcarsi su un <strong>taxi acqueo<\/strong> privato per raggiungere l&#8217;hotel direttamente in circa 40 minuti, oppure utilizzare il servizio pubblico Alilaguna (Linea Arancio o Blu) fino alla fermata San Marco o Sant&#8217;Angelo.<\/li>\n<li><strong>Via terra:<\/strong> Navetta ATVO o bus linea 5 fino a Piazzale Roma. Da l\u00ec, proseguite con taxi acqueo privato (15 min) o con il vaporetto pubblico (Linee 1 o 2) fino alla fermata San Marco Vallaresso o Sant&#8217;Angelo.<\/li>\n<\/ul>\n<p style=\"text-align: left;\"><strong>Dall&#8217;aeroporto di Treviso &#8220;Antonio Canova&#8221; (TSF):<\/strong><\/p>\n<ul style=\"text-align: left;\">\n<li>Prendete la navetta ATVO Eurobus per Venezia &#8211; Piazzale Roma. Da qui, proseguite con un taxi acqueo privato o con i vaporetti pubblici (Linee 1 o 2) fino a San Marco Vallaresso. L&#8217;hotel \u00e8 facilmente raggiungibile a piedi dalla fermata.<\/li>\n<\/ul>\n<h3 style=\"text-align: left;\"> In treno<\/h3>\n<ul style=\"text-align: left;\">\n<li>Dalla <strong>Stazione di Venezia Santa Lucia<\/strong>, potete prendere un taxi acqueo privato che vi porter\u00e0 all&#8217;Hotel Ca&#8217; Alvise in 15 minuti, oppure utilizzare i vaporetti pubblici (Linee 1 o 2) scendendo a San Marco Vallaresso o Sant&#8217;Angelo. Da entrambe le fermate, l&#8217;hotel dista circa 10-15 minuti a piedi.<\/li>\n<\/ul>\n<h3 style=\"text-align: left;\">\ud83d\ude97 In auto<\/h3>\n<ul style=\"text-align: left;\">\n<li>Dopo aver parcheggiato al Tronchetto o a Piazzale Roma, il modo pi\u00f9 rapido per raggiungerci \u00e8 un taxi acqueo privato (circa 20 minuti). In alternativa, i vaporetti Linea 1 o 2 vi porteranno a San Marco Vallaresso in circa 20 minuti; da l\u00ec proseguite a piedi seguendo le indicazioni per il Teatro La Fenice.<\/li>\n<\/ul>\n<h3 style=\"text-align: left;\">Informazioni Utili<\/h3>\n<p style=\"text-align: left;\">L&#8217;Hotel Ca&#8217; Alvise dispone di una porta d&#8217;acqua privata, permettendo ai taxi acquei di lasciarvi direttamente all&#8217;ingresso. Per tutti i nostri ospiti \u00e8 disponibile un <strong>servizio di deposito bagagli gratuito<\/strong> per godersi la citt\u00e0 in totale libert\u00e0 fino all&#8217;ultimo momento.<\/p>\n<\/section>\n<p>[\/et_pb_text][\/et_pb_column][\/et_pb_row][\/et_pb_section][et_pb_section fb_built=&#8221;1&#8243; fullwidth=&#8221;on&#8221; _builder_version=&#8221;4.27.4&#8243; _module_preset=&#8221;default&#8221; global_colors_info=&#8221;{}&#8221;][et_pb_fullwidth_map address=&#8221;Calle de la Verona, 3673, 30124 Venezia VE, Italia&#8221; address_lat=&#8221;45.4344997&#8243; address_lng=&#8221;12.3334278&#8243; _builder_version=&#8221;4.27.4&#8243; _module_preset=&#8221;default&#8221; global_colors_info=&#8221;{}&#8221;][et_pb_map_pin _builder_version=&#8221;4.27.4&#8243; _module_preset=&#8221;default&#8221; global_colors_info=&#8221;{}&#8221;][\/et_pb_map_pin][et_pb_map_pin pin_address=&#8221;Calle de la Verona, 3673, 30124 Venezia VE, Italia&#8221; pin_address_lat=&#8221;45.4344282&#8243; pin_address_lng=&#8221;12.3334455&#8243; _builder_version=&#8221;4.27.4&#8243; _module_preset=&#8221;default&#8221; global_colors_info=&#8221;{}&#8221;][\/et_pb_map_pin][\/et_pb_fullwidth_map][\/et_pb_section][et_pb_section fb_built=&#8221;1&#8243; _builder_version=&#8221;4.16&#8243; _module_preset=&#8221;default&#8221; background_color=&#8221;#191919&#8243; custom_padding=&#8221;60px||60px||true|false&#8221; animation_style=&#8221;slide&#8221; animation_direction=&#8221;bottom&#8221; animation_duration=&#8221;1500ms&#8221; animation_delay=&#8221;500ms&#8221; global_colors_info=&#8221;{}&#8221;][et_pb_row column_structure=&#8221;2_3,1_3&#8243; use_custom_gutter=&#8221;on&#8221; gutter_width=&#8221;2&#8243; make_equal=&#8221;on&#8221; _builder_version=&#8221;4.16&#8243; _module_preset=&#8221;default&#8221; width=&#8221;90%&#8221; width_tablet=&#8221;90%&#8221; width_phone=&#8221;90%&#8221; width_last_edited=&#8221;on|tablet&#8221; max_width=&#8221;1170px&#8221; max_width_tablet=&#8221;90%&#8221; max_width_phone=&#8221;90%&#8221; max_width_last_edited=&#8221;on|desktop&#8221; custom_padding=&#8221;0px||3px||false|false&#8221; global_colors_info=&#8221;{}&#8221;][et_pb_column type=&#8221;2_3&#8243; _builder_version=&#8221;4.16&#8243; _module_preset=&#8221;default&#8221; global_colors_info=&#8221;{}&#8221;][et_pb_text _builder_version=&#8221;4.27.4&#8243; _module_preset=&#8221;default&#8221; text_font=&#8221;Playfair Display||||||||&#8221; text_text_color=&#8221;#ffffff&#8221; text_font_size=&#8221;35px&#8221; text_line_height=&#8221;1.4em&#8221; max_width=&#8221;482px&#8221; module_alignment=&#8221;left&#8221; link_option_url=&#8221;https:\/\/reservation.caalvise.com\/book\/home\/index?layout=13311&#038;lang=it\u00a4cy=EUR&#038;nsid=5d410b1e-73be-4ac0-9ba3-2d531770ca77&#8243; link_option_url_new_window=&#8221;on&#8221; global_colors_info=&#8221;{}&#8221;]<\/p>\n<p>Hotel Ca&#8217; alvise<\/p>\n<p>[\/et_pb_text][\/et_pb_column][et_pb_column type=&#8221;1_3&#8243; _builder_version=&#8221;4.16&#8243; _module_preset=&#8221;default&#8221; global_colors_info=&#8221;{}&#8221;][et_pb_button button_text=&#8221;Prenota&#8221; button_alignment=&#8221;right&#8221; _builder_version=&#8221;4.27.4&#8243; _module_preset=&#8221;default&#8221; custom_button=&#8221;on&#8221; button_text_size=&#8221;16px&#8221; button_text_color=&#8221;#ffffff&#8221; button_bg_color=&#8221;rgba(0,0,0,0)&#8221; button_border_width=&#8221;2px&#8221; button_border_color=&#8221;#ffffff&#8221; button_border_radius=&#8221;0px&#8221; button_letter_spacing=&#8221;1px&#8221; button_font=&#8221;Oswald||||||||&#8221; button_use_icon=&#8221;off&#8221; custom_margin=&#8221;20px||||false|false&#8221; custom_padding=&#8221;15px|50px|15px|50px|true|true&#8221; global_colors_info=&#8221;{}&#8221; button_text_color__hover_enabled=&#8221;on|hover&#8221; button_text_color__hover=&#8221;#ffffff&#8221; button_bg_color__hover_enabled=&#8221;on|desktop&#8221; button_bg_color__hover=&#8221;#3165d9&#8243; button_bg_enable_color__hover=&#8221;on&#8221; button_border_color__hover_enabled=&#8221;on|desktop&#8221; button_border_color__hover=&#8221;#3165d9&#8243; button_letter_spacing__hover_enabled=&#8221;on|hover&#8221; button_letter_spacing__hover=&#8221;1px&#8221;][\/et_pb_button][\/et_pb_column][\/et_pb_row][\/et_pb_section]<\/p>\n","protected":false},"excerpt":{"rendered":"<p>Hotel Ca&#8217; alviseHotel 4 stelle a VeneziaSituato nel centro di Venezia Hotel Ca&#8217; Alvise &#8211; Posizione centrale a Venezia Soggiornare all&#8217;Hotel Ca&#8217; Alvise significa trovarsi nel vero baricentro della cultura veneziana. La nostra posizione privilegiata nel sestiere di San Marco vi permette di raggiungere in soli 5 minuti a piedi la maestosa Piazza San Marco [&hellip;]<\/p>\n","protected":false},"author":1,"featured_media":0,"parent":0,"menu_order":0,"comment_status":"closed","ping_status":"closed","template":"","meta":{"_et_pb_use_builder":"on","_et_pb_old_content":"","_et_gb_content_width":"","footnotes":""},"class_list":["post-87702","page","type-page","status-publish","hentry"],"_links":{"self":[{"href":"https:\/\/caalvise.com\/it\/wp-json\/wp\/v2\/pages\/87702","targetHints":{"allow":["GET"]}}],"collection":[{"href":"https:\/\/caalvise.com\/it\/wp-json\/wp\/v2\/pages"}],"about":[{"href":"https:\/\/caalvise.com\/it\/wp-json\/wp\/v2\/types\/page"}],"author":[{"embeddable":true,"href":"https:\/\/caalvise.com\/it\/wp-json\/wp\/v2\/users\/1"}],"replies":[{"embeddable":true,"href":"https:\/\/caalvise.com\/it\/wp-json\/wp\/v2\/comments?post=87702"}],"version-history":[{"count":25,"href":"https:\/\/caalvise.com\/it\/wp-json\/wp\/v2\/pages\/87702\/revisions"}],"predecessor-version":[{"id":88891,"href":"https:\/\/caalvise.com\/it\/wp-json\/wp\/v2\/pages\/87702\/revisions\/88891"}],"wp:attachment":[{"href":"https:\/\/caalvise.com\/it\/wp-json\/wp\/v2\/media?parent=87702"}],"curies":[{"name":"wp","href":"https:\/\/api.w.org\/{rel}","templated":true}]}}