{"id":88580,"date":"2025-12-05T15:08:24","date_gmt":"2025-12-05T15:08:24","guid":{"rendered":"https:\/\/caalvise.com\/?page_id=88580"},"modified":"2025-12-05T15:12:11","modified_gmt":"2025-12-05T15:12:11","slug":"hotel-vicino-piazza-san-marco-ca-alvise","status":"publish","type":"page","link":"https:\/\/caalvise.com\/it\/hotel-vicino-piazza-san-marco-ca-alvise\/","title":{"rendered":"Hotel vicino Piazza San Marco \u2013 Ca\u2019 Alvise"},"content":{"rendered":"<p>[et_pb_section fb_built=&#8221;1&#8243; theme_builder_area=&#8221;post_content&#8221; _builder_version=&#8221;4.27.4&#8243; _module_preset=&#8221;default&#8221;][et_pb_row _builder_version=&#8221;4.27.4&#8243; _module_preset=&#8221;default&#8221; theme_builder_area=&#8221;post_content&#8221;][et_pb_column _builder_version=&#8221;4.27.4&#8243; _module_preset=&#8221;default&#8221; type=&#8221;4_4&#8243; theme_builder_area=&#8221;post_content&#8221;][et_pb_text _builder_version=&#8221;4.27.4&#8243; _module_preset=&#8221;default&#8221; theme_builder_area=&#8221;post_content&#8221; hover_enabled=&#8221;0&#8243; sticky_enabled=&#8221;0&#8243;]<\/p>\n<section>\n<h1>Hotel vicino Piazza San Marco a Venezia \u2013 Ca\u2019 Alvise<\/h1>\n<p>L\u2019Hotel Ca\u2019 Alvise si trova a pochi minuti a piedi da <strong>Piazza San Marco<\/strong>,<br \/>nel cuore pi\u00f9 elegante di Venezia. Una posizione perfetta per chi desidera vivere la citt\u00e0<br \/>muovendosi sempre a piedi, tra calli storiche, musei, teatri e boutique di lusso.<\/p>\n<\/section>\n<section>\n<h2>Perch\u00e9 scegliere un hotel vicino a Piazza San Marco<\/h2>\n<p>Alloggiare nei pressi di Piazza San Marco significa godersi la Venezia autentica:<br \/>le principali attrazioni sono tutte raggiungibili in pochi minuti, senza utilizzare mezzi pubblici.<br \/>Ca\u2019 Alvise \u00e8 la soluzione ideale per coppie, famiglie e viaggiatori in cerca di comfort e comodit\u00e0.<\/p>\n<\/section>\n<section>\n<h2>Le nostre camere: eleganza e comfort veneziano<\/h2>\n<p>Offriamo camere spaziose, arredate in stile veneziano con dettagli moderni,<br \/>perfette per un soggiorno rilassante nel centro storico.<\/p>\n<ul>\n<li>Camere matrimoniali e doppie<\/li>\n<li>Suite con area living<\/li>\n<li>Soluzioni per famiglie<\/li>\n<li>Wi-Fi gratuito ad alta velocit\u00e0<\/li>\n<li>Minibar, cassaforte e climatizzazione autonoma<\/li>\n<\/ul>\n<p>Scopri tutte le soluzioni disponibili:<br \/><a href=\"https:\/\/caalvise.com\/rooms\/\">Camere \u2013 Ca\u2019 Alvise<\/a><\/p>\n<\/section>\n<section>\n<h2>A pochi minuti da tutte le attrazioni di Venezia<\/h2>\n<p>Da Ca\u2019 Alvise puoi raggiungere facilmente:<\/p>\n<ul>\n<li><strong>Piazza San Marco<\/strong> \u2013 5 minuti a piedi<\/li>\n<li><strong>Teatro La Fenice<\/strong> \u2013 2 minuti<\/li>\n<li>Palazzo Ducale<\/li>\n<li>Ponte di Rialto<\/li>\n<li>Museo Correr<\/li>\n<li>Gondole e bacini d\u2019imbarco per le isole<\/li>\n<\/ul>\n<p>La posizione dell\u2019hotel \u00e8 ideale per visitare Venezia senza stress,<br \/>scegliendo ogni giorno percorsi differenti.<\/p>\n<\/section>\n<section>\n<h2>Come raggiungere Ca\u2019 Alvise<\/h2>\n<p>Arrivare all\u2019hotel \u00e8 semplice da qualsiasi punto della citt\u00e0:<\/p>\n<ul>\n<li><strong>Dall\u2019Aeroporto Marco Polo<\/strong>: vaporetto Alilaguna fino a San Marco<\/li>\n<li><strong>Dalla Stazione Santa Lucia<\/strong>: vaporetto linea 1 o 2 fino a Rialto o San Marco<\/li>\n<li><strong>Dalla Piazzale Roma (bus e parcheggi)<\/strong>: vaporetto linea 1 o 2<\/li>\n<\/ul>\n<p>Per informazioni dettagliate o assistenza:<br \/><a href=\"https:\/\/caalvise.com\/contacts\/\">Contatti \u2013 Ca\u2019 Alvise<\/a><\/p>\n<\/section>\n<section>\n<h2>Prenota al miglior prezzo sul sito ufficiale<\/h2>\n<p>Prenotando direttamente dal nostro sito ottieni sempre:<\/p>\n<ul>\n<li>Miglior prezzo garantito<\/li>\n<li>Nessuna commissione<\/li>\n<li>Prenotazione sicura<\/li>\n<li>Offerte esclusive riservate ai clienti diretti<\/li>\n<\/ul>\n<p><a href=\"https:\/\/caalvise.com\">\ud83d\udd35 Prenota ora \u2013 Ca\u2019 Alvise<\/a><\/p>\n<\/section>\n<p>[\/et_pb_text][\/et_pb_column][\/et_pb_row][et_pb_row _builder_version=&#8221;4.27.4&#8243; _module_preset=&#8221;default&#8221; theme_builder_area=&#8221;post_content&#8221;][et_pb_column _builder_version=&#8221;4.27.4&#8243; _module_preset=&#8221;default&#8221; type=&#8221;4_4&#8243; theme_builder_area=&#8221;post_content&#8221;][et_pb_image src=&#8221;http:\/\/caalvise.com\/wp-content\/uploads\/2025\/04\/Hotel-Ca-Alvise-lobby-1.jpg&#8221; _builder_version=&#8221;4.27.4&#8243; _module_preset=&#8221;default&#8221; theme_builder_area=&#8221;post_content&#8221; title_text=&#8221;Hotel-Ca-Alvise-lobby-1&#8243; hover_enabled=&#8221;0&#8243; sticky_enabled=&#8221;0&#8243;][\/et_pb_image][\/et_pb_column][\/et_pb_row][\/et_pb_section]<\/p>\n","protected":false},"excerpt":{"rendered":"<p>Hotel vicino Piazza San Marco a Venezia \u2013 Ca\u2019 Alvise L\u2019Hotel Ca\u2019 Alvise si trova a pochi minuti a piedi da Piazza San Marco,nel cuore pi\u00f9 elegante di Venezia. Una posizione perfetta per chi desidera vivere la citt\u00e0muovendosi sempre a piedi, tra calli storiche, musei, teatri e boutique di lusso. Perch\u00e9 scegliere un hotel vicino [&hellip;]<\/p>\n","protected":false},"author":1,"featured_media":0,"parent":0,"menu_order":0,"comment_status":"closed","ping_status":"closed","template":"","meta":{"_et_pb_use_builder":"on","_et_pb_old_content":"","_et_gb_content_width":"","footnotes":""},"class_list":["post-88580","page","type-page","status-publish","hentry"],"_links":{"self":[{"href":"https:\/\/caalvise.com\/it\/wp-json\/wp\/v2\/pages\/88580","targetHints":{"allow":["GET"]}}],"collection":[{"href":"https:\/\/caalvise.com\/it\/wp-json\/wp\/v2\/pages"}],"about":[{"href":"https:\/\/caalvise.com\/it\/wp-json\/wp\/v2\/types\/page"}],"author":[{"embeddable":true,"href":"https:\/\/caalvise.com\/it\/wp-json\/wp\/v2\/users\/1"}],"replies":[{"embeddable":true,"href":"https:\/\/caalvise.com\/it\/wp-json\/wp\/v2\/comments?post=88580"}],"version-history":[{"count":3,"href":"https:\/\/caalvise.com\/it\/wp-json\/wp\/v2\/pages\/88580\/revisions"}],"predecessor-version":[{"id":88600,"href":"https:\/\/caalvise.com\/it\/wp-json\/wp\/v2\/pages\/88580\/revisions\/88600"}],"wp:attachment":[{"href":"https:\/\/caalvise.com\/it\/wp-json\/wp\/v2\/media?parent=88580"}],"curies":[{"name":"wp","href":"https:\/\/api.w.org\/{rel}","templated":true}]}}