{"id":88071,"date":"2025-04-20T05:16:15","date_gmt":"2025-04-20T05:16:15","guid":{"rendered":"https:\/\/caalvise.com\/kontakty\/"},"modified":"2025-06-07T11:52:18","modified_gmt":"2025-06-07T11:52:18","slug":"kontakty","status":"publish","type":"page","link":"https:\/\/caalvise.com\/pl\/kontakty\/","title":{"rendered":"Kontakty"},"content":{"rendered":"<p>[et_pb_section fb_built=&#8221;1&#8243; custom_padding_last_edited=&#8221;on|phone&#8221; _builder_version=&#8221;4.27.4&#8243; _module_preset=&#8221;default&#8221; use_background_color_gradient=&#8221;on&#8221; background_color_gradient_stops=&#8221;rgba(0,0,0,0.31) 0%|rgba(0,0,0,0.28) 100%&#8221; background_color_gradient_overlays_image=&#8221;on&#8221; background_color_gradient_start=&#8221;rgba(0,0,0,0.31)&#8221; background_color_gradient_end=&#8221;rgba(0,0,0,0.28)&#8221; background_image=&#8221;https:\/\/caalvise.com\/wp-content\/uploads\/2025\/04\/hotel-ca-alvise-venezia-69.jpg&#8221; custom_padding=&#8221;31vh||31vh||true|false&#8221; custom_padding_tablet=&#8221;15vh||15vh||true|false&#8221; custom_padding_phone=&#8221;15vh||15vh||true|false&#8221; global_colors_info=&#8221;{}&#8221;][et_pb_row use_custom_gutter=&#8221;on&#8221; gutter_width=&#8221;2&#8243; make_equal=&#8221;on&#8221; _builder_version=&#8221;4.16&#8243; _module_preset=&#8221;default&#8221; width=&#8221;90%&#8221; width_tablet=&#8221;90%&#8221; width_phone=&#8221;90%&#8221; width_last_edited=&#8221;on|tablet&#8221; max_width=&#8221;1170px&#8221; max_width_tablet=&#8221;90%&#8221; max_width_phone=&#8221;90%&#8221; max_width_last_edited=&#8221;on|desktop&#8221; custom_padding=&#8221;0px||12px||false|false&#8221; animation_style=&#8221;slide&#8221; animation_duration=&#8221;1500ms&#8221; global_colors_info=&#8221;{}&#8221;][et_pb_column type=&#8221;4_4&#8243; _builder_version=&#8221;4.16&#8243; _module_preset=&#8221;default&#8221; global_colors_info=&#8221;{}&#8221;][et_pb_text _builder_version=&#8221;4.27.4&#8243; _module_preset=&#8221;default&#8221; header_font=&#8221;Playfair Display|||on|||||&#8221; header_text_align=&#8221;center&#8221; header_text_color=&#8221;#ffffff&#8221; header_font_size=&#8221;80px&#8221; header_letter_spacing=&#8221;1px&#8221; header_font_size_tablet=&#8221;&#8221; header_font_size_phone=&#8221;40px&#8221; header_font_size_last_edited=&#8221;on|phone&#8221; header_line_height_tablet=&#8221;&#8221; header_line_height_phone=&#8221;1.2em&#8221; header_line_height_last_edited=&#8221;on|phone&#8221; global_colors_info=&#8221;{}&#8221;]<\/p>\n<h1>Hotel Ca&#8217; Alvise<\/h1>\n<p>[\/et_pb_text][et_pb_text _builder_version=&#8221;4.27.4&#8243; _module_preset=&#8221;default&#8221; text_font=&#8221;Playfair Display|||on|||||&#8221; text_text_color=&#8221;#ffffff&#8221; text_font_size=&#8221;24px&#8221; text_letter_spacing=&#8221;5px&#8221; text_line_height=&#8221;1em&#8221; text_orientation=&#8221;center&#8221; custom_margin=&#8221;-5px||||false|false&#8221; custom_margin_tablet=&#8221;-15px||||false|false&#8221; custom_margin_phone=&#8221;-15px||||false|false&#8221; custom_margin_last_edited=&#8221;on|phone&#8221; text_font_size_tablet=&#8221;&#8221; text_font_size_phone=&#8221;20px&#8221; text_font_size_last_edited=&#8221;on|phone&#8221; text_line_height_tablet=&#8221;&#8221; text_line_height_phone=&#8221;1.2em&#8221; text_line_height_last_edited=&#8221;on|phone&#8221; global_colors_info=&#8221;{}&#8221;]<\/p>\n<p>4-gwiazdkowy hotel w Wenecji<\/p>\n<p>[\/et_pb_text][et_pb_divider color=&#8221;#ffffff&#8221; _builder_version=&#8221;4.16&#8243; _module_preset=&#8221;default&#8221; max_width=&#8221;180px&#8221; module_alignment=&#8221;center&#8221; custom_margin=&#8221;25px||||false|false&#8221; global_colors_info=&#8221;{}&#8221;][\/et_pb_divider][et_pb_text _builder_version=&#8221;4.27.4&#8243; _module_preset=&#8221;default&#8221; text_font=&#8221;Be Vietnam||||||||&#8221; text_text_color=&#8221;#ffffff&#8221; text_font_size=&#8221;20px&#8221; text_line_height=&#8221;1.8em&#8221; text_orientation=&#8221;center&#8221; max_width=&#8221;753px&#8221; module_alignment=&#8221;center&#8221; custom_margin=&#8221;-5px||||false|false&#8221; text_font_size_tablet=&#8221;&#8221; text_font_size_phone=&#8221;16px&#8221; text_font_size_last_edited=&#8221;on|phone&#8221; global_colors_info=&#8221;{}&#8221;]<\/p>\n<p>Po\u0142o\u017cony w centrum Wenecji<\/p>\n<p>[\/et_pb_text][et_pb_button button_url=&#8221;https:\/\/reservation.caalvise.com\/book\/home\/index?layout=13311&#038;lang=en&#038;currency=EUR&#038;nsid=5d410b1e-73be-4ac0-9ba3-2d531770ca77&#038;_gl=1*1523r31*_ga*MTkyMjQwNDg3LjE3Mzc5Nzc3MTA.*_ga_N4T2YZDXYF*MTc0NjM0OTQ2MS4yMC4xLjE3NDYzNDk1ODUuMC4wLjA.&#8221; url_new_window=&#8221;on&#8221; button_text=&#8221;Rezerwacja&#8221; button_alignment=&#8221;center&#8221; _builder_version=&#8221;4.27.4&#8243; _module_preset=&#8221;default&#8221; custom_button=&#8221;on&#8221; button_text_size=&#8221;16px&#8221; button_text_color=&#8221;#ffffff&#8221; button_bg_color=&#8221;#3165d9&#8243; button_border_width=&#8221;0px&#8221; button_border_color=&#8221;#3165d9&#8243; button_border_radius=&#8221;0px&#8221; button_letter_spacing=&#8221;1px&#8221; button_font=&#8221;Oswald||||||||&#8221; button_use_icon=&#8221;off&#8221; custom_margin=&#8221;40px||||false|false&#8221; custom_padding=&#8221;15px|50px|15px|50px|true|true&#8221; global_colors_info=&#8221;{}&#8221; button_text_color__hover_enabled=&#8221;on|hover&#8221; button_text_color__hover=&#8221;#000000&#8243; button_bg_color__hover_enabled=&#8221;on|hover&#8221; button_bg_color__hover=&#8221;#ffffff&#8221; button_bg_enable_color__hover=&#8221;on&#8221; button_border_color__hover_enabled=&#8221;on|hover&#8221; button_border_color__hover=&#8221;#ffffff&#8221; button_letter_spacing__hover_enabled=&#8221;on|desktop&#8221; button_letter_spacing__hover=&#8221;1px&#8221;][\/et_pb_button][\/et_pb_column][\/et_pb_row][\/et_pb_section][et_pb_section fb_built=&#8221;1&#8243; _builder_version=&#8221;4.16&#8243; _module_preset=&#8221;default&#8221; custom_padding=&#8221;180px||0px||false|false&#8221; global_colors_info=&#8221;{}&#8221;][et_pb_row use_custom_gutter=&#8221;on&#8221; gutter_width=&#8221;2&#8243; make_equal=&#8221;on&#8221; _builder_version=&#8221;4.16&#8243; _module_preset=&#8221;default&#8221; width=&#8221;90%&#8221; width_tablet=&#8221;90%&#8221; width_phone=&#8221;90%&#8221; width_last_edited=&#8221;on|tablet&#8221; max_width=&#8221;1170px&#8221; max_width_tablet=&#8221;90%&#8221; max_width_phone=&#8221;90%&#8221; max_width_last_edited=&#8221;on|desktop&#8221; custom_padding=&#8221;0px||0px||true|&#8221; animation_style=&#8221;fade&#8221; animation_delay=&#8221;500ms&#8221; global_colors_info=&#8221;{}&#8221;][et_pb_column type=&#8221;4_4&#8243; _builder_version=&#8221;4.16&#8243; _module_preset=&#8221;default&#8221; global_colors_info=&#8221;{}&#8221;][et_pb_text _builder_version=&#8221;4.27.4&#8243; _module_preset=&#8221;default&#8221; header_3_font=&#8221;Playfair Display||||||||&#8221; header_3_text_align=&#8221;center&#8221; header_3_text_color=&#8221;#191919&#8243; header_3_font_size=&#8221;50px&#8221; header_3_line_height=&#8221;1.3em&#8221; max_width=&#8221;900px&#8221; module_alignment=&#8221;center&#8221; custom_margin_tablet=&#8221;-10px||||false|false&#8221; custom_margin_phone=&#8221;-10px||||false|false&#8221; custom_margin_last_edited=&#8221;on|phone&#8221; header_3_font_size_tablet=&#8221;&#8221; header_3_font_size_phone=&#8221;35px&#8221; header_3_font_size_last_edited=&#8221;on|phone&#8221; global_colors_info=&#8221;{}&#8221;]<\/p>\n<h3>Hotel Ca&#8217; Alvise &#8211; centralna lokalizacja w Wenecji<\/h3>\n<p>[\/et_pb_text][et_pb_text _builder_version=&#8221;4.27.4&#8243; _module_preset=&#8221;default&#8221; text_font=&#8221;|300|||||||&#8221; text_text_color=&#8221;#666666&#8243; text_orientation=&#8221;center&#8221; max_width=&#8221;1000px&#8221; module_alignment=&#8221;center&#8221; custom_margin=&#8221;-5px||||false|false&#8221; custom_margin_tablet=&#8221;-15px||||false|false&#8221; custom_margin_phone=&#8221;-15px||||false|false&#8221; custom_margin_last_edited=&#8221;on|phone&#8221; global_colors_info=&#8221;{}&#8221;]<\/p>\n<h1>Kontakt Hotel Ca&#8217; Alvise<\/h1>\n<p style=\"text-align: left;\">Po\u0142o\u017cony w samym sercu Wenecji, zaledwie 20 metr\u00f3w od s\u0142ynnego <a href=\"https:\/\/en.wikipedia.org\/wiki\/Teatro_La_Fenice\" target=\"_blank\" rel=\"noopener\"><strong>Teatro La Fenice<\/strong><\/a>, <strong>hotel Ca&#8217; Alvise<\/strong> znajduje si\u0119 zaledwie 200 metr\u00f3w od <a href=\"https:\/\/www.hotelsinvenice.com\/san-marco\/?lang=en\" target=\"_blank\" rel=\"noopener\"><strong>Placu \u015awi\u0119tego Marka<\/strong><\/a>. Kr\u00f3tki spacer urokliwymi uliczkami Wenecji prowadzi do pi\u0119knego <a href=\"https:\/\/www.venetianquest.com\/grand-canal-venice\/\" target=\"_blank\" rel=\"noopener\"><strong>Kana\u0142u Grande<\/strong><\/a>. Liczne autobusy wodne kursuj\u0105ce wzd\u0142u\u017c kana\u0142u u\u0142atwiaj\u0105 dotarcie do dworca kolejowego, innych cz\u0119\u015bci Wenecji i okolicznych wysp.  <\/p>\n<p style=\"text-align: left;\">Hotel Ca&#8217; Alvise po\u0142o\u017cony jest zaledwie kilka krok\u00f3w od <a href=\"https:\/\/www.hotelsinvenice.com\/san-marco\/?lang=en\" target=\"_blank\" rel=\"noopener\"><strong>placu \u015bw. Marka<\/strong><\/a> i 50 metr\u00f3w od <a href=\"https:\/\/en.wikipedia.org\/wiki\/Teatro_La_Fenice\" target=\"_blank\" rel=\"noopener\"><strong>Teatru La Fenice<\/strong><\/a>, co zapewnia spokojny i relaksuj\u0105cy pobyt w pi\u0119knej cz\u0119\u015bci Wenecji. W otoczeniu tradycyjnych zajazd\u00f3w i typowych weneckich restauracji mo\u017cna poczu\u0107 zabytkow\u0105 atmosfer\u0119 miasta. Zwiedzanie Wenecji z tej centralnej lokalizacji pozwoli odkry\u0107 jej tajemnice i ukryte zak\u0105tki.  <\/p>\n<p style=\"text-align: left;\">Kilka krok\u00f3w wzd\u0142u\u017c najs\u0142ynniejszej promenady w Wenecji zaprowadzi Ci\u0119 do kultowych miejsc, takich jak <a href=\"https:\/\/www.basilicasanmarco.it\/?lang=en\" target=\"_blank\" rel=\"noopener\"><strong>Bazylika \u015bw. Marka<\/strong><\/a>, <a href=\"https:\/\/www.hotelsinvenice.com\/san-marco\/?lang=en\" target=\"_blank\" rel=\"noopener\"><strong>Pa\u0142ac Do\u017c\u00f3w<\/strong><\/a>, <a href=\"https:\/\/www.hotelsinvenice.com\/san-marco\/\" target=\"_blank\" rel=\"noopener\"><strong>Most Rialto<\/strong><\/a>, arcydzie\u0142a <a href=\"https:\/\/www.chiesasanzaccaria.org\/\" target=\"_blank\" rel=\"noopener\"><strong>ko\u015bcio\u0142a San Zaccaria<\/strong><\/a> lub <a href=\"https:\/\/www.gallerieaccademia.it\/en\" target=\"_blank\" rel=\"noopener\"><strong>Gallerie dell&#8217;Accademia<\/strong><\/a>.<\/p>\n<h2 style=\"text-align: left;\">Jak si\u0119 z nami skontaktowa\u0107<\/h2>\n<h3 style=\"text-align: left;\">Samolotem:<\/h3>\n<p style=\"text-align: left;\"><strong>Z lotniska Wenecja \u201eMarco Polo\u201d (13 km):<\/strong><\/p>\n<ul style=\"text-align: left;\">\n<li><strong>Drog\u0105 wodn\u0105<\/strong>: Transfer z lotniska do przystani, sk\u0105d mo\u017cna wsi\u0105\u015b\u0107 do prywatnej <a href=\"https:\/\/www.hotelsinvenice.com\/venice\/?lang=en\" target=\"_blank\" rel=\"noopener\"><strong>taks\u00f3wki wodnej<\/strong><\/a> bezpo\u015brednio do hotelu w oko\u0142o 40 minut, lub \u0142odzi\u0105 Alilaguna do San Marco.<\/li>\n<li><strong>L\u0105dem<\/strong>: We\u017a prom ATVO do Wenecji &#8211; Piazzale Roma, a nast\u0119pnie kontynuuj podr\u00f3\u017c prywatn\u0105 taks\u00f3wk\u0105 wodn\u0105, kt\u00f3ra zabierze Ci\u0119 bezpo\u015brednio do hotelu w 15 minut lub skorzystaj z publicznych autobus\u00f3w wodnych linii 1 i 2, kt\u00f3re docieraj\u0105 do San Marco w 15 minut. Stamt\u0105d jest 15 minut spacerem do hotelu. <\/li>\n<\/ul>\n<p style=\"text-align: left;\"><strong>Z lotniska Treviso \u201eAntonio Canova\u201d (30 km):<\/strong><\/p>\n<ul style=\"text-align: left;\">\n<li>Wsi\u0105d\u017a do autobusu ATVO Eurobus do Wenecji &#8211; Piazzale Roma, a nast\u0119pnie skorzystaj z prywatnej <a href=\"https:\/\/www.hotelsinvenice.com\/venice\/?lang=en\" target=\"_blank\" rel=\"noopener\"><strong>taks\u00f3wki wod<\/strong><\/a> nej, kt\u00f3ra zabierze Ci\u0119 bezpo\u015brednio do hotelu w 15 minut, lub z publicznych autobus\u00f3w wodnych (linie 1 i 2) docieraj\u0105cych do San Marco Calle Vallaresso w 15 minut. Stamt\u0105d jest 15 minut spacerem do hotelu. <\/li>\n<\/ul>\n<h3 style=\"text-align: left;\">Poci\u0105giem:<\/h3>\n<ul style=\"text-align: left;\">\n<li>Z nabrze\u017ca przed <a href=\"https:\/\/www.trenitalia.com\/en.html\" target=\"_blank\" rel=\"noopener\"><strong>dworcem kolejowym Santa Lucia w Wenecji<\/strong><\/a> dost\u0119pne s\u0105 zar\u00f3wno prywatne <a href=\"https:\/\/www.hotelsinvenice.com\/venice\/?lang=en\" target=\"_blank\" rel=\"noopener\"><strong>taks\u00f3wki<\/strong><\/a> wodne, kt\u00f3re docieraj\u0105 przed hotel Ca&#8217; Alvise w 15 minut, jak i publiczne autobusy wodne linii 1 i 2, kt\u00f3re docieraj\u0105 do Calle Vallaresso San Marco w 15 minut. Stamt\u0105d do hotelu mo\u017cna dotrze\u0107 spacerem w 15 minut. <\/li>\n<\/ul>\n<h3 style=\"text-align: left;\">Samochodem:<\/h3>\n<ul style=\"text-align: left;\">\n<li>Pod\u0105\u017caj za znakami do Wenecji. Zaparkuj samoch\u00f3d na parkingu Tronchetto (po prawej stronie za d\u0142ugim mostem \u0142\u0105cz\u0105cym Wenecj\u0119 z l\u0105dem) lub na Piazzale Roma, terminalu samochodowym. Nast\u0119pnie we\u017a prywatn\u0105 <a href=\"https:\/\/www.hotelsinvenice.com\/venice\/?lang=en\" target=\"_blank\" rel=\"noopener\"><strong>taks\u00f3wk\u0119 wod<\/strong><\/a>n\u0105, kt\u00f3ra zabierze Ci\u0119 bezpo\u015brednio do hotelu w oko\u0142o 20 minut lub skorzystaj z publicznych autobus\u00f3w wodnych linii 1 i 2 do San Marco Calle Vallaresso. Wysi\u0105d\u017a po 15-20 minutach na San Marco Calle Vallaresso i id\u017a pieszo przez 10 minut, aby dotrze\u0107 do hotelu.   <\/li>\n<\/ul>\n<h3 style=\"text-align: left;\">Dodatkowe informacje<\/h3>\n<p style=\"text-align: left;\">Znajdujemy si\u0119 w centrum Wenecji, zaledwie 200 metr\u00f3w od <a href=\"https:\/\/www.hotelsinvenice.com\/san-marco\/?lang=en\" target=\"_blank\" rel=\"noopener\"><strong>Placu \u015awi\u0119tego Marka<\/strong><\/a>. Do hotelu mo\u017cna dojecha\u0107 taks\u00f3wk\u0105. Dla Go\u015bci dost\u0119pna jest <strong>bezp\u0142atna przechowalnia baga\u017cu<\/strong>.  <\/p>\n<p>&nbsp;<\/p>\n<p>[\/et_pb_text][\/et_pb_column][\/et_pb_row][\/et_pb_section][et_pb_section fb_built=&#8221;1&#8243; fullwidth=&#8221;on&#8221; _builder_version=&#8221;4.27.4&#8243; _module_preset=&#8221;default&#8221; global_colors_info=&#8221;{}&#8221;][et_pb_fullwidth_map address=&#8221;Calle de la Verona, 3673, 30124 Venezia VE, Italia&#8221; address_lat=&#8221;45.4344997&#8243; address_lng=&#8221;12.3334278&#8243; _builder_version=&#8221;4.27.4&#8243; _module_preset=&#8221;default&#8221; global_colors_info=&#8221;{}&#8221;][et_pb_map_pin _builder_version=&#8221;4.27.4&#8243; _module_preset=&#8221;default&#8221; global_colors_info=&#8221;{}&#8221;][\/et_pb_map_pin][et_pb_map_pin pin_address=&#8221;Calle de la Verona, 3673, 30124 Venezia VE, Italia&#8221; pin_address_lat=&#8221;45.4344282&#8243; pin_address_lng=&#8221;12.3334455&#8243; _builder_version=&#8221;4.27.4&#8243; _module_preset=&#8221;default&#8221; global_colors_info=&#8221;{}&#8221;][\/et_pb_map_pin][\/et_pb_fullwidth_map][\/et_pb_section][et_pb_section fb_built=&#8221;1&#8243; _builder_version=&#8221;4.16&#8243; _module_preset=&#8221;default&#8221; background_color=&#8221;#191919&#8243; custom_padding=&#8221;60px||60px||true|false&#8221; animation_style=&#8221;slide&#8221; animation_direction=&#8221;bottom&#8221; animation_duration=&#8221;1500ms&#8221; animation_delay=&#8221;500ms&#8221; global_colors_info=&#8221;{}&#8221;][et_pb_row column_structure=&#8221;2_3,1_3&#8243; use_custom_gutter=&#8221;on&#8221; gutter_width=&#8221;2&#8243; make_equal=&#8221;on&#8221; _builder_version=&#8221;4.16&#8243; _module_preset=&#8221;default&#8221; width=&#8221;90%&#8221; width_tablet=&#8221;90%&#8221; width_phone=&#8221;90%&#8221; width_last_edited=&#8221;on|tablet&#8221; max_width=&#8221;1170px&#8221; max_width_tablet=&#8221;90%&#8221; max_width_phone=&#8221;90%&#8221; max_width_last_edited=&#8221;on|desktop&#8221; custom_padding=&#8221;0px||3px||false|false&#8221; global_colors_info=&#8221;{}&#8221;][et_pb_column type=&#8221;2_3&#8243; _builder_version=&#8221;4.16&#8243; _module_preset=&#8221;default&#8221; global_colors_info=&#8221;{}&#8221;][et_pb_text _builder_version=&#8221;4.27.4&#8243; _module_preset=&#8221;default&#8221; text_font=&#8221;Playfair Display||||||||&#8221; text_text_color=&#8221;#ffffff&#8221; text_font_size=&#8221;35px&#8221; text_line_height=&#8221;1.4em&#8221; max_width=&#8221;482px&#8221; module_alignment=&#8221;left&#8221; link_option_url=&#8221;https:\/\/reservation.caalvise.com\/book\/home\/index?layout=13311&#038;lang=en&#038;currency=EUR&#038;nsid=5d410b1e-73be-4ac0-9ba3-2d531770ca77&#8243; link_option_url_new_window=&#8221;on&#8221; global_colors_info=&#8221;{}&#8221;]<\/p>\n<p>Hotel Ca&#8217; Alvise<\/p>\n<p>[\/et_pb_text][\/et_pb_column][et_pb_column type=&#8221;1_3&#8243; _builder_version=&#8221;4.16&#8243; _module_preset=&#8221;default&#8221; global_colors_info=&#8221;{}&#8221;][et_pb_button button_text=&#8221;Rezerwa&#8221; button_alignment=&#8221;right&#8221; _builder_version=&#8221;4.27.4&#8243; _module_preset=&#8221;default&#8221; custom_button=&#8221;on&#8221; button_text_size=&#8221;16px&#8221; button_text_color=&#8221;#ffffff&#8221; button_bg_color=&#8221;rgba(0,0,0,0)&#8221; button_border_width=&#8221;2px&#8221; button_border_color=&#8221;#ffffff&#8221; button_border_radius=&#8221;0px&#8221; button_letter_spacing=&#8221;1px&#8221; button_font=&#8221;Oswald||||||||&#8221; button_use_icon=&#8221;off&#8221; custom_margin=&#8221;20px||||false|false&#8221; custom_padding=&#8221;15px|50px|15px|50px|true|true&#8221; global_colors_info=&#8221;{}&#8221; button_text_color__hover_enabled=&#8221;on|hover&#8221; button_text_color__hover=&#8221;#ffffff&#8221; button_bg_color__hover_enabled=&#8221;on|desktop&#8221; button_bg_color__hover=&#8221;#3165d9&#8243; button_bg_enable_color__hover=&#8221;on&#8221; button_border_color__hover_enabled=&#8221;on|desktop&#8221; button_border_color__hover=&#8221;#3165d9&#8243; button_letter_spacing__hover_enabled=&#8221;on|hover&#8221; button_letter_spacing__hover=&#8221;1px&#8221;][\/et_pb_button][\/et_pb_column][\/et_pb_row][\/et_pb_section]<\/p>\n","protected":false},"excerpt":{"rendered":"<p>Hotel Ca&#8217; Alvise4-gwiazdkowy hotel w WenecjiPo\u0142o\u017cony w centrum WenecjiHotel Ca&#8217; Alvise &#8211; centralna lokalizacja w WenecjiKontakt Hotel Ca&#8217; Alvise Po\u0142o\u017cony w samym sercu Wenecji, zaledwie 20 metr\u00f3w od s\u0142ynnego Teatro La Fenice, hotel Ca&#8217; Alvise znajduje si\u0119 zaledwie 200 metr\u00f3w od Placu \u015awi\u0119tego Marka. Kr\u00f3tki spacer urokliwymi uliczkami Wenecji prowadzi do pi\u0119knego Kana\u0142u Grande. Liczne [&hellip;]<\/p>\n","protected":false},"author":1,"featured_media":0,"parent":0,"menu_order":0,"comment_status":"closed","ping_status":"closed","template":"","meta":{"_et_pb_use_builder":"on","_et_pb_old_content":"","_et_gb_content_width":"","footnotes":""},"class_list":["post-88071","page","type-page","status-publish","hentry"],"_links":{"self":[{"href":"https:\/\/caalvise.com\/pl\/wp-json\/wp\/v2\/pages\/88071","targetHints":{"allow":["GET"]}}],"collection":[{"href":"https:\/\/caalvise.com\/pl\/wp-json\/wp\/v2\/pages"}],"about":[{"href":"https:\/\/caalvise.com\/pl\/wp-json\/wp\/v2\/types\/page"}],"author":[{"embeddable":true,"href":"https:\/\/caalvise.com\/pl\/wp-json\/wp\/v2\/users\/1"}],"replies":[{"embeddable":true,"href":"https:\/\/caalvise.com\/pl\/wp-json\/wp\/v2\/comments?post=88071"}],"version-history":[{"count":12,"href":"https:\/\/caalvise.com\/pl\/wp-json\/wp\/v2\/pages\/88071\/revisions"}],"predecessor-version":[{"id":88191,"href":"https:\/\/caalvise.com\/pl\/wp-json\/wp\/v2\/pages\/88071\/revisions\/88191"}],"wp:attachment":[{"href":"https:\/\/caalvise.com\/pl\/wp-json\/wp\/v2\/media?parent=88071"}],"curies":[{"name":"wp","href":"https:\/\/api.w.org\/{rel}","templated":true}]}}