{"id":88020,"date":"2025-04-20T05:16:15","date_gmt":"2025-04-20T05:16:15","guid":{"rendered":"https:\/\/caalvise.com\/contactos\/"},"modified":"2025-06-07T11:54:30","modified_gmt":"2025-06-07T11:54:30","slug":"contactos","status":"publish","type":"page","link":"https:\/\/caalvise.com\/pt-pt\/contactos\/","title":{"rendered":"Contactos"},"content":{"rendered":"<p>[et_pb_section fb_built=&#8221;1&#8243; custom_padding_last_edited=&#8221;on|phone&#8221; _builder_version=&#8221;4.27.4&#8243; _module_preset=&#8221;default&#8221; use_background_color_gradient=&#8221;on&#8221; background_color_gradient_stops=&#8221;rgba(0,0,0,0.31) 0%|rgba(0,0,0,0.28) 100%&#8221; background_color_gradient_overlays_image=&#8221;on&#8221; background_color_gradient_start=&#8221;rgba(0,0,0,0.31)&#8221; background_color_gradient_end=&#8221;rgba(0,0,0,0.28)&#8221; background_image=&#8221;https:\/\/caalvise.com\/wp-content\/uploads\/2025\/04\/hotel-ca-alvise-venezia-69.jpg&#8221; custom_padding=&#8221;31vh||31vh||true|false&#8221; custom_padding_tablet=&#8221;15vh||15vh||true|false&#8221; custom_padding_phone=&#8221;15vh||15vh||true|false&#8221; global_colors_info=&#8221;{}&#8221;][et_pb_row use_custom_gutter=&#8221;on&#8221; gutter_width=&#8221;2&#8243; make_equal=&#8221;on&#8221; _builder_version=&#8221;4.16&#8243; _module_preset=&#8221;default&#8221; width=&#8221;90%&#8221; width_tablet=&#8221;90%&#8221; width_phone=&#8221;90%&#8221; width_last_edited=&#8221;on|tablet&#8221; max_width=&#8221;1170px&#8221; max_width_tablet=&#8221;90%&#8221; max_width_phone=&#8221;90%&#8221; max_width_last_edited=&#8221;on|desktop&#8221; custom_padding=&#8221;0px||12px||false|false&#8221; animation_style=&#8221;slide&#8221; animation_duration=&#8221;1500ms&#8221; global_colors_info=&#8221;{}&#8221;][et_pb_column type=&#8221;4_4&#8243; _builder_version=&#8221;4.16&#8243; _module_preset=&#8221;default&#8221; global_colors_info=&#8221;{}&#8221;][et_pb_text _builder_version=&#8221;4.27.4&#8243; _module_preset=&#8221;default&#8221; header_font=&#8221;Playfair Display|||on|||||&#8221; header_text_align=&#8221;center&#8221; header_text_color=&#8221;#ffffff&#8221; header_font_size=&#8221;80px&#8221; header_letter_spacing=&#8221;1px&#8221; header_font_size_tablet=&#8221;&#8221; header_font_size_phone=&#8221;40px&#8221; header_font_size_last_edited=&#8221;on|phone&#8221; header_line_height_tablet=&#8221;&#8221; header_line_height_phone=&#8221;1.2em&#8221; header_line_height_last_edited=&#8221;on|phone&#8221; global_colors_info=&#8221;{}&#8221;]<\/p>\n<h1>Hotel Ca&#8217; Alvise<\/h1>\n<p>[\/et_pb_text][et_pb_text _builder_version=&#8221;4.27.4&#8243; _module_preset=&#8221;default&#8221; text_font=&#8221;Playfair Display|||on|||||&#8221; text_text_color=&#8221;#ffffff&#8221; text_font_size=&#8221;24px&#8221; text_letter_spacing=&#8221;5px&#8221; text_line_height=&#8221;1em&#8221; text_orientation=&#8221;center&#8221; custom_margin=&#8221;-5px||||false|false&#8221; custom_margin_tablet=&#8221;-15px||||false|false&#8221; custom_margin_phone=&#8221;-15px||||false|false&#8221; custom_margin_last_edited=&#8221;on|phone&#8221; text_font_size_tablet=&#8221;&#8221; text_font_size_phone=&#8221;20px&#8221; text_font_size_last_edited=&#8221;on|phone&#8221; text_line_height_tablet=&#8221;&#8221; text_line_height_phone=&#8221;1.2em&#8221; text_line_height_last_edited=&#8221;on|phone&#8221; global_colors_info=&#8221;{}&#8221;]<\/p>\n<p>Hotel 4 estrelas em Veneza<\/p>\n<p>[\/et_pb_text][et_pb_divider color=&#8221;#ffffff&#8221; _builder_version=&#8221;4.16&#8243; _module_preset=&#8221;default&#8221; max_width=&#8221;180px&#8221; module_alignment=&#8221;center&#8221; custom_margin=&#8221;25px||||false|false&#8221; global_colors_info=&#8221;{}&#8221;][\/et_pb_divider][et_pb_text _builder_version=&#8221;4.27.4&#8243; _module_preset=&#8221;default&#8221; text_font=&#8221;Be Vietnam||||||||&#8221; text_text_color=&#8221;#ffffff&#8221; text_font_size=&#8221;20px&#8221; text_line_height=&#8221;1.8em&#8221; text_orientation=&#8221;center&#8221; max_width=&#8221;753px&#8221; module_alignment=&#8221;center&#8221; custom_margin=&#8221;-5px||||false|false&#8221; text_font_size_tablet=&#8221;&#8221; text_font_size_phone=&#8221;16px&#8221; text_font_size_last_edited=&#8221;on|phone&#8221; global_colors_info=&#8221;{}&#8221;]<\/p>\n<p>Situado no centro de Veneza<\/p>\n<p>[\/et_pb_text][et_pb_button button_url=&#8221;https:\/\/reservation.caalvise.com\/book\/home\/index?layout=13311&#038;lang=en&#038;currency=EUR&#038;nsid=5d410b1e-73be-4ac0-9ba3-2d531770ca77&#038;_gl=1*1523r31*_ga*MTkyMjQwNDg3LjE3Mzc5Nzc3MTA.*_ga_N4T2YZDXYF*MTc0NjM0OTQ2MS4yMC4xLjE3NDYzNDk1ODUuMC4wLjA.&#8221; url_new_window=&#8221;on&#8221; button_text=&#8221;Reserva&#8221; button_alignment=&#8221;center&#8221; _builder_version=&#8221;4.27.4&#8243; _module_preset=&#8221;default&#8221; custom_button=&#8221;on&#8221; button_text_size=&#8221;16px&#8221; button_text_color=&#8221;#ffffff&#8221; button_bg_color=&#8221;#3165d9&#8243; button_border_width=&#8221;0px&#8221; button_border_color=&#8221;#3165d9&#8243; button_border_radius=&#8221;0px&#8221; button_letter_spacing=&#8221;1px&#8221; button_font=&#8221;Oswald||||||||&#8221; button_use_icon=&#8221;off&#8221; custom_margin=&#8221;40px||||false|false&#8221; custom_padding=&#8221;15px|50px|15px|50px|true|true&#8221; global_colors_info=&#8221;{}&#8221; button_text_color__hover_enabled=&#8221;on|hover&#8221; button_text_color__hover=&#8221;#000000&#8243; button_bg_color__hover_enabled=&#8221;on|hover&#8221; button_bg_color__hover=&#8221;#ffffff&#8221; button_bg_enable_color__hover=&#8221;on&#8221; button_border_color__hover_enabled=&#8221;on|hover&#8221; button_border_color__hover=&#8221;#ffffff&#8221; button_letter_spacing__hover_enabled=&#8221;on|desktop&#8221; button_letter_spacing__hover=&#8221;1px&#8221;][\/et_pb_button][\/et_pb_column][\/et_pb_row][\/et_pb_section][et_pb_section fb_built=&#8221;1&#8243; _builder_version=&#8221;4.16&#8243; _module_preset=&#8221;default&#8221; custom_padding=&#8221;180px||0px||false|false&#8221; global_colors_info=&#8221;{}&#8221;][et_pb_row use_custom_gutter=&#8221;on&#8221; gutter_width=&#8221;2&#8243; make_equal=&#8221;on&#8221; _builder_version=&#8221;4.16&#8243; _module_preset=&#8221;default&#8221; width=&#8221;90%&#8221; width_tablet=&#8221;90%&#8221; width_phone=&#8221;90%&#8221; width_last_edited=&#8221;on|tablet&#8221; max_width=&#8221;1170px&#8221; max_width_tablet=&#8221;90%&#8221; max_width_phone=&#8221;90%&#8221; max_width_last_edited=&#8221;on|desktop&#8221; custom_padding=&#8221;0px||0px||true|&#8221; animation_style=&#8221;fade&#8221; animation_delay=&#8221;500ms&#8221; global_colors_info=&#8221;{}&#8221;][et_pb_column type=&#8221;4_4&#8243; _builder_version=&#8221;4.16&#8243; _module_preset=&#8221;default&#8221; global_colors_info=&#8221;{}&#8221;][et_pb_text _builder_version=&#8221;4.27.4&#8243; _module_preset=&#8221;default&#8221; header_3_font=&#8221;Playfair Display||||||||&#8221; header_3_text_align=&#8221;center&#8221; header_3_text_color=&#8221;#191919&#8243; header_3_font_size=&#8221;50px&#8221; header_3_line_height=&#8221;1.3em&#8221; max_width=&#8221;900px&#8221; module_alignment=&#8221;center&#8221; custom_margin_tablet=&#8221;-10px||||false|false&#8221; custom_margin_phone=&#8221;-10px||||false|false&#8221; custom_margin_last_edited=&#8221;on|phone&#8221; header_3_font_size_tablet=&#8221;&#8221; header_3_font_size_phone=&#8221;35px&#8221; header_3_font_size_last_edited=&#8221;on|phone&#8221; global_colors_info=&#8221;{}&#8221;]<\/p>\n<h3>Hotel Ca&#8217; Alvise &#8211; Localiza\u00e7\u00e3o central em Veneza<\/h3>\n<p>[\/et_pb_text][et_pb_text _builder_version=&#8221;4.27.4&#8243; _module_preset=&#8221;default&#8221; text_font=&#8221;|300|||||||&#8221; text_text_color=&#8221;#666666&#8243; text_orientation=&#8221;center&#8221; max_width=&#8221;1000px&#8221; module_alignment=&#8221;center&#8221; custom_margin=&#8221;-5px||||false|false&#8221; custom_margin_tablet=&#8221;-15px||||false|false&#8221; custom_margin_phone=&#8221;-15px||||false|false&#8221; custom_margin_last_edited=&#8221;on|phone&#8221; global_colors_info=&#8221;{}&#8221;]<\/p>\n<h1>Contacto Hotel Ca&#8217; Alvise<\/h1>\n<p style=\"text-align: left;\">Localizado no cora\u00e7\u00e3o de Veneza, apenas a 20 metros do famoso <a href=\"https:\/\/en.wikipedia.org\/wiki\/Teatro_La_Fenice\" target=\"_blank\" rel=\"noopener\"><strong>Teatro La Fenice<\/strong><\/a>, <strong>o Hotel Ca&#8217; Alvise<\/strong> est\u00e1 apenas a 200 metros da <a href=\"https:\/\/www.hotelsinvenice.com\/san-marco\/?lang=en\" target=\"_blank\" rel=\"noopener\"><strong>Pra\u00e7a de S\u00e3o Marcos<\/strong><\/a>. Um curto passeio pelas encantadoras ruelas de Veneza leva-te ao belo <a href=\"https:\/\/www.venetianquest.com\/grand-canal-venice\/\" target=\"_blank\" rel=\"noopener\"><strong>Grande Canal<\/strong><\/a>. Os muitos autocarros aqu\u00e1ticos localizados ao longo do canal facilitam o acesso \u00e0 esta\u00e7\u00e3o ferrovi\u00e1ria, a outras \u00e1reas de Veneza e \u00e0s ilhas circundantes.  <\/p>\n<p style=\"text-align: left;\">A poucos passos da <a href=\"https:\/\/www.hotelsinvenice.com\/san-marco\/?lang=en\" target=\"_blank\" rel=\"noopener\"><strong>Pra\u00e7a de S\u00e3o Marcos<\/strong><\/a> e a 50 metros do <a href=\"https:\/\/en.wikipedia.org\/wiki\/Teatro_La_Fenice\" target=\"_blank\" rel=\"noopener\"><strong>Teatro La Fenice<\/strong><\/a>, o Hotel Ca&#8217; Alvise garante uma estadia tranquila e relaxante numa \u00e1rea encantadora de Veneza. Experimenta o ambiente hist\u00f3rico da cidade, rodeado por pousadas tradicionais e restaurantes t\u00edpicos de Veneza. Explorar Veneza a partir desta localiza\u00e7\u00e3o central permitir-te-\u00e1 descobrir os seus segredos e recantos escondidos.  <\/p>\n<p style=\"text-align: left;\">Alguns passos ao longo do passeio mais famoso de Veneza levar-te-\u00e3o a locais emblem\u00e1ticos como <a href=\"https:\/\/www.basilicasanmarco.it\/?lang=en\" target=\"_blank\" rel=\"noopener\"><strong>a Bas\u00edlica de S\u00e3o Marcos<\/strong><\/a>, o <a href=\"https:\/\/www.hotelsinvenice.com\/san-marco\/?lang=en\" target=\"_blank\" rel=\"noopener\"><strong>Pal\u00e1cio Ducal<\/strong><\/a>, a <a href=\"https:\/\/www.hotelsinvenice.com\/san-marco\/\" target=\"_blank\" rel=\"noopener\"><strong>Ponte Rialto<\/strong><\/a>, as obras-primas da <a href=\"https:\/\/www.chiesasanzaccaria.org\/\" target=\"_blank\" rel=\"noopener\"><strong>Igreja de San Zaccaria<\/strong><\/a> ou a <a href=\"https:\/\/www.gallerieaccademia.it\/en\" target=\"_blank\" rel=\"noopener\"><strong>Gallerie dell&#8217;Accademia<\/strong><\/a>.<\/p>\n<h2 style=\"text-align: left;\">Como contactar-nos<\/h2>\n<h3 style=\"text-align: left;\">Por via a\u00e9rea:<\/h3>\n<p style=\"text-align: left;\"><strong>Do aeroporto de Veneza \u201cMarco Polo\u201d (13 km):<\/strong><\/p>\n<ul style=\"text-align: left;\">\n<li><strong>Por \u00e1gua<\/strong>: Apanha o shuttle do aeroporto para a doca, onde podes apanhar um <a href=\"https:\/\/www.hotelsinvenice.com\/venice\/?lang=en\" target=\"_blank\" rel=\"noopener\"><strong>t\u00e1xi aqu\u00e1tico<\/strong><\/a> privado diretamente para o hotel em cerca de 40 minutos, ou um barco Alilaguna para San Marco.<\/li>\n<li><strong>Por terra<\/strong>: Apanha o shuttle ATVO para Veneza &#8211; Piazzale Roma, depois continua com um t\u00e1xi aqu\u00e1tico privado que te leva diretamente ao hotel em 15 minutos, ou usa os autocarros aqu\u00e1ticos p\u00fablicos das linhas 1 e 2, que chegam a San Marco em 15 minutos. A partir da\u00ed, s\u00e3o 15 minutos a p\u00e9 at\u00e9 ao hotel. <\/li>\n<\/ul>\n<p style=\"text-align: left;\"><strong>Do aeroporto de Treviso \u201cAntonio Canova\u201d (30 km):<\/strong><\/p>\n<ul style=\"text-align: left;\">\n<li>Apanha o shuttle ATVO Eurobus para Veneza &#8211; Piazzale Roma, depois segue com um <a href=\"https:\/\/www.hotelsinvenice.com\/venice\/?lang=en\" target=\"_blank\" rel=\"noopener\"><strong>t\u00e1xi aqu\u00e1tico<\/strong><\/a> privado que te leva diretamente ao hotel em 15 minutos, ou com autocarros aqu\u00e1ticos p\u00fablicos (linhas 1 e 2) que chegam a San Marco Calle Vallaresso em 15 minutos. A partir da\u00ed, s\u00e3o 15 minutos a p\u00e9 at\u00e9 ao hotel. <\/li>\n<\/ul>\n<h3 style=\"text-align: left;\">De comboio:<\/h3>\n<ul style=\"text-align: left;\">\n<li>A partir da zona ribeirinha em frente \u00e0 <a href=\"https:\/\/www.trenitalia.com\/en.html\" target=\"_blank\" rel=\"noopener\"><strong>esta\u00e7\u00e3o ferrovi\u00e1ria de Veneza Santa Lucia<\/strong><\/a>, est\u00e3o dispon\u00edveis tanto <a href=\"https:\/\/www.hotelsinvenice.com\/venice\/?lang=en\" target=\"_blank\" rel=\"noopener\"><strong>t\u00e1xis aqu\u00e1ticos<\/strong><\/a> privados, que chegam em frente ao Hotel Ca&#8217; Alvise em 15 minutos, como autocarros aqu\u00e1ticos p\u00fablicos das linhas 1 e 2, que chegam a San Marco Calle Vallaresso em 15 minutos. A partir da\u00ed, s\u00e3o 15 minutos a p\u00e9 at\u00e9 ao hotel. <\/li>\n<\/ul>\n<h3 style=\"text-align: left;\">De carro:<\/h3>\n<ul style=\"text-align: left;\">\n<li>Segue as indica\u00e7\u00f5es para Veneza. Estaciona o teu carro no parque de estacionamento Tronchetto (\u00e0 direita, depois da longa ponte que liga Veneza ao continente) ou na Piazzale Roma, o terminal de autom\u00f3veis. Depois apanha um <a href=\"https:\/\/www.hotelsinvenice.com\/venice\/?lang=en\" target=\"_blank\" rel=\"noopener\"><strong>t\u00e1xi aqu\u00e1tico<\/strong><\/a> privado, que te levar\u00e1 diretamente ao hotel em cerca de 20 minutos, ou utiliza os autocarros aqu\u00e1ticos p\u00fablicos das linhas 1 e 2 para San Marco Calle Vallaresso. Sai ap\u00f3s 15-20 minutos em San Marco Calle Vallaresso, e caminha durante 10 minutos para chegar ao hotel.   <\/li>\n<\/ul>\n<h3 style=\"text-align: left;\">Informa\u00e7\u00f5es adicionais<\/h3>\n<p style=\"text-align: left;\">Estamos situados no centro de Veneza, a apenas 200 metros da <a href=\"https:\/\/www.hotelsinvenice.com\/san-marco\/?lang=en\" target=\"_blank\" rel=\"noopener\"><strong>Pra\u00e7a de S\u00e3o Marcos<\/strong><\/a>. Um t\u00e1xi pode levar-te diretamente para o hotel. Um <strong>servi\u00e7o gratuito de armazenamento de bagagem<\/strong> est\u00e1 dispon\u00edvel para a tua conveni\u00eancia.  <\/p>\n<p>&nbsp;<\/p>\n<p>[\/et_pb_text][\/et_pb_column][\/et_pb_row][\/et_pb_section][et_pb_section fb_built=&#8221;1&#8243; fullwidth=&#8221;on&#8221; _builder_version=&#8221;4.27.4&#8243; _module_preset=&#8221;default&#8221; global_colors_info=&#8221;{}&#8221;][et_pb_fullwidth_map address=&#8221;Calle de la Verona, 3673, 30124 Venezia VE, Italia&#8221; address_lat=&#8221;45.4344997&#8243; address_lng=&#8221;12.3334278&#8243; _builder_version=&#8221;4.27.4&#8243; _module_preset=&#8221;default&#8221; global_colors_info=&#8221;{}&#8221;][et_pb_map_pin _builder_version=&#8221;4.27.4&#8243; _module_preset=&#8221;default&#8221; global_colors_info=&#8221;{}&#8221;][\/et_pb_map_pin][et_pb_map_pin pin_address=&#8221;Calle de la Verona, 3673, 30124 Venezia VE, Italia&#8221; pin_address_lat=&#8221;45.4344282&#8243; pin_address_lng=&#8221;12.3334455&#8243; _builder_version=&#8221;4.27.4&#8243; _module_preset=&#8221;default&#8221; global_colors_info=&#8221;{}&#8221;][\/et_pb_map_pin][\/et_pb_fullwidth_map][\/et_pb_section][et_pb_section fb_built=&#8221;1&#8243; _builder_version=&#8221;4.16&#8243; _module_preset=&#8221;default&#8221; background_color=&#8221;#191919&#8243; custom_padding=&#8221;60px||60px||true|false&#8221; animation_style=&#8221;slide&#8221; animation_direction=&#8221;bottom&#8221; animation_duration=&#8221;1500ms&#8221; animation_delay=&#8221;500ms&#8221; global_colors_info=&#8221;{}&#8221;][et_pb_row column_structure=&#8221;2_3,1_3&#8243; use_custom_gutter=&#8221;on&#8221; gutter_width=&#8221;2&#8243; make_equal=&#8221;on&#8221; _builder_version=&#8221;4.16&#8243; _module_preset=&#8221;default&#8221; width=&#8221;90%&#8221; width_tablet=&#8221;90%&#8221; width_phone=&#8221;90%&#8221; width_last_edited=&#8221;on|tablet&#8221; max_width=&#8221;1170px&#8221; max_width_tablet=&#8221;90%&#8221; max_width_phone=&#8221;90%&#8221; max_width_last_edited=&#8221;on|desktop&#8221; custom_padding=&#8221;0px||3px||false|false&#8221; global_colors_info=&#8221;{}&#8221;][et_pb_column type=&#8221;2_3&#8243; _builder_version=&#8221;4.16&#8243; _module_preset=&#8221;default&#8221; global_colors_info=&#8221;{}&#8221;][et_pb_text _builder_version=&#8221;4.27.4&#8243; _module_preset=&#8221;default&#8221; text_font=&#8221;Playfair Display||||||||&#8221; text_text_color=&#8221;#ffffff&#8221; text_font_size=&#8221;35px&#8221; text_line_height=&#8221;1.4em&#8221; max_width=&#8221;482px&#8221; module_alignment=&#8221;left&#8221; link_option_url=&#8221;https:\/\/reservation.caalvise.com\/book\/home\/index?layout=13311&#038;lang=en&#038;currency=EUR&#038;nsid=5d410b1e-73be-4ac0-9ba3-2d531770ca77&#8243; link_option_url_new_window=&#8221;on&#8221; global_colors_info=&#8221;{}&#8221;]<\/p>\n<p>Hotel Ca&#8217; Alvise<\/p>\n<p>[\/et_pb_text][\/et_pb_column][et_pb_column type=&#8221;1_3&#8243; _builder_version=&#8221;4.16&#8243; _module_preset=&#8221;default&#8221; global_colors_info=&#8221;{}&#8221;][et_pb_button button_text=&#8221;Reserva&#8221; button_alignment=&#8221;right&#8221; _builder_version=&#8221;4.27.4&#8243; _module_preset=&#8221;default&#8221; custom_button=&#8221;on&#8221; button_text_size=&#8221;16px&#8221; button_text_color=&#8221;#ffffff&#8221; button_bg_color=&#8221;rgba(0,0,0,0)&#8221; button_border_width=&#8221;2px&#8221; button_border_color=&#8221;#ffffff&#8221; button_border_radius=&#8221;0px&#8221; button_letter_spacing=&#8221;1px&#8221; button_font=&#8221;Oswald||||||||&#8221; button_use_icon=&#8221;off&#8221; custom_margin=&#8221;20px||||false|false&#8221; custom_padding=&#8221;15px|50px|15px|50px|true|true&#8221; global_colors_info=&#8221;{}&#8221; button_text_color__hover_enabled=&#8221;on|hover&#8221; button_text_color__hover=&#8221;#ffffff&#8221; button_bg_color__hover_enabled=&#8221;on|desktop&#8221; button_bg_color__hover=&#8221;#3165d9&#8243; button_bg_enable_color__hover=&#8221;on&#8221; button_border_color__hover_enabled=&#8221;on|desktop&#8221; button_border_color__hover=&#8221;#3165d9&#8243; button_letter_spacing__hover_enabled=&#8221;on|hover&#8221; button_letter_spacing__hover=&#8221;1px&#8221;][\/et_pb_button][\/et_pb_column][\/et_pb_row][\/et_pb_section]<\/p>\n","protected":false},"excerpt":{"rendered":"<p>Hotel Ca&#8217; AlviseHotel 4 estrelas em VenezaSituado no centro de VenezaHotel Ca&#8217; Alvise &#8211; Localiza\u00e7\u00e3o central em VenezaContacto Hotel Ca&#8217; Alvise Localizado no cora\u00e7\u00e3o de Veneza, apenas a 20 metros do famoso Teatro La Fenice, o Hotel Ca&#8217; Alvise est\u00e1 apenas a 200 metros da Pra\u00e7a de S\u00e3o Marcos. Um curto passeio pelas encantadoras ruelas [&hellip;]<\/p>\n","protected":false},"author":1,"featured_media":0,"parent":0,"menu_order":0,"comment_status":"closed","ping_status":"closed","template":"","meta":{"_et_pb_use_builder":"on","_et_pb_old_content":"","_et_gb_content_width":"","footnotes":""},"class_list":["post-88020","page","type-page","status-publish","hentry"],"_links":{"self":[{"href":"https:\/\/caalvise.com\/pt-pt\/wp-json\/wp\/v2\/pages\/88020","targetHints":{"allow":["GET"]}}],"collection":[{"href":"https:\/\/caalvise.com\/pt-pt\/wp-json\/wp\/v2\/pages"}],"about":[{"href":"https:\/\/caalvise.com\/pt-pt\/wp-json\/wp\/v2\/types\/page"}],"author":[{"embeddable":true,"href":"https:\/\/caalvise.com\/pt-pt\/wp-json\/wp\/v2\/users\/1"}],"replies":[{"embeddable":true,"href":"https:\/\/caalvise.com\/pt-pt\/wp-json\/wp\/v2\/comments?post=88020"}],"version-history":[{"count":10,"href":"https:\/\/caalvise.com\/pt-pt\/wp-json\/wp\/v2\/pages\/88020\/revisions"}],"predecessor-version":[{"id":88193,"href":"https:\/\/caalvise.com\/pt-pt\/wp-json\/wp\/v2\/pages\/88020\/revisions\/88193"}],"wp:attachment":[{"href":"https:\/\/caalvise.com\/pt-pt\/wp-json\/wp\/v2\/media?parent=88020"}],"curies":[{"name":"wp","href":"https:\/\/api.w.org\/{rel}","templated":true}]}}