{"id":88075,"date":"2025-04-20T05:16:15","date_gmt":"2025-04-20T05:16:15","guid":{"rendered":"https:\/\/caalvise.com\/contacte\/"},"modified":"2025-06-07T11:56:19","modified_gmt":"2025-06-07T11:56:19","slug":"contacte","status":"publish","type":"page","link":"https:\/\/caalvise.com\/ro\/contacte\/","title":{"rendered":"Contacte"},"content":{"rendered":"<p>[et_pb_section fb_built=&#8221;1&#8243; custom_padding_last_edited=&#8221;on|phone&#8221; _builder_version=&#8221;4.27.4&#8243; _module_preset=&#8221;default&#8221; use_background_color_gradient=&#8221;on&#8221; background_color_gradient_stops=&#8221;rgba(0,0,0,0.31) 0%|rgba(0,0,0,0.28) 100%&#8221; background_color_gradient_overlays_image=&#8221;on&#8221; background_color_gradient_start=&#8221;rgba(0,0,0,0.31)&#8221; background_color_gradient_end=&#8221;rgba(0,0,0,0.28)&#8221; background_image=&#8221;https:\/\/caalvise.com\/wp-content\/uploads\/2025\/04\/hotel-ca-alvise-venezia-69.jpg&#8221; custom_padding=&#8221;31vh||31vh||true|false&#8221; custom_padding_tablet=&#8221;15vh||15vh||true|false&#8221; custom_padding_phone=&#8221;15vh||15vh||true|false&#8221; global_colors_info=&#8221;{}&#8221;][et_pb_row use_custom_gutter=&#8221;on&#8221; gutter_width=&#8221;2&#8243; make_equal=&#8221;on&#8221; _builder_version=&#8221;4.16&#8243; _module_preset=&#8221;default&#8221; width=&#8221;90%&#8221; width_tablet=&#8221;90%&#8221; width_phone=&#8221;90%&#8221; width_last_edited=&#8221;on|tablet&#8221; max_width=&#8221;1170px&#8221; max_width_tablet=&#8221;90%&#8221; max_width_phone=&#8221;90%&#8221; max_width_last_edited=&#8221;on|desktop&#8221; custom_padding=&#8221;0px||12px||false|false&#8221; animation_style=&#8221;slide&#8221; animation_duration=&#8221;1500ms&#8221; global_colors_info=&#8221;{}&#8221;][et_pb_column type=&#8221;4_4&#8243; _builder_version=&#8221;4.16&#8243; _module_preset=&#8221;default&#8221; global_colors_info=&#8221;{}&#8221;][et_pb_text _builder_version=&#8221;4.27.4&#8243; _module_preset=&#8221;default&#8221; header_font=&#8221;Playfair Display|||on|||||&#8221; header_text_align=&#8221;center&#8221; header_text_color=&#8221;#ffffff&#8221; header_font_size=&#8221;80px&#8221; header_letter_spacing=&#8221;1px&#8221; header_font_size_tablet=&#8221;&#8221; header_font_size_phone=&#8221;40px&#8221; header_font_size_last_edited=&#8221;on|phone&#8221; header_line_height_tablet=&#8221;&#8221; header_line_height_phone=&#8221;1.2em&#8221; header_line_height_last_edited=&#8221;on|phone&#8221; global_colors_info=&#8221;{}&#8221;]<\/p>\n<h1>Hotel Ca&#8217; Alvise<\/h1>\n<p>[\/et_pb_text][et_pb_text _builder_version=&#8221;4.27.4&#8243; _module_preset=&#8221;default&#8221; text_font=&#8221;Playfair Display|||on|||||&#8221; text_text_color=&#8221;#ffffff&#8221; text_font_size=&#8221;24px&#8221; text_letter_spacing=&#8221;5px&#8221; text_line_height=&#8221;1em&#8221; text_orientation=&#8221;center&#8221; custom_margin=&#8221;-5px||||false|false&#8221; custom_margin_tablet=&#8221;-15px||||false|false&#8221; custom_margin_phone=&#8221;-15px||||false|false&#8221; custom_margin_last_edited=&#8221;on|phone&#8221; text_font_size_tablet=&#8221;&#8221; text_font_size_phone=&#8221;20px&#8221; text_font_size_last_edited=&#8221;on|phone&#8221; text_line_height_tablet=&#8221;&#8221; text_line_height_phone=&#8221;1.2em&#8221; text_line_height_last_edited=&#8221;on|phone&#8221; global_colors_info=&#8221;{}&#8221;]<\/p>\n<p>Hotel de 4 stele \u00een Vene\u021bia<\/p>\n<p>[\/et_pb_text][et_pb_divider color=&#8221;#ffffff&#8221; _builder_version=&#8221;4.16&#8243; _module_preset=&#8221;default&#8221; max_width=&#8221;180px&#8221; module_alignment=&#8221;center&#8221; custom_margin=&#8221;25px||||false|false&#8221; global_colors_info=&#8221;{}&#8221;][\/et_pb_divider][et_pb_text _builder_version=&#8221;4.27.4&#8243; _module_preset=&#8221;default&#8221; text_font=&#8221;Be Vietnam||||||||&#8221; text_text_color=&#8221;#ffffff&#8221; text_font_size=&#8221;20px&#8221; text_line_height=&#8221;1.8em&#8221; text_orientation=&#8221;center&#8221; max_width=&#8221;753px&#8221; module_alignment=&#8221;center&#8221; custom_margin=&#8221;-5px||||false|false&#8221; text_font_size_tablet=&#8221;&#8221; text_font_size_phone=&#8221;16px&#8221; text_font_size_last_edited=&#8221;on|phone&#8221; global_colors_info=&#8221;{}&#8221;]<\/p>\n<p>Situat \u00een centrul Vene\u021biei<\/p>\n<p>[\/et_pb_text][et_pb_button button_url=&#8221;https:\/\/reservation.caalvise.com\/book\/home\/index?layout=13311&#038;lang=en&#038;currency=EUR&#038;nsid=5d410b1e-73be-4ac0-9ba3-2d531770ca77&#038;_gl=1*1523r31*_ga*MTkyMjQwNDg3LjE3Mzc5Nzc3MTA.*_ga_N4T2YZDXYF*MTc0NjM0OTQ2MS4yMC4xLjE3NDYzNDk1ODUuMC4wLjA.&#8221; url_new_window=&#8221;on&#8221; button_text=&#8221;Rezervare&#8221; button_alignment=&#8221;center&#8221; _builder_version=&#8221;4.27.4&#8243; _module_preset=&#8221;default&#8221; custom_button=&#8221;on&#8221; button_text_size=&#8221;16px&#8221; button_text_color=&#8221;#ffffff&#8221; button_bg_color=&#8221;#3165d9&#8243; button_border_width=&#8221;0px&#8221; button_border_color=&#8221;#3165d9&#8243; button_border_radius=&#8221;0px&#8221; button_letter_spacing=&#8221;1px&#8221; button_font=&#8221;Oswald||||||||&#8221; button_use_icon=&#8221;off&#8221; custom_margin=&#8221;40px||||false|false&#8221; custom_padding=&#8221;15px|50px|15px|50px|true|true&#8221; global_colors_info=&#8221;{}&#8221; button_text_color__hover_enabled=&#8221;on|hover&#8221; button_text_color__hover=&#8221;#000000&#8243; button_bg_color__hover_enabled=&#8221;on|hover&#8221; button_bg_color__hover=&#8221;#ffffff&#8221; button_bg_enable_color__hover=&#8221;on&#8221; button_border_color__hover_enabled=&#8221;on|hover&#8221; button_border_color__hover=&#8221;#ffffff&#8221; button_letter_spacing__hover_enabled=&#8221;on|desktop&#8221; button_letter_spacing__hover=&#8221;1px&#8221;][\/et_pb_button][\/et_pb_column][\/et_pb_row][\/et_pb_section][et_pb_section fb_built=&#8221;1&#8243; _builder_version=&#8221;4.16&#8243; _module_preset=&#8221;default&#8221; custom_padding=&#8221;180px||0px||false|false&#8221; global_colors_info=&#8221;{}&#8221;][et_pb_row use_custom_gutter=&#8221;on&#8221; gutter_width=&#8221;2&#8243; make_equal=&#8221;on&#8221; _builder_version=&#8221;4.16&#8243; _module_preset=&#8221;default&#8221; width=&#8221;90%&#8221; width_tablet=&#8221;90%&#8221; width_phone=&#8221;90%&#8221; width_last_edited=&#8221;on|tablet&#8221; max_width=&#8221;1170px&#8221; max_width_tablet=&#8221;90%&#8221; max_width_phone=&#8221;90%&#8221; max_width_last_edited=&#8221;on|desktop&#8221; custom_padding=&#8221;0px||0px||true|&#8221; animation_style=&#8221;fade&#8221; animation_delay=&#8221;500ms&#8221; global_colors_info=&#8221;{}&#8221;][et_pb_column type=&#8221;4_4&#8243; _builder_version=&#8221;4.16&#8243; _module_preset=&#8221;default&#8221; global_colors_info=&#8221;{}&#8221;][et_pb_text _builder_version=&#8221;4.27.4&#8243; _module_preset=&#8221;default&#8221; header_3_font=&#8221;Playfair Display||||||||&#8221; header_3_text_align=&#8221;center&#8221; header_3_text_color=&#8221;#191919&#8243; header_3_font_size=&#8221;50px&#8221; header_3_line_height=&#8221;1.3em&#8221; max_width=&#8221;900px&#8221; module_alignment=&#8221;center&#8221; custom_margin_tablet=&#8221;-10px||||false|false&#8221; custom_margin_phone=&#8221;-10px||||false|false&#8221; custom_margin_last_edited=&#8221;on|phone&#8221; header_3_font_size_tablet=&#8221;&#8221; header_3_font_size_phone=&#8221;35px&#8221; header_3_font_size_last_edited=&#8221;on|phone&#8221; global_colors_info=&#8221;{}&#8221;]<\/p>\n<h3>Hotel Ca&#8217; Alvise &#8211; Loca\u021bie central\u0103 \u00een Vene\u021bia<\/h3>\n<p>[\/et_pb_text][et_pb_text _builder_version=&#8221;4.27.4&#8243; _module_preset=&#8221;default&#8221; text_font=&#8221;|300|||||||&#8221; text_text_color=&#8221;#666666&#8243; text_orientation=&#8221;center&#8221; max_width=&#8221;1000px&#8221; module_alignment=&#8221;center&#8221; custom_margin=&#8221;-5px||||false|false&#8221; custom_margin_tablet=&#8221;-15px||||false|false&#8221; custom_margin_phone=&#8221;-15px||||false|false&#8221; custom_margin_last_edited=&#8221;on|phone&#8221; global_colors_info=&#8221;{}&#8221;]<\/p>\n<h1>Contact Hotel Ca&#8217; Alvise<\/h1>\n<p style=\"text-align: left;\">Situat \u00een inima Vene\u021biei, la doar 20 de metri de faimosul <a href=\"https:\/\/en.wikipedia.org\/wiki\/Teatro_La_Fenice\" target=\"_blank\" rel=\"noopener\"><strong>Teatro La Fenice<\/strong><\/a>, <strong>Hotelul Ca&#8217; Alvise<\/strong> se afl\u0103 la numai 200 de metri de <a href=\"https:\/\/www.hotelsinvenice.com\/san-marco\/?lang=en\" target=\"_blank\" rel=\"noopener\"><strong>Pia\u021ba San Marco<\/strong><\/a>. O scurt\u0103 plimbare pe aleile fermec\u0103toare ale Vene\u021biei v\u0103 va duce la frumosul <a href=\"https:\/\/www.venetianquest.com\/grand-canal-venice\/\" target=\"_blank\" rel=\"noopener\"><strong>Canal Grand<\/strong><\/a>. Numeroasele autobuze pe ap\u0103 situate de-a lungul canalului v\u0103 permit s\u0103 ajunge\u021bi u\u0219or la gar\u0103, \u00een alte zone din Vene\u021bia \u0219i pe insulele din jur.  <\/p>\n<p style=\"text-align: left;\">La doar c\u00e2\u021biva pa\u0219i de <a href=\"https:\/\/www.hotelsinvenice.com\/san-marco\/?lang=en\" target=\"_blank\" rel=\"noopener\"><strong>Pia\u021ba San Marco<\/strong><\/a> \u0219i la 50 de metri de <a href=\"https:\/\/en.wikipedia.org\/wiki\/Teatro_La_Fenice\" target=\"_blank\" rel=\"noopener\"><strong>Teatro La Fenice<\/strong><\/a>, Hotelul Ca&#8217; Alvise asigur\u0103 un sejur lini\u0219tit \u0219i relaxant \u00eentr-o zon\u0103 \u00eenc\u00e2nt\u0103toare din Vene\u021bia. Experimenta\u021bi ambian\u021ba istoric\u0103 a ora\u0219ului \u00een timp ce sunte\u021bi \u00eenconjurat de hanuri tradi\u021bionale \u0219i restaurante vene\u021biene tipice. Explorarea Vene\u021biei din aceast\u0103 loca\u021bie central\u0103 v\u0103 va permite s\u0103 \u00eei descoperi\u021bi secretele \u0219i col\u021burile ascunse.  <\/p>\n<p style=\"text-align: left;\">C\u00e2\u021biva pa\u0219i de-a lungul celei mai faimoase promenade din Vene\u021bia v\u0103 vor duce la situri emblematice precum <a href=\"https:\/\/www.basilicasanmarco.it\/?lang=en\" target=\"_blank\" rel=\"noopener\"><strong>Bazilica San Marco<\/strong><\/a>, <a href=\"https:\/\/www.hotelsinvenice.com\/san-marco\/?lang=en\" target=\"_blank\" rel=\"noopener\"><strong>Palatul Dogilor<\/strong><\/a>, <a href=\"https:\/\/www.hotelsinvenice.com\/san-marco\/\" target=\"_blank\" rel=\"noopener\"><strong>Podul Rialto<\/strong><\/a>, capodoperele <a href=\"https:\/\/www.chiesasanzaccaria.org\/\" target=\"_blank\" rel=\"noopener\"><strong>Bisericii San Zaccaria<\/strong><\/a> sau <a href=\"https:\/\/www.gallerieaccademia.it\/en\" target=\"_blank\" rel=\"noopener\"><strong>Gallerie dell&#8217;Accademia<\/strong><\/a>.<\/p>\n<h2 style=\"text-align: left;\">Cum s\u0103 ajunge\u021bi la noi<\/h2>\n<h3 style=\"text-align: left;\">Cu avionul:<\/h3>\n<p style=\"text-align: left;\"><strong>De la Aeroportul \u201eMarco Polo\u201d din Vene\u021bia (13 km):<\/strong><\/p>\n<ul style=\"text-align: left;\">\n<li><strong>Pe ap\u0103<\/strong>: Lua\u021bi naveta de la aeroport p\u00e2n\u0103 la doc, unde v\u0103 pute\u021bi \u00eembarca \u00eentr-un <a href=\"https:\/\/www.hotelsinvenice.com\/venice\/?lang=en\" target=\"_blank\" rel=\"noopener\"><strong>taxi pe ap\u0103<\/strong><\/a> privat direct la hotel, \u00een aproximativ 40 de minute, sau \u00eentr-un vas Alilaguna p\u00e2n\u0103 la San Marco.<\/li>\n<li><strong>Pe uscat<\/strong>: Lua\u021bi naveta ATVO p\u00e2n\u0103 la Vene\u021bia &#8211; Piazzale Roma, apoi continua\u021bi cu un taxi pe ap\u0103 privat care v\u0103 duce direct la hotel \u00een 15 minute, sau folosi\u021bi autobuzele publice pe ap\u0103 pe liniile 1 \u0219i 2, care ajung \u00een San Marco \u00een 15 minute. De acolo, este o plimbare de 15 minute p\u00e2n\u0103 la hotel. <\/li>\n<\/ul>\n<p style=\"text-align: left;\"><strong>De la Aeroportul \u201eAntonio Canova\u201d din Treviso (30 km):<\/strong><\/p>\n<ul style=\"text-align: left;\">\n<li>Lua\u021bi naveta ATVO Eurobus p\u00e2n\u0103 la Vene\u021bia &#8211; Piazzale Roma, apoi continua\u021bi cu un <a href=\"https:\/\/www.hotelsinvenice.com\/venice\/?lang=en\" target=\"_blank\" rel=\"noopener\"><strong>taxi pe ap\u0103<\/strong><\/a> privat care v\u0103 duce direct la hotel \u00een 15 minute, sau cu autobuzele publice pe ap\u0103 (liniile 1 \u0219i 2) care ajung \u00een San Marco Calle Vallaresso \u00een 15 minute. De acolo, este o plimbare de 15 minute p\u00e2n\u0103 la hotel. <\/li>\n<\/ul>\n<h3 style=\"text-align: left;\">Cu trenul:<\/h3>\n<ul style=\"text-align: left;\">\n<li>De pe malul m\u0103rii, \u00een fa\u021ba <a href=\"https:\/\/www.trenitalia.com\/en.html\" target=\"_blank\" rel=\"noopener\"><strong>g\u0103rii Vene\u021bia Santa Lucia<\/strong><\/a>, sunt disponibile at\u00e2t taxiuri <a href=\"https:\/\/www.hotelsinvenice.com\/venice\/?lang=en\" target=\"_blank\" rel=\"noopener\"><strong>pe ap\u0103<\/strong><\/a> private, care ajung \u00een fa\u021ba hotelului Ca&#8217; Alvise \u00een 15 minute, c\u00e2t \u0219i autobuze publice pe ap\u0103 pe liniile 1 \u0219i 2, care ajung \u00een San Marco Calle Vallaresso \u00een 15 minute. De acolo, p\u00e2n\u0103 la hotel sunt 15 minute de mers pe jos. <\/li>\n<\/ul>\n<h3 style=\"text-align: left;\">Cu ma\u0219ina:<\/h3>\n<ul style=\"text-align: left;\">\n<li>Urma\u021bi indicatoarele c\u0103tre Vene\u021bia. Parca\u021bi ma\u0219ina \u00een parcarea Tronchetto (la dreapta dup\u0103 podul lung care leag\u0103 Vene\u021bia de continent) sau la Piazzale Roma, terminalul auto. Apoi lua\u021bi un <a href=\"https:\/\/www.hotelsinvenice.com\/venice\/?lang=en\" target=\"_blank\" rel=\"noopener\"><strong>taxi pe ap\u0103<\/strong><\/a> privat, care v\u0103 va duce direct la hotel \u00een aproximativ 20 de minute, sau folosi\u021bi autobuzele publice pe ap\u0103 pe liniile 1 \u0219i 2 p\u00e2n\u0103 la San Marco Calle Vallaresso. Cobor\u00e2\u021bi dup\u0103 15-20 de minute la San Marco Calle Vallaresso \u0219i merge\u021bi pe jos timp de 10 minute pentru a ajunge la hotel.   <\/li>\n<\/ul>\n<h3 style=\"text-align: left;\">Informa\u021bii suplimentare<\/h3>\n<p style=\"text-align: left;\">Suntem situa\u021bi \u00een centrul Vene\u021biei, la numai 200 de metri de <a href=\"https:\/\/www.hotelsinvenice.com\/san-marco\/?lang=en\" target=\"_blank\" rel=\"noopener\"><strong>Pia\u021ba San Marco<\/strong><\/a>. Un taxi v\u0103 poate duce direct la hotel. Un <strong>serviciu gratuit de depozitare a bagajelor<\/strong> este disponibil pentru confortul dumneavoastr\u0103.  <\/p>\n<p>&nbsp;<\/p>\n<p>[\/et_pb_text][\/et_pb_column][\/et_pb_row][\/et_pb_section][et_pb_section fb_built=&#8221;1&#8243; fullwidth=&#8221;on&#8221; _builder_version=&#8221;4.27.4&#8243; _module_preset=&#8221;default&#8221; global_colors_info=&#8221;{}&#8221;][et_pb_fullwidth_map address=&#8221;Calle de la Verona, 3673, 30124 Venezia VE, Italia&#8221; address_lat=&#8221;45.4344997&#8243; address_lng=&#8221;12.3334278&#8243; _builder_version=&#8221;4.27.4&#8243; _module_preset=&#8221;default&#8221; global_colors_info=&#8221;{}&#8221;][et_pb_map_pin _builder_version=&#8221;4.27.4&#8243; _module_preset=&#8221;default&#8221; global_colors_info=&#8221;{}&#8221;][\/et_pb_map_pin][et_pb_map_pin pin_address=&#8221;Calle de la Verona, 3673, 30124 Venezia VE, Italia&#8221; pin_address_lat=&#8221;45.4344282&#8243; pin_address_lng=&#8221;12.3334455&#8243; _builder_version=&#8221;4.27.4&#8243; _module_preset=&#8221;default&#8221; global_colors_info=&#8221;{}&#8221;][\/et_pb_map_pin][\/et_pb_fullwidth_map][\/et_pb_section][et_pb_section fb_built=&#8221;1&#8243; _builder_version=&#8221;4.16&#8243; _module_preset=&#8221;default&#8221; background_color=&#8221;#191919&#8243; custom_padding=&#8221;60px||60px||true|false&#8221; animation_style=&#8221;slide&#8221; animation_direction=&#8221;bottom&#8221; animation_duration=&#8221;1500ms&#8221; animation_delay=&#8221;500ms&#8221; global_colors_info=&#8221;{}&#8221;][et_pb_row column_structure=&#8221;2_3,1_3&#8243; use_custom_gutter=&#8221;on&#8221; gutter_width=&#8221;2&#8243; make_equal=&#8221;on&#8221; _builder_version=&#8221;4.16&#8243; _module_preset=&#8221;default&#8221; width=&#8221;90%&#8221; width_tablet=&#8221;90%&#8221; width_phone=&#8221;90%&#8221; width_last_edited=&#8221;on|tablet&#8221; max_width=&#8221;1170px&#8221; max_width_tablet=&#8221;90%&#8221; max_width_phone=&#8221;90%&#8221; max_width_last_edited=&#8221;on|desktop&#8221; custom_padding=&#8221;0px||3px||false|false&#8221; global_colors_info=&#8221;{}&#8221;][et_pb_column type=&#8221;2_3&#8243; _builder_version=&#8221;4.16&#8243; _module_preset=&#8221;default&#8221; global_colors_info=&#8221;{}&#8221;][et_pb_text _builder_version=&#8221;4.27.4&#8243; _module_preset=&#8221;default&#8221; text_font=&#8221;Playfair Display||||||||&#8221; text_text_color=&#8221;#ffffff&#8221; text_font_size=&#8221;35px&#8221; text_line_height=&#8221;1.4em&#8221; max_width=&#8221;482px&#8221; module_alignment=&#8221;left&#8221; link_option_url=&#8221;https:\/\/reservation.caalvise.com\/book\/home\/index?layout=13311&#038;lang=en&#038;currency=EUR&#038;nsid=5d410b1e-73be-4ac0-9ba3-2d531770ca77&#8243; link_option_url_new_window=&#8221;on&#8221; global_colors_info=&#8221;{}&#8221;]<\/p>\n<p>Hotel Ca&#8217; Alvise<\/p>\n<p>[\/et_pb_text][\/et_pb_column][et_pb_column type=&#8221;1_3&#8243; _builder_version=&#8221;4.16&#8243; _module_preset=&#8221;default&#8221; global_colors_info=&#8221;{}&#8221;][et_pb_button button_text=&#8221;Rezerv\u0103&#8221; button_alignment=&#8221;right&#8221; _builder_version=&#8221;4.27.4&#8243; _module_preset=&#8221;default&#8221; custom_button=&#8221;on&#8221; button_text_size=&#8221;16px&#8221; button_text_color=&#8221;#ffffff&#8221; button_bg_color=&#8221;rgba(0,0,0,0)&#8221; button_border_width=&#8221;2px&#8221; button_border_color=&#8221;#ffffff&#8221; button_border_radius=&#8221;0px&#8221; button_letter_spacing=&#8221;1px&#8221; button_font=&#8221;Oswald||||||||&#8221; button_use_icon=&#8221;off&#8221; custom_margin=&#8221;20px||||false|false&#8221; custom_padding=&#8221;15px|50px|15px|50px|true|true&#8221; global_colors_info=&#8221;{}&#8221; button_text_color__hover_enabled=&#8221;on|hover&#8221; button_text_color__hover=&#8221;#ffffff&#8221; button_bg_color__hover_enabled=&#8221;on|desktop&#8221; button_bg_color__hover=&#8221;#3165d9&#8243; button_bg_enable_color__hover=&#8221;on&#8221; button_border_color__hover_enabled=&#8221;on|desktop&#8221; button_border_color__hover=&#8221;#3165d9&#8243; button_letter_spacing__hover_enabled=&#8221;on|hover&#8221; button_letter_spacing__hover=&#8221;1px&#8221;][\/et_pb_button][\/et_pb_column][\/et_pb_row][\/et_pb_section]<\/p>\n","protected":false},"excerpt":{"rendered":"<p>Hotel Ca&#8217; AlviseHotel de 4 stele \u00een Vene\u021biaSituat \u00een centrul Vene\u021bieiHotel Ca&#8217; Alvise &#8211; Loca\u021bie central\u0103 \u00een Vene\u021biaContact Hotel Ca&#8217; Alvise Situat \u00een inima Vene\u021biei, la doar 20 de metri de faimosul Teatro La Fenice, Hotelul Ca&#8217; Alvise se afl\u0103 la numai 200 de metri de Pia\u021ba San Marco. O scurt\u0103 plimbare pe aleile fermec\u0103toare [&hellip;]<\/p>\n","protected":false},"author":1,"featured_media":0,"parent":0,"menu_order":0,"comment_status":"closed","ping_status":"closed","template":"","meta":{"_et_pb_use_builder":"on","_et_pb_old_content":"","_et_gb_content_width":"","footnotes":""},"class_list":["post-88075","page","type-page","status-publish","hentry"],"_links":{"self":[{"href":"https:\/\/caalvise.com\/ro\/wp-json\/wp\/v2\/pages\/88075","targetHints":{"allow":["GET"]}}],"collection":[{"href":"https:\/\/caalvise.com\/ro\/wp-json\/wp\/v2\/pages"}],"about":[{"href":"https:\/\/caalvise.com\/ro\/wp-json\/wp\/v2\/types\/page"}],"author":[{"embeddable":true,"href":"https:\/\/caalvise.com\/ro\/wp-json\/wp\/v2\/users\/1"}],"replies":[{"embeddable":true,"href":"https:\/\/caalvise.com\/ro\/wp-json\/wp\/v2\/comments?post=88075"}],"version-history":[{"count":7,"href":"https:\/\/caalvise.com\/ro\/wp-json\/wp\/v2\/pages\/88075\/revisions"}],"predecessor-version":[{"id":88194,"href":"https:\/\/caalvise.com\/ro\/wp-json\/wp\/v2\/pages\/88075\/revisions\/88194"}],"wp:attachment":[{"href":"https:\/\/caalvise.com\/ro\/wp-json\/wp\/v2\/media?parent=88075"}],"curies":[{"name":"wp","href":"https:\/\/api.w.org\/{rel}","templated":true}]}}