{"id":87985,"date":"2025-04-20T05:16:15","date_gmt":"2025-04-20T05:16:15","guid":{"rendered":"https:\/\/caalvise.com\/iletisim\/"},"modified":"2025-06-07T12:07:08","modified_gmt":"2025-06-07T12:07:08","slug":"iletisim","status":"publish","type":"page","link":"https:\/\/caalvise.com\/tr\/iletisim\/","title":{"rendered":"\u0130leti\u015fim"},"content":{"rendered":"<p>[et_pb_section fb_built=&#8221;1&#8243; custom_padding_last_edited=&#8221;on|phone&#8221; _builder_version=&#8221;4.27.4&#8243; _module_preset=&#8221;default&#8221; use_background_color_gradient=&#8221;on&#8221; background_color_gradient_stops=&#8221;rgba(0,0,0,0.31) 0%|rgba(0,0,0,0.28) 100%&#8221; background_color_gradient_overlays_image=&#8221;on&#8221; background_color_gradient_start=&#8221;rgba(0,0,0,0.31)&#8221; background_color_gradient_end=&#8221;rgba(0,0,0,0.28)&#8221; background_image=&#8221;https:\/\/caalvise.com\/wp-content\/uploads\/2025\/04\/hotel-ca-alvise-venezia-69.jpg&#8221; custom_padding=&#8221;31vh||31vh||true|false&#8221; custom_padding_tablet=&#8221;15vh||15vh||true|false&#8221; custom_padding_phone=&#8221;15vh||15vh||true|false&#8221; global_colors_info=&#8221;{}&#8221;][et_pb_row use_custom_gutter=&#8221;on&#8221; gutter_width=&#8221;2&#8243; make_equal=&#8221;on&#8221; _builder_version=&#8221;4.16&#8243; _module_preset=&#8221;default&#8221; width=&#8221;90%&#8221; width_tablet=&#8221;90%&#8221; width_phone=&#8221;90%&#8221; width_last_edited=&#8221;on|tablet&#8221; max_width=&#8221;1170px&#8221; max_width_tablet=&#8221;90%&#8221; max_width_phone=&#8221;90%&#8221; max_width_last_edited=&#8221;on|desktop&#8221; custom_padding=&#8221;0px||12px||false|false&#8221; animation_style=&#8221;slide&#8221; animation_duration=&#8221;1500ms&#8221; global_colors_info=&#8221;{}&#8221;][et_pb_column type=&#8221;4_4&#8243; _builder_version=&#8221;4.16&#8243; _module_preset=&#8221;default&#8221; global_colors_info=&#8221;{}&#8221;][et_pb_text _builder_version=&#8221;4.27.4&#8243; _module_preset=&#8221;default&#8221; header_font=&#8221;Playfair Display|||on|||||&#8221; header_text_align=&#8221;center&#8221; header_text_color=&#8221;#ffffff&#8221; header_font_size=&#8221;80px&#8221; header_letter_spacing=&#8221;1px&#8221; header_font_size_tablet=&#8221;&#8221; header_font_size_phone=&#8221;40px&#8221; header_font_size_last_edited=&#8221;on|phone&#8221; header_line_height_tablet=&#8221;&#8221; header_line_height_phone=&#8221;1.2em&#8221; header_line_height_last_edited=&#8221;on|phone&#8221; global_colors_info=&#8221;{}&#8221;]<\/p>\n<h1>Hotel Ca&#8217; Alvise<\/h1>\n<p>[\/et_pb_text][et_pb_text _builder_version=&#8221;4.27.4&#8243; _module_preset=&#8221;default&#8221; text_font=&#8221;Playfair Display|||on|||||&#8221; text_text_color=&#8221;#ffffff&#8221; text_font_size=&#8221;24px&#8221; text_letter_spacing=&#8221;5px&#8221; text_line_height=&#8221;1em&#8221; text_orientation=&#8221;center&#8221; custom_margin=&#8221;-5px||||false|false&#8221; custom_margin_tablet=&#8221;-15px||||false|false&#8221; custom_margin_phone=&#8221;-15px||||false|false&#8221; custom_margin_last_edited=&#8221;on|phone&#8221; text_font_size_tablet=&#8221;&#8221; text_font_size_phone=&#8221;20px&#8221; text_font_size_last_edited=&#8221;on|phone&#8221; text_line_height_tablet=&#8221;&#8221; text_line_height_phone=&#8221;1.2em&#8221; text_line_height_last_edited=&#8221;on|phone&#8221; global_colors_info=&#8221;{}&#8221;]<\/p>\n<p>Venedik 4 y\u0131ld\u0131zl\u0131 otel<\/p>\n<p>[\/et_pb_text][et_pb_divider color=&#8221;#ffffff&#8221; _builder_version=&#8221;4.16&#8243; _module_preset=&#8221;default&#8221; max_width=&#8221;180px&#8221; module_alignment=&#8221;center&#8221; custom_margin=&#8221;25px||||false|false&#8221; global_colors_info=&#8221;{}&#8221;][\/et_pb_divider][et_pb_text _builder_version=&#8221;4.27.4&#8243; _module_preset=&#8221;default&#8221; text_font=&#8221;Be Vietnam||||||||&#8221; text_text_color=&#8221;#ffffff&#8221; text_font_size=&#8221;20px&#8221; text_line_height=&#8221;1.8em&#8221; text_orientation=&#8221;center&#8221; max_width=&#8221;753px&#8221; module_alignment=&#8221;center&#8221; custom_margin=&#8221;-5px||||false|false&#8221; text_font_size_tablet=&#8221;&#8221; text_font_size_phone=&#8221;16px&#8221; text_font_size_last_edited=&#8221;on|phone&#8221; global_colors_info=&#8221;{}&#8221;]<\/p>\n<p>Venedik&#8217;in merkezinde yer almaktad\u0131r<\/p>\n<p>[\/et_pb_text][et_pb_button button_url=&#8221;https:\/\/reservation.caalvise.com\/book\/home\/index?layout=13311&#038;lang=en&#038;currency=EUR&#038;nsid=5d410b1e-73be-4ac0-9ba3-2d531770ca77&#038;_gl=1*1523r31*_ga*MTkyMjQwNDg3LjE3Mzc5Nzc3MTA.*_ga_N4T2YZDXYF*MTc0NjM0OTQ2MS4yMC4xLjE3NDYzNDk1ODUuMC4wLjA.&#8221; url_new_window=&#8221;on&#8221; button_text=&#8221;Rezervasyon&#8221; button_alignment=&#8221;center&#8221; _builder_version=&#8221;4.27.4&#8243; _module_preset=&#8221;default&#8221; custom_button=&#8221;on&#8221; button_text_size=&#8221;16px&#8221; button_text_color=&#8221;#ffffff&#8221; button_bg_color=&#8221;#3165d9&#8243; button_border_width=&#8221;0px&#8221; button_border_color=&#8221;#3165d9&#8243; button_border_radius=&#8221;0px&#8221; button_letter_spacing=&#8221;1px&#8221; button_font=&#8221;Oswald||||||||&#8221; button_use_icon=&#8221;off&#8221; custom_margin=&#8221;40px||||false|false&#8221; custom_padding=&#8221;15px|50px|15px|50px|true|true&#8221; global_colors_info=&#8221;{}&#8221; button_text_color__hover_enabled=&#8221;on|hover&#8221; button_text_color__hover=&#8221;#000000&#8243; button_bg_color__hover_enabled=&#8221;on|hover&#8221; button_bg_color__hover=&#8221;#ffffff&#8221; button_bg_enable_color__hover=&#8221;on&#8221; button_border_color__hover_enabled=&#8221;on|hover&#8221; button_border_color__hover=&#8221;#ffffff&#8221; button_letter_spacing__hover_enabled=&#8221;on|desktop&#8221; button_letter_spacing__hover=&#8221;1px&#8221;][\/et_pb_button][\/et_pb_column][\/et_pb_row][\/et_pb_section][et_pb_section fb_built=&#8221;1&#8243; _builder_version=&#8221;4.16&#8243; _module_preset=&#8221;default&#8221; custom_padding=&#8221;180px||0px||false|false&#8221; global_colors_info=&#8221;{}&#8221;][et_pb_row use_custom_gutter=&#8221;on&#8221; gutter_width=&#8221;2&#8243; make_equal=&#8221;on&#8221; _builder_version=&#8221;4.16&#8243; _module_preset=&#8221;default&#8221; width=&#8221;90%&#8221; width_tablet=&#8221;90%&#8221; width_phone=&#8221;90%&#8221; width_last_edited=&#8221;on|tablet&#8221; max_width=&#8221;1170px&#8221; max_width_tablet=&#8221;90%&#8221; max_width_phone=&#8221;90%&#8221; max_width_last_edited=&#8221;on|desktop&#8221; custom_padding=&#8221;0px||0px||true|&#8221; animation_style=&#8221;fade&#8221; animation_delay=&#8221;500ms&#8221; global_colors_info=&#8221;{}&#8221;][et_pb_column type=&#8221;4_4&#8243; _builder_version=&#8221;4.16&#8243; _module_preset=&#8221;default&#8221; global_colors_info=&#8221;{}&#8221;][et_pb_text _builder_version=&#8221;4.27.4&#8243; _module_preset=&#8221;default&#8221; header_3_font=&#8221;Playfair Display||||||||&#8221; header_3_text_align=&#8221;center&#8221; header_3_text_color=&#8221;#191919&#8243; header_3_font_size=&#8221;50px&#8221; header_3_line_height=&#8221;1.3em&#8221; max_width=&#8221;900px&#8221; module_alignment=&#8221;center&#8221; custom_margin_tablet=&#8221;-10px||||false|false&#8221; custom_margin_phone=&#8221;-10px||||false|false&#8221; custom_margin_last_edited=&#8221;on|phone&#8221; header_3_font_size_tablet=&#8221;&#8221; header_3_font_size_phone=&#8221;35px&#8221; header_3_font_size_last_edited=&#8221;on|phone&#8221; global_colors_info=&#8221;{}&#8221;]<\/p>\n<h3>Hotel Ca \u201cAlvise &#8211; Venedik\u201d te Merkezi Konum<\/h3>\n<p>[\/et_pb_text][et_pb_text _builder_version=&#8221;4.27.4&#8243; _module_preset=&#8221;default&#8221; text_font=&#8221;|300|||||||&#8221; text_text_color=&#8221;#666666&#8243; text_orientation=&#8221;center&#8221; max_width=&#8221;1000px&#8221; module_alignment=&#8221;center&#8221; custom_margin=&#8221;-5px||||false|false&#8221; custom_margin_tablet=&#8221;-15px||||false|false&#8221; custom_margin_phone=&#8221;-15px||||false|false&#8221; custom_margin_last_edited=&#8221;on|phone&#8221; global_colors_info=&#8221;{}&#8221;]<\/p>\n<h1>\u0130leti\u015fim Hotel Ca&#8217; Alvise<\/h1>\n<p style=\"text-align: left;\">Venedik&#8217;in kalbinde, \u00fcnl\u00fc <a href=\"https:\/\/en.wikipedia.org\/wiki\/Teatro_La_Fenice\" target=\"_blank\" rel=\"noopener\"><strong>Teatro La Fenice<\/strong><\/a>&#8216;ye sadece 20 metre mesafede yer alan <strong>Hotel Ca&#8217; Alvise<\/strong>, <a href=\"https:\/\/www.hotelsinvenice.com\/san-marco\/?lang=en\" target=\"_blank\" rel=\"noopener\"><strong>San Marco Meydan\u0131&#8217;na<\/strong><\/a> sadece 200 metre uzakl\u0131ktad\u0131r. Venedik&#8217;in b\u00fcy\u00fcleyici sokaklar\u0131nda k\u0131sa bir y\u00fcr\u00fcy\u00fc\u015f sizi g\u00fczel <a href=\"https:\/\/www.venetianquest.com\/grand-canal-venice\/\" target=\"_blank\" rel=\"noopener\"><strong>B\u00fcy\u00fck Kanal&#8217;<\/strong><\/a>a g\u00f6t\u00fcrecektir. Kanal boyunca yer alan \u00e7ok say\u0131da deniz otob\u00fcs\u00fc tren istasyonuna, Venedik&#8217;in di\u011fer b\u00f6lgelerine ve \u00e7evredeki adalara ula\u015f\u0131m\u0131 kolayla\u015ft\u0131rmaktad\u0131r.  <\/p>\n<p style=\"text-align: left;\"><a href=\"https:\/\/www.hotelsinvenice.com\/san-marco\/?lang=en\" target=\"_blank\" rel=\"noopener\"><strong>San Marco Meydan\u0131&#8217;<\/strong><\/a> na sadece birka\u00e7 ad\u0131m ve <a href=\"https:\/\/en.wikipedia.org\/wiki\/Teatro_La_Fenice\" target=\"_blank\" rel=\"noopener\"><strong>Teatro La Fenice<\/strong><\/a>&#8216;ye 50 metre mesafede yer alan Hotel Ca&#8217; Alvise, Venedik&#8217;in keyifli bir b\u00f6lgesinde huzurlu ve dinlendirici bir konaklama imkan\u0131 sunmaktad\u0131r. Geleneksel hanlar ve tipik Venedik restoranlar\u0131yla \u00e7evriliyken \u015fehrin tarihi ambiyans\u0131n\u0131 deneyimleyin. Venedik&#8217;i bu merkezi konumdan ke\u015ffetmek, \u015fehrin s\u0131rlar\u0131n\u0131 ve gizli k\u00f6\u015felerini ke\u015ffetmenizi sa\u011flayacakt\u0131r.  <\/p>\n<p style=\"text-align: left;\">Venedik&#8217;in en \u00fcnl\u00fc gezinti yolu boyunca ataca\u011f\u0131n\u0131z birka\u00e7 ad\u0131m sizi <a href=\"https:\/\/www.chiesasanzaccaria.org\/\" target=\"_blank\" rel=\"noopener\"><strong>San<\/strong><\/a> <a href=\"https:\/\/www.basilicasanmarco.it\/?lang=en\" target=\"_blank\" rel=\"noopener\"><strong>Marco Bazilikas\u0131<\/strong><\/a>, <a href=\"https:\/\/www.hotelsinvenice.com\/san-marco\/?lang=en\" target=\"_blank\" rel=\"noopener\"><strong>Doge Saray\u0131<\/strong><\/a>, <a href=\"https:\/\/www.hotelsinvenice.com\/san-marco\/\" target=\"_blank\" rel=\"noopener\"><strong>Rialto K\u00f6pr\u00fcs\u00fc<\/strong><\/a>, San Zaccaria Kilisesi&#8217;nin ba\u015fyap\u0131tlar\u0131 veya <a href=\"https:\/\/www.gallerieaccademia.it\/en\" target=\"_blank\" rel=\"noopener\"><strong>Gallerie dell&#8217;Accademia<\/strong><\/a> gibi ikonik yerlere g\u00f6t\u00fcrecektir.<\/p>\n<h2 style=\"text-align: left;\">Bize Nas\u0131l Ula\u015fabilirsiniz<\/h2>\n<h3 style=\"text-align: left;\">Hava yoluyla:<\/h3>\n<p style=\"text-align: left;\"><strong>Venedik &#8220;Marco Polo&#8221; Havaliman\u0131&#8217;ndan (13 km):<\/strong><\/p>\n<ul style=\"text-align: left;\">\n<li><strong>Su<\/strong> Yoluyla: Havaalan\u0131 servisiyle yakla\u015f\u0131k 40 dakika i\u00e7inde do\u011frudan otele giden \u00f6zel bir <a href=\"https:\/\/www.hotelsinvenice.com\/venice\/?lang=en\" target=\"_blank\" rel=\"noopener\"><strong>su taksisine<\/strong><\/a> veya San Marco&#8217;ya giden Alilaguna teknesine binebilece\u011finiz iskeleye gidin.<\/li>\n<li><strong>Kara yoluyla<\/strong>: ATVO servisiyle Venedik &#8211; Piazzale Roma \u201cya gidin, ard\u0131ndan sizi 15 dakika i\u00e7inde do\u011frudan otele getiren \u00f6zel bir su taksisiyle devam edin veya 15 dakika i\u00e7inde San Marco\u201d ya varan 1 ve 2 numaral\u0131 hatlardaki halk su otob\u00fcslerini kullan\u0131n. Oradan otele 15 dakikal\u0131k bir y\u00fcr\u00fcy\u00fc\u015fle ula\u015fabilirsiniz. <\/li>\n<\/ul>\n<p style=\"text-align: left;\"><strong>Treviso &#8220;Antonio Canova&#8221; Havaliman\u0131&#8217;ndan (30 km):<\/strong><\/p>\n<ul style=\"text-align: left;\">\n<li>ATVO Eurobus servisiyle Venedik &#8211; Piazzale Roma \u201cya gidin, ard\u0131ndan sizi 15 dakikada do\u011frudan otele ula\u015ft\u0131ran \u00f6zel bir <a href=\"https:\/\/www.hotelsinvenice.com\/venice\/?lang=en\" target=\"_blank\" rel=\"noopener\"><strong>su taksisiyle<\/strong><\/a> veya San Marco Calle Vallaresso\u201d ya 15 dakikada varan halk su otob\u00fcsleriyle (hat 1 ve 2) devam edin. Oradan otele 15 dakikal\u0131k bir y\u00fcr\u00fcy\u00fc\u015fle ula\u015fabilirsiniz. <\/li>\n<\/ul>\n<h3 style=\"text-align: left;\">Tren ile:<\/h3>\n<ul style=\"text-align: left;\">\n<li><a href=\"https:\/\/www.trenitalia.com\/en.html\" target=\"_blank\" rel=\"noopener\"><strong>Venedik Santa Lucia Tren \u0130stasyonu<\/strong><\/a>\u201cnun \u00f6n\u00fcndeki sahilden, Hotel Ca\u201d Alvise \u201cnin \u00f6n\u00fcne 15 dakikada varan \u00f6zel <a href=\"https:\/\/www.hotelsinvenice.com\/venice\/?lang=en\" target=\"_blank\" rel=\"noopener\"><strong>su taksileri<\/strong><\/a> ve San Marco Calle Vallaresso\u201d ya 15 dakikada ula\u015fan 1. ve 2. hatlardaki halk su otob\u00fcsleri mevcuttur. Oradan otele 15 dakikal\u0131k bir y\u00fcr\u00fcy\u00fc\u015fle ula\u015fabilirsiniz. <\/li>\n<\/ul>\n<h3 style=\"text-align: left;\">Araba ile:<\/h3>\n<ul style=\"text-align: left;\">\n<li>Venedik tabelalar\u0131n\u0131 takip edin. Arac\u0131n\u0131z\u0131 Tronchetto otopark\u0131na (Venedik \u201ci anakaraya ba\u011flayan uzun k\u00f6pr\u00fcden sonra sa\u011fda) veya araba terminali Piazzale Roma\u201d ya park edin. Daha sonra sizi yakla\u015f\u0131k 20 dakika i\u00e7inde do\u011frudan otele getirecek olan \u00f6zel bir <a href=\"https:\/\/www.hotelsinvenice.com\/venice\/?lang=en\" target=\"_blank\" rel=\"noopener\"><strong>su taksisine<\/strong><\/a> binin veya San Marco Calle Vallaresso \u201cya giden 1 ve 2 numaral\u0131 hatlardaki halk su otob\u00fcslerini kullan\u0131n. San Marco Calle Vallaresso\u201d da 15-20 dakika sonra inin ve otele ula\u015fmak i\u00e7in 10 dakika y\u00fcr\u00fcy\u00fcn.   <\/li>\n<\/ul>\n<h3 style=\"text-align: left;\">Ek Bilgi<\/h3>\n<p style=\"text-align: left;\">Venedik \u201cin merkezinde, <a href=\"https:\/\/www.hotelsinvenice.com\/san-marco\/?lang=en\" target=\"_blank\" rel=\"noopener\"><strong>San Marco Meydan\u0131\u201d na<\/strong><\/a> sadece 200 metre mesafede yer almaktay\u0131z. Bir taksi sizi do\u011frudan otele g\u00f6t\u00fcrebilir. Rahat\u0131n\u0131z i\u00e7in <strong>\u00fccretsiz bagaj muhafazas\u0131 hizmetinden<\/strong> yararlanabilirsiniz.  <\/p>\n<p>&nbsp;<\/p>\n<p>[\/et_pb_text][\/et_pb_column][\/et_pb_row][\/et_pb_section][et_pb_section fb_built=&#8221;1&#8243; fullwidth=&#8221;on&#8221; _builder_version=&#8221;4.27.4&#8243; _module_preset=&#8221;default&#8221; global_colors_info=&#8221;{}&#8221;][et_pb_fullwidth_map address=&#8221;Calle de la Verona, 3673, 30124 Venezia VE, Italia&#8221; address_lat=&#8221;45.4344997&#8243; address_lng=&#8221;12.3334278&#8243; _builder_version=&#8221;4.27.4&#8243; _module_preset=&#8221;default&#8221; global_colors_info=&#8221;{}&#8221;][et_pb_map_pin _builder_version=&#8221;4.27.4&#8243; _module_preset=&#8221;default&#8221; global_colors_info=&#8221;{}&#8221;][\/et_pb_map_pin][et_pb_map_pin pin_address=&#8221;Calle de la Verona, 3673, 30124 Venezia VE, Italia&#8221; pin_address_lat=&#8221;45.4344282&#8243; pin_address_lng=&#8221;12.3334455&#8243; _builder_version=&#8221;4.27.4&#8243; _module_preset=&#8221;default&#8221; global_colors_info=&#8221;{}&#8221;][\/et_pb_map_pin][\/et_pb_fullwidth_map][\/et_pb_section][et_pb_section fb_built=&#8221;1&#8243; _builder_version=&#8221;4.16&#8243; _module_preset=&#8221;default&#8221; background_color=&#8221;#191919&#8243; custom_padding=&#8221;60px||60px||true|false&#8221; animation_style=&#8221;slide&#8221; animation_direction=&#8221;bottom&#8221; animation_duration=&#8221;1500ms&#8221; animation_delay=&#8221;500ms&#8221; global_colors_info=&#8221;{}&#8221;][et_pb_row column_structure=&#8221;2_3,1_3&#8243; use_custom_gutter=&#8221;on&#8221; gutter_width=&#8221;2&#8243; make_equal=&#8221;on&#8221; _builder_version=&#8221;4.16&#8243; _module_preset=&#8221;default&#8221; width=&#8221;90%&#8221; width_tablet=&#8221;90%&#8221; width_phone=&#8221;90%&#8221; width_last_edited=&#8221;on|tablet&#8221; max_width=&#8221;1170px&#8221; max_width_tablet=&#8221;90%&#8221; max_width_phone=&#8221;90%&#8221; max_width_last_edited=&#8221;on|desktop&#8221; custom_padding=&#8221;0px||3px||false|false&#8221; global_colors_info=&#8221;{}&#8221;][et_pb_column type=&#8221;2_3&#8243; _builder_version=&#8221;4.16&#8243; _module_preset=&#8221;default&#8221; global_colors_info=&#8221;{}&#8221;][et_pb_text _builder_version=&#8221;4.27.4&#8243; _module_preset=&#8221;default&#8221; text_font=&#8221;Playfair Display||||||||&#8221; text_text_color=&#8221;#ffffff&#8221; text_font_size=&#8221;35px&#8221; text_line_height=&#8221;1.4em&#8221; max_width=&#8221;482px&#8221; module_alignment=&#8221;left&#8221; link_option_url=&#8221;https:\/\/reservation.caalvise.com\/book\/home\/index?layout=13311&#038;lang=en&#038;currency=EUR&#038;nsid=5d410b1e-73be-4ac0-9ba3-2d531770ca77&#8243; link_option_url_new_window=&#8221;on&#8221; global_colors_info=&#8221;{}&#8221;]<\/p>\n<p>Hotel Ca&#8217; Alvise<\/p>\n<p>[\/et_pb_text][\/et_pb_column][et_pb_column type=&#8221;1_3&#8243; _builder_version=&#8221;4.16&#8243; _module_preset=&#8221;default&#8221; global_colors_info=&#8221;{}&#8221;][et_pb_button button_text=&#8221;Rezerv&#8221; button_alignment=&#8221;right&#8221; _builder_version=&#8221;4.27.4&#8243; _module_preset=&#8221;default&#8221; custom_button=&#8221;on&#8221; button_text_size=&#8221;16px&#8221; button_text_color=&#8221;#ffffff&#8221; button_bg_color=&#8221;rgba(0,0,0,0)&#8221; button_border_width=&#8221;2px&#8221; button_border_color=&#8221;#ffffff&#8221; button_border_radius=&#8221;0px&#8221; button_letter_spacing=&#8221;1px&#8221; button_font=&#8221;Oswald||||||||&#8221; button_use_icon=&#8221;off&#8221; custom_margin=&#8221;20px||||false|false&#8221; custom_padding=&#8221;15px|50px|15px|50px|true|true&#8221; global_colors_info=&#8221;{}&#8221; button_text_color__hover_enabled=&#8221;on|hover&#8221; button_text_color__hover=&#8221;#ffffff&#8221; button_bg_color__hover_enabled=&#8221;on|desktop&#8221; button_bg_color__hover=&#8221;#3165d9&#8243; button_bg_enable_color__hover=&#8221;on&#8221; button_border_color__hover_enabled=&#8221;on|desktop&#8221; button_border_color__hover=&#8221;#3165d9&#8243; button_letter_spacing__hover_enabled=&#8221;on|hover&#8221; button_letter_spacing__hover=&#8221;1px&#8221;][\/et_pb_button][\/et_pb_column][\/et_pb_row][\/et_pb_section]<\/p>\n","protected":false},"excerpt":{"rendered":"<p>Hotel Ca&#8217; AlviseVenedik 4 y\u0131ld\u0131zl\u0131 otelVenedik&#8217;in merkezinde yer almaktad\u0131rHotel Ca \u201cAlvise &#8211; Venedik\u201d te Merkezi Konum\u0130leti\u015fim Hotel Ca&#8217; Alvise Venedik&#8217;in kalbinde, \u00fcnl\u00fc Teatro La Fenice&#8217;ye sadece 20 metre mesafede yer alan Hotel Ca&#8217; Alvise, San Marco Meydan\u0131&#8217;na sadece 200 metre uzakl\u0131ktad\u0131r. Venedik&#8217;in b\u00fcy\u00fcleyici sokaklar\u0131nda k\u0131sa bir y\u00fcr\u00fcy\u00fc\u015f sizi g\u00fczel B\u00fcy\u00fck Kanal&#8217;a g\u00f6t\u00fcrecektir. Kanal boyunca yer [&hellip;]<\/p>\n","protected":false},"author":1,"featured_media":0,"parent":0,"menu_order":0,"comment_status":"closed","ping_status":"closed","template":"","meta":{"_et_pb_use_builder":"on","_et_pb_old_content":"","_et_gb_content_width":"","footnotes":""},"class_list":["post-87985","page","type-page","status-publish","hentry"],"_links":{"self":[{"href":"https:\/\/caalvise.com\/tr\/wp-json\/wp\/v2\/pages\/87985","targetHints":{"allow":["GET"]}}],"collection":[{"href":"https:\/\/caalvise.com\/tr\/wp-json\/wp\/v2\/pages"}],"about":[{"href":"https:\/\/caalvise.com\/tr\/wp-json\/wp\/v2\/types\/page"}],"author":[{"embeddable":true,"href":"https:\/\/caalvise.com\/tr\/wp-json\/wp\/v2\/users\/1"}],"replies":[{"embeddable":true,"href":"https:\/\/caalvise.com\/tr\/wp-json\/wp\/v2\/comments?post=87985"}],"version-history":[{"count":7,"href":"https:\/\/caalvise.com\/tr\/wp-json\/wp\/v2\/pages\/87985\/revisions"}],"predecessor-version":[{"id":88199,"href":"https:\/\/caalvise.com\/tr\/wp-json\/wp\/v2\/pages\/87985\/revisions\/88199"}],"wp:attachment":[{"href":"https:\/\/caalvise.com\/tr\/wp-json\/wp\/v2\/media?parent=87985"}],"curies":[{"name":"wp","href":"https:\/\/api.w.org\/{rel}","templated":true}]}}